{"id":7339,"date":"2026-02-18T11:59:12","date_gmt":"2026-02-18T10:59:12","guid":{"rendered":"https:\/\/czulent.pl\/about-us-why-we-act\/"},"modified":"2026-04-12T15:12:05","modified_gmt":"2026-04-12T13:12:05","slug":"about-us-why-we-act","status":"publish","type":"page","link":"https:\/\/czulent.pl\/en\/about-us-why-we-act\/","title":{"rendered":"About us \u2013 why we act"},"content":{"rendered":"\n<p><\/p>\n\n\n\n<div class=\"wp-block-columns is-layout-flex wp-container-core-columns-is-layout-c083321c wp-block-columns-is-layout-flex\" style=\"padding-top:0;padding-right:5vw;padding-bottom:10vh;padding-left:5vw\">\n<div class=\"wp-block-column is-layout-flow wp-block-column-is-layout-flow\" style=\"flex-basis:50%\">\n<h3 class=\"wp-block-heading has-x-large-font-size\">We strengthen democracy by addressing antisemitism and discrimination and turning individual cases into lasting systemic change.<\/h3>\n<\/div>\n\n\n\n<div class=\"wp-block-column is-layout-flow wp-block-column-is-layout-flow\" style=\"flex-basis:50%\">\n<p class=\"has-medium-font-size wp-container-content-0733e5d0\">We are an independent advocacy organisation bringing together experts from the Jewish community, building alliances for a democratic, open, and resilient society grounded in human rights.<\/p>\n<\/div>\n<\/div>\n\n\n\n<div class=\"wp-block-group has-custom-background-2-background-color has-background has-global-padding is-layout-constrained wp-block-group-is-layout-constrained\">\n<div class=\"wp-block-columns has-custom-block-background-color has-background is-layout-flex wp-container-core-columns-is-layout-fde3f1d6 wp-block-columns-is-layout-flex\" style=\"padding-top:10vh;padding-right:5vw;padding-bottom:10vh;padding-left:5vw\">\n<div class=\"wp-block-column is-layout-flow wp-block-column-is-layout-flow\" style=\"padding-right:var(--wp--preset--spacing--80)\">\n<p class=\"has-small-font-size\">Why we act?<\/p>\n\n\n\n<p>Because hatred and disinformation weaken the foundations of our shared security.<br>We believe that antisemitism, hate speech, and disinformation are not just individual problems\u2014they undermine social trust and weaken democracy.<\/p>\n\n\n\n<p>That is why we take a comprehensive approach. We combine direct support for victims with expert assistance for public institutions, creating modern standards for the protection of civil rights. <\/p>\n<\/div>\n<\/div>\n\n\n\n<div class=\"wp-block-columns has-custom-block-background-color has-background is-layout-flex wp-container-core-columns-is-layout-ad99d3a6 wp-block-columns-is-layout-flex\" style=\"margin-top:0;margin-bottom:0;padding-top:0vh;padding-right:5vw;padding-bottom:10vh;padding-left:5vw\">\n<div class=\"wp-block-column is-layout-flow wp-block-column-is-layout-flow\">\n<p>We build our credibility on independence and transparency:<\/p>\n<\/div>\n\n\n\n<div class=\"wp-block-column is-layout-flow wp-block-column-is-layout-flow\">\n<p class=\"has-small-font-size\">Legal framework of our actions<\/p>\n\n\n\n<div class=\"wp-block-buttons is-layout-flex wp-block-buttons-is-layout-flex\">\n<div class=\"wp-block-button is-style-outline is-style-outline--1\"><a class=\"wp-block-button__link has-medium-font-size has-text-align-left has-custom-font-size wp-element-button\" href=\"https:\/\/czulent.pl\/wp-content\/uploads\/2025\/08\/PL_EN-Statut-Zydowskiego-Stowarzyszenia-Czulent-2024.pdf\" style=\"border-style:none;border-width:0px;border-top-left-radius:0px;border-top-right-radius:0px;border-bottom-left-radius:0px;border-bottom-right-radius:0px;padding-right:0;padding-left:0\"><strong>[PDF]<br>Statutes of the Jewish Association Czulent<\/strong><\/a><\/div>\n<\/div>\n<\/div>\n\n\n\n<div class=\"wp-block-column is-layout-flow wp-block-column-is-layout-flow\">\n<p class=\"has-small-font-size\">Our substantive and financial results<\/p>\n\n\n\n<div class=\"wp-block-buttons is-layout-flex wp-block-buttons-is-layout-flex\">\n<div class=\"wp-block-button is-style-outline is-style-outline--2\"><a class=\"wp-block-button__link has-medium-font-size has-text-align-left has-custom-font-size wp-element-button\" href=\"https:\/\/czulent.pl\/en\/reports-and-financials\/\" style=\"border-style:none;border-width:0px;border-top-left-radius:0px;border-top-right-radius:0px;border-bottom-left-radius:0px;border-bottom-right-radius:0px;padding-right:0;padding-left:0\"><strong>Our reports<\/strong><\/a><\/div>\n<\/div>\n<\/div>\n<\/div>\n<\/div>\n\n\n\n<div class=\"wp-block-group has-global-padding is-layout-constrained wp-block-group-is-layout-constrained\">\n<div class=\"wp-block-columns is-layout-flex wp-container-core-columns-is-layout-6cc62421 wp-block-columns-is-layout-flex\" style=\"margin-top:0;margin-bottom:0;padding-top:10vh;padding-right:5vw;padding-bottom:10vh;padding-left:5vw\">\n<div class=\"wp-block-column is-layout-flow wp-block-column-is-layout-flow\">\n<p class=\"has-small-font-size\">360\u00b0 Strategy<\/p>\n\n\n\n<p>We implement a range of initiatives that form a coherent ecosystem: we respond to individual cases, analyse data, and draw conclusions, which we then translate into lasting systemic change.<\/p>\n\n\n\n<p><\/p>\n<\/div>\n<\/div>\n\n\n\n<div class=\"wp-block-columns is-layout-flex wp-container-core-columns-is-layout-6edd8321 wp-block-columns-is-layout-flex\" style=\"margin-top:0;margin-bottom:0;padding-top:0vh;padding-right:5vw;padding-bottom:5vw;padding-left:5vw\">\n<div class=\"wp-block-column is-layout-flow wp-container-core-column-is-layout-a1aa4ac3 wp-block-column-is-layout-flow\" style=\"border-right-width:1px;padding-right:1.5rem\">\n<h3 class=\"wp-block-heading has-x-large-font-size\">Effective public policies<\/h3>\n\n\n\n<div style=\"height:20vh\" aria-hidden=\"true\" class=\"wp-block-spacer\"><\/div>\n\n\n\n<h3 class=\"wp-block-heading has-medium-font-size\">We develop and implement solutions that strengthen the protection of human rights and effectively counter prejudice. We support public institutions in designing policies based on data and real social needs. <\/h3>\n<\/div>\n\n\n\n<div class=\"wp-block-column has-global-padding is-layout-constrained wp-container-core-column-is-layout-450ac0ac wp-block-column-is-layout-constrained\" style=\"border-top-left-radius:0px;border-top-right-radius:0px;border-bottom-left-radius:0px;border-bottom-right-radius:0px;border-right-width:1px;padding-right:2rem;padding-left:0\">\n<h3 class=\"wp-block-heading has-x-large-font-size\">Better identification of threats<\/h3>\n\n\n\n<div style=\"height:20vh\" aria-hidden=\"true\" class=\"wp-block-spacer\"><\/div>\n\n\n\n<p class=\"has-medium-font-size\" style=\"padding-top:var(--wp--preset--spacing--20);padding-bottom:var(--wp--preset--spacing--20)\">We identify and analyse phenomena such as antisemitism, disinformation, and polarisation. By combining academic expertise with institutional practice, we provide reliable data to support informed decision-making. <\/p>\n<\/div>\n\n\n\n<div class=\"wp-block-column has-global-padding is-layout-constrained wp-container-core-column-is-layout-450ac0ac wp-block-column-is-layout-constrained\" style=\"border-top-left-radius:0px;border-top-right-radius:0px;border-bottom-left-radius:0px;border-bottom-right-radius:0px;border-right-width:1px;padding-right:2rem;padding-left:0\">\n<h3 class=\"wp-block-heading has-x-large-font-size\">Support for the victims<\/h3>\n\n\n\n<div style=\"height:20vh\" aria-hidden=\"true\" class=\"wp-block-spacer\"><\/div>\n\n\n\n<p class=\"has-medium-font-size\" style=\"padding-top:var(--wp--preset--spacing--20);padding-bottom:var(--wp--preset--spacing--20)\">We provide free legal assistance and specialised support to individuals affected by bias-motivated crimes. We help them pursue their rights and regain a sense of security. <\/p>\n<\/div>\n\n\n\n<div class=\"wp-block-column has-global-padding is-layout-constrained wp-container-core-column-is-layout-19e250f3 wp-block-column-is-layout-constrained\">\n<h3 class=\"wp-block-heading has-x-large-font-size\">Stronger minority communities<\/h3>\n\n\n\n<div style=\"height:20vh\" aria-hidden=\"true\" class=\"wp-block-spacer\"><\/div>\n\n\n\n<p class=\"has-medium-font-size\" style=\"padding-top:var(--wp--preset--spacing--20);padding-bottom:var(--wp--preset--spacing--20)\">We support minority organisations and communities in actively participating in public life. We provide tools, knowledge, and space to co-shape the policies that affect them. <\/p>\n<\/div>\n<\/div>\n\n\n\n<div class=\"wp-block-buttons is-content-justification-center is-layout-flex wp-container-core-buttons-is-layout-e7fd6362 wp-block-buttons-is-layout-flex\" style=\"margin-top:0;margin-bottom:0;padding-right:5vw;padding-bottom:10vh;padding-left:5vw\">\n<div class=\"wp-block-button is-style-outline is-style-outline--3\"><a class=\"wp-block-button__link wp-element-button\" href=\"https:\/\/czulent.pl\/en\/activity-areas\/\" style=\"border-top-left-radius:0px;border-top-right-radius:0px;border-bottom-left-radius:0px;border-bottom-right-radius:0px;border-top-style:none;border-top-width:0px;border-right-style:none;border-right-width:0px;border-bottom-width:1px;border-left-style:none;border-left-width:0px\"><strong>Pillars of our activities<\/strong><\/a><\/div>\n\n\n\n<div class=\"wp-block-button is-style-outline is-style-outline--4\"><a class=\"wp-block-button__link wp-element-button\" href=\"https:\/\/czulent.pl\/en\/change-process\/\" style=\"border-top-left-radius:0px;border-top-right-radius:0px;border-bottom-left-radius:0px;border-bottom-right-radius:0px;border-top-style:none;border-top-width:0px;border-right-style:none;border-right-width:0px;border-bottom-width:1px;border-left-style:none;border-left-width:0px\"><strong>Our model for change<\/strong><\/a><\/div>\n<\/div>\n<\/div>\n\n\n\n<div class=\"wp-block-group has-custom-background-2-background-color has-background has-global-padding is-layout-constrained wp-block-group-is-layout-constrained\">\n<div class=\"wp-block-columns has-custom-block-background-color has-background is-layout-flex wp-container-core-columns-is-layout-37ece4fa wp-block-columns-is-layout-flex\" style=\"padding-top:15vh;padding-right:5vw;padding-bottom:10vh;padding-left:5vw\">\n<div class=\"wp-block-column is-layout-flow wp-block-column-is-layout-flow\">\n<p class=\"has-large-font-size\">We are a group of experts from the Jewish community.<br>In our work, we combine interdisciplinary expertise, including law, sociology, and new technologies. <\/p>\n<\/div>\n\n\n\n<div class=\"wp-block-column is-layout-flow wp-block-column-is-layout-flow\">\n<p class=\"has-medium-font-size\">Our strength lies in a data-driven approach. It allows us to accurately diagnose problems and design solutions that work. We use proven models and tools developed in the business sector, adapting them to the specific needs of a civil society organisation. This enables us to operate efficiently and drive lasting systemic change.   <\/p>\n<\/div>\n<\/div>\n\n\n\n<div class=\"wp-block-buttons has-custom-block-background-color has-background is-content-justification-center is-layout-flex wp-container-core-buttons-is-layout-98cd7ab1 wp-block-buttons-is-layout-flex\" style=\"margin-top:0;margin-bottom:0;padding-bottom:15.3vh\">\n<div class=\"wp-block-button is-style-outline is-style-outline--5\"><a class=\"wp-block-button__link wp-element-button\" href=\"https:\/\/czulent.pl\/en\/our-team\/\" style=\"border-top-left-radius:0px;border-top-right-radius:0px;border-bottom-left-radius:0px;border-bottom-right-radius:0px;border-top-style:none;border-top-width:0px;border-right-style:none;border-right-width:0px;border-bottom-width:1px;border-left-style:none;border-left-width:0px\"><strong>Our team<\/strong><\/a><\/div>\n<\/div>\n<\/div>\n\n\n\n<div class=\"wp-block-group poznaj-nas-menu has-global-padding is-layout-constrained wp-block-group-is-layout-constrained\" style=\"padding-bottom:10vh\">\n<div class=\"wp-block-columns is-layout-flex wp-container-core-columns-is-layout-28f84493 wp-block-columns-is-layout-flex\" style=\"border-bottom-width:1px\">\n<div class=\"wp-block-column is-layout-flow wp-block-column-is-layout-flow\" style=\"padding-top:10vh;padding-right:5vw;padding-bottom:var(--wp--preset--spacing--20);padding-left:5vw\">\n<h4 class=\"wp-block-heading has-large-font-size\">Get to know us<\/h4>\n<\/div>\n<\/div>\n\n\n\n<div class=\"wp-block-columns is-layout-flex wp-container-core-columns-is-layout-a1ca81da wp-block-columns-is-layout-flex\" style=\"padding-top:var(--wp--preset--spacing--30);padding-right:5vw;padding-bottom:var(--wp--preset--spacing--30);padding-left:5vw\">\n<div class=\"wp-block-column is-layout-flow wp-block-column-is-layout-flow\">\n<div class=\"wp-block-buttons is-layout-flex wp-block-buttons-is-layout-flex\">\n<div class=\"wp-block-button is-style-outline is-style-outline--6\"><a class=\"wp-block-button__link has-xx-large-font-size has-custom-font-size wp-element-button\" href=\"https:\/\/czulent.pl\/en\/about-us-why-we-act\/\" style=\"border-style:none;border-width:0px\">About us \u2013 why we act<\/a><\/div>\n<\/div>\n\n\n\n<div class=\"wp-block-buttons is-layout-flex wp-block-buttons-is-layout-flex\">\n<div class=\"wp-block-button is-style-outline is-style-outline--7\"><a class=\"wp-block-button__link has-xx-large-font-size has-custom-font-size wp-element-button\" href=\"https:\/\/czulent.pl\/en\/our-history\/\" style=\"border-style:none;border-width:0px\">Our history<\/a><\/div>\n<\/div>\n\n\n\n<div class=\"wp-block-buttons is-layout-flex wp-block-buttons-is-layout-flex\">\n<div class=\"wp-block-button is-style-outline is-style-outline--8\"><a class=\"wp-block-button__link has-xx-large-font-size has-custom-font-size wp-element-button\" href=\"https:\/\/czulent.pl\/en\/our-team\/\" style=\"border-style:none;border-width:0px\">Team<\/a><\/div>\n<\/div>\n\n\n\n<div class=\"wp-block-buttons is-layout-flex wp-block-buttons-is-layout-flex\">\n<div class=\"wp-block-button is-style-outline is-style-outline--9\"><a class=\"wp-block-button__link has-xx-large-font-size has-custom-font-size wp-element-button\" href=\"https:\/\/czulent.pl\/en\/funding-and-donors\/\" style=\"border-style:none;border-width:0px\">Funding and Donors<\/a><\/div>\n<\/div>\n\n\n\n<div class=\"wp-block-buttons is-layout-flex wp-block-buttons-is-layout-flex\">\n<div class=\"wp-block-button is-style-outline is-style-outline--10\"><a class=\"wp-block-button__link has-xx-large-font-size has-custom-font-size wp-element-button\" href=\"https:\/\/czulent.pl\/en\/reports-and-financials\/\" style=\"border-style:none;border-width:0px\">Reports and Financials<\/a><\/div>\n<\/div>\n\n\n\n<div class=\"wp-block-buttons is-layout-flex wp-block-buttons-is-layout-flex\">\n<div class=\"wp-block-button is-style-outline is-style-outline--11\"><a class=\"wp-block-button__link has-xx-large-font-size has-custom-font-size wp-element-button\" href=\"https:\/\/czulent.pl\/en\/partners\/\" style=\"border-style:none;border-width:0px\">Partners and coalitions<\/a><\/div>\n<\/div>\n<\/div>\n<\/div>\n<\/div>\n","protected":false},"excerpt":{"rendered":"<p>We strengthen democracy by addressing antisemitism and discrimination and turning individual cases into lasting systemic change. We are an independent advocacy organisation bringing together experts from the Jewish community, building alliances for a democratic, open, and resilient society grounded in human rights. Why we act? Because hatred and disinformation weaken the foundations of our shared [&hellip;]<\/p>\n","protected":false},"author":1,"featured_media":0,"parent":0,"menu_order":0,"comment_status":"closed","ping_status":"closed","template":"","meta":{"footnotes":""},"class_list":["post-7339","page","type-page","status-publish","hentry"],"yoast_head":"<!-- This site is optimized with the Yoast SEO plugin v27.3 - https:\/\/yoast.com\/product\/yoast-seo-wordpress\/ -->\n<title>About us \u2013 why we act - \u017bydowskie Stowarzyszenie Czulent<\/title>\n<meta name=\"robots\" content=\"index, follow, max-snippet:-1, max-image-preview:large, max-video-preview:-1\" \/>\n<link rel=\"canonical\" href=\"https:\/\/czulent.pl\/en\/about-us-why-we-act\/\" \/>\n<meta property=\"og:locale\" content=\"en_US\" \/>\n<meta property=\"og:type\" content=\"article\" \/>\n<meta property=\"og:title\" content=\"About us \u2013 why we act - \u017bydowskie Stowarzyszenie Czulent\" \/>\n<meta property=\"og:description\" content=\"We strengthen democracy by addressing antisemitism and discrimination and turning individual cases into lasting systemic change. We are an independent advocacy organisation bringing together experts from the Jewish community, building alliances for a democratic, open, and resilient society grounded in human rights. Why we act? Because hatred and disinformation weaken the foundations of our shared [&hellip;]\" \/>\n<meta property=\"og:url\" content=\"https:\/\/czulent.pl\/en\/about-us-why-we-act\/\" \/>\n<meta property=\"og:site_name\" content=\"\u017bydowskie Stowarzyszenie Czulent\" \/>\n<meta property=\"article:modified_time\" content=\"2026-04-12T13:12:05+00:00\" \/>\n<meta name=\"twitter:card\" content=\"summary_large_image\" \/>\n<meta name=\"twitter:label1\" content=\"Est. reading time\" \/>\n\t<meta name=\"twitter:data1\" content=\"3 minutes\" \/>\n<script type=\"application\/ld+json\" class=\"yoast-schema-graph\">{\"@context\":\"https:\\\/\\\/schema.org\",\"@graph\":[{\"@type\":\"WebPage\",\"@id\":\"https:\\\/\\\/czulent.pl\\\/en\\\/about-us-why-we-act\\\/\",\"url\":\"https:\\\/\\\/czulent.pl\\\/en\\\/about-us-why-we-act\\\/\",\"name\":\"About us \u2013 why we act - \u017bydowskie Stowarzyszenie Czulent\",\"isPartOf\":{\"@id\":\"https:\\\/\\\/czulent.pl\\\/en\\\/#website\"},\"datePublished\":\"2026-02-18T10:59:12+00:00\",\"dateModified\":\"2026-04-12T13:12:05+00:00\",\"breadcrumb\":{\"@id\":\"https:\\\/\\\/czulent.pl\\\/en\\\/about-us-why-we-act\\\/#breadcrumb\"},\"inLanguage\":\"en-US\",\"potentialAction\":[{\"@type\":\"ReadAction\",\"target\":[\"https:\\\/\\\/czulent.pl\\\/en\\\/about-us-why-we-act\\\/\"]}]},{\"@type\":\"BreadcrumbList\",\"@id\":\"https:\\\/\\\/czulent.pl\\\/en\\\/about-us-why-we-act\\\/#breadcrumb\",\"itemListElement\":[{\"@type\":\"ListItem\",\"position\":1,\"name\":\"Strona g\u0142\u00f3wna\",\"item\":\"https:\\\/\\\/czulent.pl\\\/en\\\/\"},{\"@type\":\"ListItem\",\"position\":2,\"name\":\"About us \u2013 why we act\"}]},{\"@type\":\"WebSite\",\"@id\":\"https:\\\/\\\/czulent.pl\\\/en\\\/#website\",\"url\":\"https:\\\/\\\/czulent.pl\\\/en\\\/\",\"name\":\"\u017bydowskie Stowarzyszenie Czulent\",\"description\":\"Stowarzyszenie dzia\u0142a poprzez rzecznictwo polityczne, spo\u0142eczne i prawne, oraz budowanie koalicji na rzecz szerzenia tolerancji, kszta\u0142towania postaw otwarto\u015bci ze szczeg\u00f3lnym naciskiem na dzia\u0142ania pot\u0119piaj\u0105ce antysemityzm.\",\"publisher\":{\"@id\":\"https:\\\/\\\/czulent.pl\\\/en\\\/#organization\"},\"potentialAction\":[{\"@type\":\"SearchAction\",\"target\":{\"@type\":\"EntryPoint\",\"urlTemplate\":\"https:\\\/\\\/czulent.pl\\\/en\\\/?s={search_term_string}\"},\"query-input\":{\"@type\":\"PropertyValueSpecification\",\"valueRequired\":true,\"valueName\":\"search_term_string\"}}],\"inLanguage\":\"en-US\"},{\"@type\":\"Organization\",\"@id\":\"https:\\\/\\\/czulent.pl\\\/en\\\/#organization\",\"name\":\"\u017bydowskie Stowarzyszenie Czulent\",\"url\":\"https:\\\/\\\/czulent.pl\\\/en\\\/\",\"logo\":{\"@type\":\"ImageObject\",\"inLanguage\":\"en-US\",\"@id\":\"https:\\\/\\\/czulent.pl\\\/en\\\/#\\\/schema\\\/logo\\\/image\\\/\",\"url\":\"https:\\\/\\\/czulent.pl\\\/wp-content\\\/uploads\\\/2021\\\/08\\\/czulent-logo-pl.png\",\"contentUrl\":\"https:\\\/\\\/czulent.pl\\\/wp-content\\\/uploads\\\/2021\\\/08\\\/czulent-logo-pl.png\",\"width\":178,\"height\":76,\"caption\":\"\u017bydowskie Stowarzyszenie Czulent\"},\"image\":{\"@id\":\"https:\\\/\\\/czulent.pl\\\/en\\\/#\\\/schema\\\/logo\\\/image\\\/\"}}]}<\/script>\n<!-- \/ Yoast SEO plugin. -->","yoast_head_json":{"title":"About us \u2013 why we act - \u017bydowskie Stowarzyszenie Czulent","robots":{"index":"index","follow":"follow","max-snippet":"max-snippet:-1","max-image-preview":"max-image-preview:large","max-video-preview":"max-video-preview:-1"},"canonical":"https:\/\/czulent.pl\/en\/about-us-why-we-act\/","og_locale":"en_US","og_type":"article","og_title":"About us \u2013 why we act - \u017bydowskie Stowarzyszenie Czulent","og_description":"We strengthen democracy by addressing antisemitism and discrimination and turning individual cases into lasting systemic change. We are an independent advocacy organisation bringing together experts from the Jewish community, building alliances for a democratic, open, and resilient society grounded in human rights. Why we act? Because hatred and disinformation weaken the foundations of our shared [&hellip;]","og_url":"https:\/\/czulent.pl\/en\/about-us-why-we-act\/","og_site_name":"\u017bydowskie Stowarzyszenie Czulent","article_modified_time":"2026-04-12T13:12:05+00:00","twitter_card":"summary_large_image","twitter_misc":{"Est. reading time":"3 minutes"},"schema":{"@context":"https:\/\/schema.org","@graph":[{"@type":"WebPage","@id":"https:\/\/czulent.pl\/en\/about-us-why-we-act\/","url":"https:\/\/czulent.pl\/en\/about-us-why-we-act\/","name":"About us \u2013 why we act - \u017bydowskie Stowarzyszenie Czulent","isPartOf":{"@id":"https:\/\/czulent.pl\/en\/#website"},"datePublished":"2026-02-18T10:59:12+00:00","dateModified":"2026-04-12T13:12:05+00:00","breadcrumb":{"@id":"https:\/\/czulent.pl\/en\/about-us-why-we-act\/#breadcrumb"},"inLanguage":"en-US","potentialAction":[{"@type":"ReadAction","target":["https:\/\/czulent.pl\/en\/about-us-why-we-act\/"]}]},{"@type":"BreadcrumbList","@id":"https:\/\/czulent.pl\/en\/about-us-why-we-act\/#breadcrumb","itemListElement":[{"@type":"ListItem","position":1,"name":"Strona g\u0142\u00f3wna","item":"https:\/\/czulent.pl\/en\/"},{"@type":"ListItem","position":2,"name":"About us \u2013 why we act"}]},{"@type":"WebSite","@id":"https:\/\/czulent.pl\/en\/#website","url":"https:\/\/czulent.pl\/en\/","name":"\u017bydowskie Stowarzyszenie Czulent","description":"Stowarzyszenie dzia\u0142a poprzez rzecznictwo polityczne, spo\u0142eczne i prawne, oraz budowanie koalicji na rzecz szerzenia tolerancji, kszta\u0142towania postaw otwarto\u015bci ze szczeg\u00f3lnym naciskiem na dzia\u0142ania pot\u0119piaj\u0105ce antysemityzm.","publisher":{"@id":"https:\/\/czulent.pl\/en\/#organization"},"potentialAction":[{"@type":"SearchAction","target":{"@type":"EntryPoint","urlTemplate":"https:\/\/czulent.pl\/en\/?s={search_term_string}"},"query-input":{"@type":"PropertyValueSpecification","valueRequired":true,"valueName":"search_term_string"}}],"inLanguage":"en-US"},{"@type":"Organization","@id":"https:\/\/czulent.pl\/en\/#organization","name":"\u017bydowskie Stowarzyszenie Czulent","url":"https:\/\/czulent.pl\/en\/","logo":{"@type":"ImageObject","inLanguage":"en-US","@id":"https:\/\/czulent.pl\/en\/#\/schema\/logo\/image\/","url":"https:\/\/czulent.pl\/wp-content\/uploads\/2021\/08\/czulent-logo-pl.png","contentUrl":"https:\/\/czulent.pl\/wp-content\/uploads\/2021\/08\/czulent-logo-pl.png","width":178,"height":76,"caption":"\u017bydowskie Stowarzyszenie Czulent"},"image":{"@id":"https:\/\/czulent.pl\/en\/#\/schema\/logo\/image\/"}}]}},"_links":{"self":[{"href":"https:\/\/czulent.pl\/en\/wp-json\/wp\/v2\/pages\/7339","targetHints":{"allow":["GET"]}}],"collection":[{"href":"https:\/\/czulent.pl\/en\/wp-json\/wp\/v2\/pages"}],"about":[{"href":"https:\/\/czulent.pl\/en\/wp-json\/wp\/v2\/types\/page"}],"author":[{"embeddable":true,"href":"https:\/\/czulent.pl\/en\/wp-json\/wp\/v2\/users\/1"}],"replies":[{"embeddable":true,"href":"https:\/\/czulent.pl\/en\/wp-json\/wp\/v2\/comments?post=7339"}],"version-history":[{"count":7,"href":"https:\/\/czulent.pl\/en\/wp-json\/wp\/v2\/pages\/7339\/revisions"}],"predecessor-version":[{"id":8321,"href":"https:\/\/czulent.pl\/en\/wp-json\/wp\/v2\/pages\/7339\/revisions\/8321"}],"wp:attachment":[{"href":"https:\/\/czulent.pl\/en\/wp-json\/wp\/v2\/media?parent=7339"}],"curies":[{"name":"wp","href":"https:\/\/api.w.org\/{rel}","templated":true}]}}