{"id":7341,"date":"2026-02-18T11:55:37","date_gmt":"2026-02-18T10:55:37","guid":{"rendered":"https:\/\/czulent.pl\/activity-areas\/"},"modified":"2026-04-12T13:31:19","modified_gmt":"2026-04-12T11:31:19","slug":"activity-areas","status":"publish","type":"page","link":"https:\/\/czulent.pl\/en\/activity-areas\/","title":{"rendered":"Activity areas"},"content":{"rendered":"\n<p><\/p>\n\n\n\n<div class=\"wp-block-columns is-layout-flex wp-container-core-columns-is-layout-c083321c wp-block-columns-is-layout-flex\" style=\"padding-top:0;padding-right:5vw;padding-bottom:10vh;padding-left:5vw\">\n<div class=\"wp-block-column is-layout-flow wp-block-column-is-layout-flow\" style=\"flex-basis:50%\">\n<h3 class=\"wp-block-heading has-x-large-font-size\">We take a comprehensive approach to combating bias-motivated violence\u2014explore <strong>our areas of work<\/strong>.<\/h3>\n<\/div>\n\n\n\n<div class=\"wp-block-column is-layout-flow wp-block-column-is-layout-flow\" style=\"flex-basis:50%\">\n<p class=\"has-medium-font-size wp-container-content-0733e5d0\">We provide legal and advisory support to individuals affected by hate crimes and develop tools for reporting and monitoring them. We engage in advocacy and strategic litigation to turn individual cases into lasting changes in law and institutional practice. We produce research, analyses, and data-driven recommendations that support effective public policies. By combining the experiences of victims, expert knowledge, and the work of civil society organisations, we strengthen the protection of human rights and counter hate.   <\/p>\n<\/div>\n<\/div>\n\n\n\n<div class=\"wp-block-group has-global-padding is-layout-constrained wp-block-group-is-layout-constrained\">\n<div class=\"wp-block-columns has-custom-background-2-background-color has-background is-layout-flex wp-container-core-columns-is-layout-06e05c93 wp-block-columns-is-layout-flex\" style=\"padding-top:7vh;padding-right:5vw;padding-bottom:7vh;padding-left:5vw\">\n<div class=\"wp-block-column is-layout-flow wp-block-column-is-layout-flow\" style=\"border-top-style:none;border-top-width:0px;border-right-width:1px;flex-basis:35%\">\n<p style=\"font-size:clamp(4.509rem, 4.509rem + ((1vw - 0.2rem) * 6.864), 10rem);\">1<\/p>\n\n\n\n<h3 class=\"wp-block-heading has-large-font-size\" style=\"padding-top:var(--wp--preset--spacing--80)\">Support platform \u2013 zglosantysemityzm.pl<\/h3>\n\n\n\n<p class=\"has-medium-font-size\">Individuals affected by bias-motivated crimes receive legal support and assistance in pursuing their rights.<\/p>\n<\/div>\n\n\n\n<div class=\"wp-block-column is-layout-flow wp-container-core-column-is-layout-792ea096 wp-block-column-is-layout-flow\" style=\"padding-right:10vw;flex-basis:65%\">\n<p class=\"has-medium-font-size\" style=\"padding-top:var(--wp--preset--spacing--30);padding-bottom:var(--wp--preset--spacing--50)\">Through the zglosantysemityzm.pl platform and our helpline, individuals experiencing bias-motivated attacks receive professional legal support and specialised consultations.<\/p>\n\n\n\n<p class=\"has-large-font-size\"><strong>Act \u2013 your report matters.<\/strong><\/p>\n\n\n\n<p>Benefit from free consultations and support.<\/p>\n\n\n\n<div class=\"wp-block-buttons is-layout-flex wp-block-buttons-is-layout-flex\" style=\"padding-top:var(--wp--preset--spacing--50);padding-bottom:var(--wp--preset--spacing--50)\">\n<div class=\"wp-block-button\"><a class=\"wp-block-button__link wp-element-button\" href=\"https:\/\/zglosantysemityzm.pl\" target=\"_blank\" rel=\"noreferrer noopener\">Report antisemitism<\/a><\/div>\n<\/div>\n\n\n\n<h3 class=\"wp-block-heading has-large-font-size\">Data for democracy<\/h3>\n\n\n\n<p class=\"has-medium-font-size\">Your report helps us change the system. Based on the reports we receive, we publish annual analyses of threats, providing insight into the scale of antisemitism and helping protect minority rights and the foundations of a democratic state.  <\/p>\n<\/div>\n<\/div>\n<\/div>\n\n\n\n<div class=\"wp-block-group has-global-padding is-layout-constrained wp-block-group-is-layout-constrained\">\n<div class=\"wp-block-columns is-layout-flex wp-container-core-columns-is-layout-acb4afc5 wp-block-columns-is-layout-flex\" style=\"padding-top:7vh;padding-right:5vw;padding-bottom:7vh;padding-left:5vw\">\n<div class=\"wp-block-column is-layout-flow wp-block-column-is-layout-flow\" style=\"border-top-style:none;border-top-width:0px;border-right-width:1px;flex-basis:35%\">\n<p style=\"font-size:clamp(4.509rem, 4.509rem + ((1vw - 0.2rem) * 6.864), 10rem);\">2<\/p>\n\n\n\n<h3 class=\"wp-block-heading has-large-font-size\" style=\"padding-top:var(--wp--preset--spacing--80)\">Advocacy and strategic litigation<\/h3>\n\n\n\n<p class=\"has-medium-font-size\">We combine advocacy with strategic litigation to turn individual cases into lasting systemic change.<\/p>\n<\/div>\n\n\n\n<div class=\"wp-block-column is-layout-flow wp-container-core-column-is-layout-792ea096 wp-block-column-is-layout-flow\" style=\"padding-right:10vw;flex-basis:65%\">\n<h3 class=\"wp-block-heading has-large-font-size\"><strong>Litigation as a catalyst for change<\/strong><\/h3>\n\n\n\n<p>Through precedent-setting court cases, we initiate and strengthen the development of legal mechanisms to ensure that the state responds effectively to bias-motivated crimes and safeguards the memory of the Holocaust.<\/p>\n\n\n\n<div class=\"wp-block-buttons is-layout-flex wp-block-buttons-is-layout-flex\">\n<div class=\"wp-block-button is-style-outline is-style-outline--1\"><a class=\"wp-block-button__link has-small-font-size has-text-align-left has-custom-font-size wp-element-button\" style=\"border-top-left-radius:0px;border-top-right-radius:0px;border-bottom-left-radius:0px;border-bottom-right-radius:0px;border-top-style:none;border-top-width:0px;border-right-style:none;border-right-width:0px;border-bottom-width:1px;border-left-style:none;border-left-width:0px;padding-top:5px;padding-right:2rem;padding-bottom:5px;padding-left:2rem\">Our litigation activities<\/a><\/div>\n<\/div>\n\n\n\n<h3 class=\"wp-block-heading has-large-font-size\" style=\"padding-top:var(--wp--preset--spacing--50)\"><strong>Advocacy and tangible impact<\/strong><\/h3>\n\n\n\n<p>We initiate systemic change by participating in legislative processes and developing strategies for national and local administrations. We recommend policies that implement effective solutions, providing real protection against hatred and discrimination. <\/p>\n\n\n\n<p class=\"has-small-font-size\" style=\"padding-top:var(--wp--preset--spacing--20)\">Our activities:<\/p>\n\n\n\n<div class=\"wp-block-buttons is-layout-flex wp-block-buttons-is-layout-flex\">\n<div class=\"wp-block-button is-style-outline is-style-outline--2\"><a class=\"wp-block-button__link has-small-font-size has-text-align-left has-custom-font-size wp-element-button\" style=\"border-top-left-radius:0px;border-top-right-radius:0px;border-bottom-left-radius:0px;border-bottom-right-radius:0px;border-top-style:none;border-top-width:0px;border-right-style:none;border-right-width:0px;border-bottom-width:1px;border-left-style:none;border-left-width:0px;padding-top:5px;padding-right:2rem;padding-bottom:5px;padding-left:2rem\">Participatory development of the update to the Open Krak\u00f3w Programme<\/a><\/div>\n<\/div>\n\n\n\n<div class=\"wp-block-buttons is-layout-flex wp-block-buttons-is-layout-flex\">\n<div class=\"wp-block-button is-style-outline is-style-outline--3\"><a class=\"wp-block-button__link has-small-font-size has-text-align-left has-custom-font-size wp-element-button\" style=\"border-top-left-radius:0px;border-top-right-radius:0px;border-bottom-left-radius:0px;border-bottom-right-radius:0px;border-top-style:none;border-top-width:0px;border-right-style:none;border-right-width:0px;border-bottom-width:1px;border-left-style:none;border-left-width:0px;padding-top:5px;padding-right:2rem;padding-bottom:5px;padding-left:2rem\">Cross-sector foresight workshops \u2013 building a cooperation strategy<\/a><\/div>\n<\/div>\n<\/div>\n<\/div>\n<\/div>\n\n\n\n<div class=\"wp-block-group has-global-padding is-layout-constrained wp-block-group-is-layout-constrained\">\n<div class=\"wp-block-columns has-custom-background-2-background-color has-background is-layout-flex wp-container-core-columns-is-layout-acb4afc5 wp-block-columns-is-layout-flex\" style=\"padding-top:7vh;padding-right:5vw;padding-bottom:7vh;padding-left:5vw\">\n<div class=\"wp-block-column is-layout-flow wp-block-column-is-layout-flow\" style=\"border-top-style:none;border-top-width:0px;border-right-width:1px;flex-basis:35%\">\n<p style=\"font-size:clamp(4.509rem, 4.509rem + ((1vw - 0.2rem) * 6.864), 10rem);\">3<\/p>\n\n\n\n<h3 class=\"wp-block-heading has-large-font-size\" style=\"padding-top:var(--wp--preset--spacing--80)\">Research, briefs, and recommendations<\/h3>\n\n\n\n<p class=\"has-medium-font-size\">We create reports and recommendations based on data, bringing together researchers, practitioners, and decision-makers.<\/p>\n<\/div>\n\n\n\n<div class=\"wp-block-column is-layout-flow wp-container-core-column-is-layout-792ea096 wp-block-column-is-layout-flow\" style=\"padding-right:10vw;flex-basis:65%\">\n<p style=\"padding-top:var(--wp--preset--spacing--30);padding-bottom:var(--wp--preset--spacing--30)\">We provide reliable analyses and ready-made solutions that help build effective public policies. As a Knowledge Broker, we connect the worlds of academia, NGOs, and decision-makers, creating platforms for knowledge exchange where it matters most. <\/p>\n\n\n\n<p class=\"has-small-font-size\" style=\"padding-top:var(--wp--preset--spacing--20)\">Examples of our activities:<\/p>\n\n\n\n<div class=\"wp-block-buttons is-layout-flex wp-block-buttons-is-layout-flex\">\n<div class=\"wp-block-button is-style-outline is-style-outline--4\"><a class=\"wp-block-button__link has-medium-font-size has-text-align-left has-custom-font-size wp-element-button\" style=\"border-top-left-radius:0px;border-top-right-radius:0px;border-bottom-left-radius:0px;border-bottom-right-radius:0px;border-top-style:none;border-top-width:0px;border-right-style:none;border-right-width:0px;border-bottom-width:1px;border-left-style:none;border-left-width:0px;padding-top:5px;padding-right:2rem;padding-bottom:5px;padding-left:2rem\"><strong>Identification of gaps in the system of protection <\/strong>for victims.<\/a><\/div>\n<\/div>\n\n\n\n<p class=\"has-small-font-size\" style=\"padding-left:var(--wp--preset--spacing--40)\">We conducted a comprehensive analysis of the experiences of victims of bias-motivated crimes, examining every stage of the process\u2014from the moment of reporting to the court verdict\u2014contrasting the expectations of those affected by violence with the actual practices of the police, prosecution, and courts.\u201d  <\/p>\n\n\n\n<div class=\"wp-block-buttons is-layout-flex wp-block-buttons-is-layout-flex\" style=\"padding-top:var(--wp--preset--spacing--30)\">\n<div class=\"wp-block-button is-style-outline is-style-outline--5\"><a class=\"wp-block-button__link has-medium-font-size has-text-align-left has-custom-font-size wp-element-button\" style=\"border-top-left-radius:0px;border-top-right-radius:0px;border-bottom-left-radius:0px;border-bottom-right-radius:0px;border-top-style:none;border-top-width:0px;border-right-style:none;border-right-width:0px;border-bottom-width:1px;border-left-style:none;border-left-width:0px;padding-top:5px;padding-right:2rem;padding-bottom:5px;padding-left:2rem\"><strong>Municipal policy based on data<\/strong><\/a><\/div>\n<\/div>\n\n\n\n<p class=\"has-small-font-size\" style=\"padding-left:var(--wp--preset--spacing--40)\">For the Municipality of Krak\u00f3w, we developed a strategy to update the \u2018Open Krak\u00f3w\u2019 program. Our approach was based on a thorough evaluation and a broad assessment of the needs of groups at risk of exclusion. By engaging local researchers and civil society organizations, we created a model of urban policy.  <\/p>\n<\/div>\n<\/div>\n<\/div>\n\n\n\n<div class=\"wp-block-group has-global-padding is-layout-constrained wp-container-core-group-is-layout-6de786c3 wp-block-group-is-layout-constrained\" style=\"padding-right:5vw;padding-left:5vw\">\n<p class=\"has-text-align-center\" style=\"padding-top:var(--wp--preset--spacing--70);font-size:clamp(2.629rem, 2.629rem + ((1vw - 0.2rem) * 2.964), 5rem);\">Strong law, safe citizens.<\/p>\n\n\n\n<p class=\"has-text-align-center has-x-large-font-size\">Let\u2019s build a system that protects against hate\u2014together.<\/p>\n\n\n\n<p style=\"padding-top:var(--wp--preset--spacing--50)\">How can you support us?<\/p>\n\n\n\n<div class=\"wp-block-columns is-layout-flex wp-container-core-columns-is-layout-28f84493 wp-block-columns-is-layout-flex\">\n<div class=\"wp-block-column is-layout-flow wp-block-column-is-layout-flow\" style=\"flex-basis:66.66%\">\n<p class=\"has-small-font-size\">Our effectiveness is built on combining unique competencies. To build a safe society and a resilient democracy, we need your engagement\u2014whether you represent the business sector, academia, or wish to support us individually.  <\/p>\n<\/div>\n\n\n\n<div class=\"wp-block-column is-layout-flow wp-block-column-is-layout-flow\" style=\"flex-basis:33.33%\"><\/div>\n<\/div>\n\n\n\n<div class=\"wp-block-columns is-layout-flex wp-container-core-columns-is-layout-8efb8b20 wp-block-columns-is-layout-flex\" style=\"padding-top:10vh;padding-bottom:var(--wp--preset--spacing--70)\">\n<div class=\"wp-block-column is-layout-flow wp-container-core-column-is-layout-a1aa4ac3 wp-block-column-is-layout-flow\" style=\"border-right-width:1px;padding-right:1.5rem\">\n<p class=\"has-x-large-font-size\">Knowledge<br>and experience<\/p>\n\n\n\n<div style=\"height:20vh\" aria-hidden=\"true\" class=\"wp-block-spacer\"><\/div>\n\n\n\n<p class=\"has-small-font-size\" style=\"padding-top:var(--wp--preset--spacing--20);padding-bottom:var(--wp--preset--spacing--20)\">Are you a lawyer, researcher, or analyst?<br>Your expertise can become the foundation for strategic litigation or groundbreaking recommendations for decision-makers. Together, let\u2019s create standards that will endure for years. <\/p>\n<\/div>\n\n\n\n<div class=\"wp-block-column has-global-padding is-layout-constrained wp-container-core-column-is-layout-450ac0ac wp-block-column-is-layout-constrained\" style=\"border-top-left-radius:0px;border-top-right-radius:0px;border-bottom-left-radius:0px;border-bottom-right-radius:0px;border-right-width:1px;padding-right:2rem;padding-left:0\">\n<p class=\"has-x-large-font-size\">Technology<br>and innovation<\/p>\n\n\n\n<div style=\"height:20vh\" aria-hidden=\"true\" class=\"wp-block-spacer\"><\/div>\n\n\n\n<div class=\"wp-block-columns is-layout-flex wp-container-core-columns-is-layout-28f84493 wp-block-columns-is-layout-flex\">\n<div class=\"wp-block-column is-vertically-aligned-bottom is-layout-flow wp-block-column-is-layout-flow\">\n<p class=\"has-small-font-size\" style=\"padding-top:var(--wp--preset--spacing--20);padding-bottom:var(--wp--preset--spacing--20)\">Do you support the development of modern tools?<br>Help us monitor online hate speech more effectively and secure digital evidence. Your technological solutions are a shield for those affected by discrimination. <\/p>\n<\/div>\n<\/div>\n<\/div>\n\n\n\n<div class=\"wp-block-column has-global-padding is-layout-constrained wp-container-core-column-is-layout-19e250f3 wp-block-column-is-layout-constrained\">\n<p class=\"has-x-large-font-size\">Wsparcie finansowe<br>i operacyjne<\/p>\n\n\n\n<div style=\"height:20vh\" aria-hidden=\"true\" class=\"wp-block-spacer\"><\/div>\n\n\n\n<p class=\"has-small-font-size\" style=\"padding-top:var(--wp--preset--spacing--20);padding-bottom:var(--wp--preset--spacing--20)\">Every donation fuels our intervention and legal work. By supporting our efforts, you directly enable the removal of hate from public spaces and provide professional assistance to victims. <\/p>\n<\/div>\n<\/div>\n<\/div>\n\n\n\n<p><\/p>\n\n\n\n<div class=\"wp-block-group poznaj-nas-menu has-custom-background-2-background-color has-background has-global-padding is-layout-constrained wp-block-group-is-layout-constrained\" style=\"padding-bottom:10vh\">\n<div class=\"wp-block-columns is-layout-flex wp-container-core-columns-is-layout-28f84493 wp-block-columns-is-layout-flex\" style=\"border-bottom-width:1px\">\n<div class=\"wp-block-column is-layout-flow wp-block-column-is-layout-flow\" style=\"padding-top:10vh;padding-right:5vw;padding-bottom:var(--wp--preset--spacing--20);padding-left:5vw\">\n<h4 class=\"wp-block-heading has-large-font-size\">How we work<\/h4>\n<\/div>\n<\/div>\n\n\n\n<div class=\"wp-block-columns is-layout-flex wp-container-core-columns-is-layout-a1ca81da wp-block-columns-is-layout-flex\" style=\"padding-top:var(--wp--preset--spacing--30);padding-right:5vw;padding-bottom:var(--wp--preset--spacing--30);padding-left:5vw\">\n<div class=\"wp-block-column is-layout-flow wp-block-column-is-layout-flow\">\n<div class=\"wp-block-buttons is-layout-flex wp-block-buttons-is-layout-flex\">\n<div class=\"wp-block-button is-style-outline is-style-outline--6\"><a class=\"wp-block-button__link has-xx-large-font-size has-custom-font-size wp-element-button\" href=\"https:\/\/czulent.pl\/en\/activity-areas\/\" style=\"border-style:none;border-width:0px\">Activity areas<\/a><\/div>\n<\/div>\n\n\n\n<div class=\"wp-block-buttons is-layout-flex wp-block-buttons-is-layout-flex\">\n<div class=\"wp-block-button is-style-outline is-style-outline--7\"><a class=\"wp-block-button__link has-xx-large-font-size has-custom-font-size wp-element-button\" href=\"https:\/\/czulent.pl\/en\/change-process\/\" style=\"border-style:none;border-width:0px\">Change\/process<\/a><\/div>\n<\/div>\n\n\n\n<div class=\"wp-block-buttons is-layout-flex wp-block-buttons-is-layout-flex\">\n<div class=\"wp-block-button is-style-outline is-style-outline--8\"><a class=\"wp-block-button__link has-xx-large-font-size has-custom-font-size wp-element-button\" href=\"https:\/\/czulent.pl\/en\/projects\/\" style=\"border-style:none;border-width:0px\">Projects<\/a><\/div>\n<\/div>\n\n\n\n<div class=\"wp-block-buttons is-layout-flex wp-block-buttons-is-layout-flex\">\n<div class=\"wp-block-button is-style-outline is-style-outline--9\"><a class=\"wp-block-button__link has-xx-large-font-size has-custom-font-size wp-element-button\" href=\"https:\/\/czulent.pl\/en\/our-publications\/\" style=\"border-style:none;border-width:0px\">Publications<\/a><\/div>\n<\/div>\n<\/div>\n<\/div>\n<\/div>\n","protected":false},"excerpt":{"rendered":"<p>We take a comprehensive approach to combating bias-motivated violence\u2014explore our areas of work. We provide legal and advisory support to individuals affected by hate crimes and develop tools for reporting and monitoring them. We engage in advocacy and strategic litigation to turn individual cases into lasting changes in law and institutional practice. We produce research, [&hellip;]<\/p>\n","protected":false},"author":1,"featured_media":0,"parent":0,"menu_order":0,"comment_status":"closed","ping_status":"closed","template":"","meta":{"footnotes":""},"class_list":["post-7341","page","type-page","status-publish","hentry"],"yoast_head":"<!-- This site is optimized with the Yoast SEO plugin v27.3 - https:\/\/yoast.com\/product\/yoast-seo-wordpress\/ -->\n<title>Activity areas - \u017bydowskie Stowarzyszenie Czulent<\/title>\n<meta name=\"robots\" content=\"index, follow, max-snippet:-1, max-image-preview:large, max-video-preview:-1\" \/>\n<link rel=\"canonical\" href=\"https:\/\/czulent.pl\/en\/activity-areas\/\" \/>\n<meta property=\"og:locale\" content=\"en_US\" \/>\n<meta property=\"og:type\" content=\"article\" \/>\n<meta property=\"og:title\" content=\"Activity areas - \u017bydowskie Stowarzyszenie Czulent\" \/>\n<meta property=\"og:description\" content=\"We take a comprehensive approach to combating bias-motivated violence\u2014explore our areas of work. We provide legal and advisory support to individuals affected by hate crimes and develop tools for reporting and monitoring them. We engage in advocacy and strategic litigation to turn individual cases into lasting changes in law and institutional practice. We produce research, [&hellip;]\" \/>\n<meta property=\"og:url\" content=\"https:\/\/czulent.pl\/en\/activity-areas\/\" \/>\n<meta property=\"og:site_name\" content=\"\u017bydowskie Stowarzyszenie Czulent\" \/>\n<meta property=\"article:modified_time\" content=\"2026-04-12T11:31:19+00:00\" \/>\n<meta name=\"twitter:card\" content=\"summary_large_image\" \/>\n<meta name=\"twitter:label1\" content=\"Est. reading time\" \/>\n\t<meta name=\"twitter:data1\" content=\"4 minutes\" \/>\n<script type=\"application\/ld+json\" class=\"yoast-schema-graph\">{\"@context\":\"https:\\\/\\\/schema.org\",\"@graph\":[{\"@type\":\"WebPage\",\"@id\":\"https:\\\/\\\/czulent.pl\\\/en\\\/activity-areas\\\/\",\"url\":\"https:\\\/\\\/czulent.pl\\\/en\\\/activity-areas\\\/\",\"name\":\"Activity areas - \u017bydowskie Stowarzyszenie Czulent\",\"isPartOf\":{\"@id\":\"https:\\\/\\\/czulent.pl\\\/en\\\/#website\"},\"datePublished\":\"2026-02-18T10:55:37+00:00\",\"dateModified\":\"2026-04-12T11:31:19+00:00\",\"breadcrumb\":{\"@id\":\"https:\\\/\\\/czulent.pl\\\/en\\\/activity-areas\\\/#breadcrumb\"},\"inLanguage\":\"en-US\",\"potentialAction\":[{\"@type\":\"ReadAction\",\"target\":[\"https:\\\/\\\/czulent.pl\\\/en\\\/activity-areas\\\/\"]}]},{\"@type\":\"BreadcrumbList\",\"@id\":\"https:\\\/\\\/czulent.pl\\\/en\\\/activity-areas\\\/#breadcrumb\",\"itemListElement\":[{\"@type\":\"ListItem\",\"position\":1,\"name\":\"Strona g\u0142\u00f3wna\",\"item\":\"https:\\\/\\\/czulent.pl\\\/en\\\/\"},{\"@type\":\"ListItem\",\"position\":2,\"name\":\"Activity areas\"}]},{\"@type\":\"WebSite\",\"@id\":\"https:\\\/\\\/czulent.pl\\\/en\\\/#website\",\"url\":\"https:\\\/\\\/czulent.pl\\\/en\\\/\",\"name\":\"\u017bydowskie Stowarzyszenie Czulent\",\"description\":\"Stowarzyszenie dzia\u0142a poprzez rzecznictwo polityczne, spo\u0142eczne i prawne, oraz budowanie koalicji na rzecz szerzenia tolerancji, kszta\u0142towania postaw otwarto\u015bci ze szczeg\u00f3lnym naciskiem na dzia\u0142ania pot\u0119piaj\u0105ce antysemityzm.\",\"publisher\":{\"@id\":\"https:\\\/\\\/czulent.pl\\\/en\\\/#organization\"},\"potentialAction\":[{\"@type\":\"SearchAction\",\"target\":{\"@type\":\"EntryPoint\",\"urlTemplate\":\"https:\\\/\\\/czulent.pl\\\/en\\\/?s={search_term_string}\"},\"query-input\":{\"@type\":\"PropertyValueSpecification\",\"valueRequired\":true,\"valueName\":\"search_term_string\"}}],\"inLanguage\":\"en-US\"},{\"@type\":\"Organization\",\"@id\":\"https:\\\/\\\/czulent.pl\\\/en\\\/#organization\",\"name\":\"\u017bydowskie Stowarzyszenie Czulent\",\"url\":\"https:\\\/\\\/czulent.pl\\\/en\\\/\",\"logo\":{\"@type\":\"ImageObject\",\"inLanguage\":\"en-US\",\"@id\":\"https:\\\/\\\/czulent.pl\\\/en\\\/#\\\/schema\\\/logo\\\/image\\\/\",\"url\":\"https:\\\/\\\/czulent.pl\\\/wp-content\\\/uploads\\\/2021\\\/08\\\/czulent-logo-pl.png\",\"contentUrl\":\"https:\\\/\\\/czulent.pl\\\/wp-content\\\/uploads\\\/2021\\\/08\\\/czulent-logo-pl.png\",\"width\":178,\"height\":76,\"caption\":\"\u017bydowskie Stowarzyszenie Czulent\"},\"image\":{\"@id\":\"https:\\\/\\\/czulent.pl\\\/en\\\/#\\\/schema\\\/logo\\\/image\\\/\"}}]}<\/script>\n<!-- \/ Yoast SEO plugin. -->","yoast_head_json":{"title":"Activity areas - \u017bydowskie Stowarzyszenie Czulent","robots":{"index":"index","follow":"follow","max-snippet":"max-snippet:-1","max-image-preview":"max-image-preview:large","max-video-preview":"max-video-preview:-1"},"canonical":"https:\/\/czulent.pl\/en\/activity-areas\/","og_locale":"en_US","og_type":"article","og_title":"Activity areas - \u017bydowskie Stowarzyszenie Czulent","og_description":"We take a comprehensive approach to combating bias-motivated violence\u2014explore our areas of work. We provide legal and advisory support to individuals affected by hate crimes and develop tools for reporting and monitoring them. We engage in advocacy and strategic litigation to turn individual cases into lasting changes in law and institutional practice. We produce research, [&hellip;]","og_url":"https:\/\/czulent.pl\/en\/activity-areas\/","og_site_name":"\u017bydowskie Stowarzyszenie Czulent","article_modified_time":"2026-04-12T11:31:19+00:00","twitter_card":"summary_large_image","twitter_misc":{"Est. reading time":"4 minutes"},"schema":{"@context":"https:\/\/schema.org","@graph":[{"@type":"WebPage","@id":"https:\/\/czulent.pl\/en\/activity-areas\/","url":"https:\/\/czulent.pl\/en\/activity-areas\/","name":"Activity areas - \u017bydowskie Stowarzyszenie Czulent","isPartOf":{"@id":"https:\/\/czulent.pl\/en\/#website"},"datePublished":"2026-02-18T10:55:37+00:00","dateModified":"2026-04-12T11:31:19+00:00","breadcrumb":{"@id":"https:\/\/czulent.pl\/en\/activity-areas\/#breadcrumb"},"inLanguage":"en-US","potentialAction":[{"@type":"ReadAction","target":["https:\/\/czulent.pl\/en\/activity-areas\/"]}]},{"@type":"BreadcrumbList","@id":"https:\/\/czulent.pl\/en\/activity-areas\/#breadcrumb","itemListElement":[{"@type":"ListItem","position":1,"name":"Strona g\u0142\u00f3wna","item":"https:\/\/czulent.pl\/en\/"},{"@type":"ListItem","position":2,"name":"Activity areas"}]},{"@type":"WebSite","@id":"https:\/\/czulent.pl\/en\/#website","url":"https:\/\/czulent.pl\/en\/","name":"\u017bydowskie Stowarzyszenie Czulent","description":"Stowarzyszenie dzia\u0142a poprzez rzecznictwo polityczne, spo\u0142eczne i prawne, oraz budowanie koalicji na rzecz szerzenia tolerancji, kszta\u0142towania postaw otwarto\u015bci ze szczeg\u00f3lnym naciskiem na dzia\u0142ania pot\u0119piaj\u0105ce antysemityzm.","publisher":{"@id":"https:\/\/czulent.pl\/en\/#organization"},"potentialAction":[{"@type":"SearchAction","target":{"@type":"EntryPoint","urlTemplate":"https:\/\/czulent.pl\/en\/?s={search_term_string}"},"query-input":{"@type":"PropertyValueSpecification","valueRequired":true,"valueName":"search_term_string"}}],"inLanguage":"en-US"},{"@type":"Organization","@id":"https:\/\/czulent.pl\/en\/#organization","name":"\u017bydowskie Stowarzyszenie Czulent","url":"https:\/\/czulent.pl\/en\/","logo":{"@type":"ImageObject","inLanguage":"en-US","@id":"https:\/\/czulent.pl\/en\/#\/schema\/logo\/image\/","url":"https:\/\/czulent.pl\/wp-content\/uploads\/2021\/08\/czulent-logo-pl.png","contentUrl":"https:\/\/czulent.pl\/wp-content\/uploads\/2021\/08\/czulent-logo-pl.png","width":178,"height":76,"caption":"\u017bydowskie Stowarzyszenie Czulent"},"image":{"@id":"https:\/\/czulent.pl\/en\/#\/schema\/logo\/image\/"}}]}},"_links":{"self":[{"href":"https:\/\/czulent.pl\/en\/wp-json\/wp\/v2\/pages\/7341","targetHints":{"allow":["GET"]}}],"collection":[{"href":"https:\/\/czulent.pl\/en\/wp-json\/wp\/v2\/pages"}],"about":[{"href":"https:\/\/czulent.pl\/en\/wp-json\/wp\/v2\/types\/page"}],"author":[{"embeddable":true,"href":"https:\/\/czulent.pl\/en\/wp-json\/wp\/v2\/users\/1"}],"replies":[{"embeddable":true,"href":"https:\/\/czulent.pl\/en\/wp-json\/wp\/v2\/comments?post=7341"}],"version-history":[{"count":3,"href":"https:\/\/czulent.pl\/en\/wp-json\/wp\/v2\/pages\/7341\/revisions"}],"predecessor-version":[{"id":8293,"href":"https:\/\/czulent.pl\/en\/wp-json\/wp\/v2\/pages\/7341\/revisions\/8293"}],"wp:attachment":[{"href":"https:\/\/czulent.pl\/en\/wp-json\/wp\/v2\/media?parent=7341"}],"curies":[{"name":"wp","href":"https:\/\/api.w.org\/{rel}","templated":true}]}}