{"id":7346,"date":"2021-12-24T10:47:38","date_gmt":"2021-12-24T09:47:38","guid":{"rendered":"https:\/\/czulent.pl\/payment-cancellation\/"},"modified":"2026-04-08T16:21:25","modified_gmt":"2026-04-08T14:21:25","slug":"payment-cancellation","status":"publish","type":"page","link":"https:\/\/czulent.pl\/en\/payment-cancellation\/","title":{"rendered":"Payment cancellation"},"content":{"rendered":"\n<div class=\"wp-block-columns is-layout-flex wp-container-core-columns-is-layout-c083321c wp-block-columns-is-layout-flex\" style=\"padding-top:0;padding-right:5vw;padding-bottom:10vh;padding-left:5vw\">\n<div class=\"wp-block-column is-layout-flow wp-block-column-is-layout-flow\" style=\"flex-basis:50%\">\n<h3 class=\"wp-block-heading has-x-large-font-size\"><strong>The payment has been cancelled.<\/strong><\/h3>\n<\/div>\n\n\n\n<div class=\"wp-block-column is-layout-flow wp-block-column-is-layout-flow\" style=\"flex-basis:50%\">\n<p class=\"has-medium-font-size wp-container-content-0733e5d0\">Your transaction has been cancelled. <br\/>Other ways to support our work.<\/p>\n<\/div>\n<\/div>\n\n<div class=\"wp-block-columns is-layout-flex wp-container-core-columns-is-layout-94875df5 wp-block-columns-is-layout-flex\" style=\"padding-top:10vh;padding-right:5vw;padding-bottom:var(--wp--preset--spacing--60);padding-left:5vw\">\n<div class=\"wp-block-column has-global-padding is-content-justification-center is-layout-constrained wp-container-core-column-is-layout-8455c913 wp-block-column-is-layout-constrained\" style=\"border-right-width:1px;padding-top:var(--wp--preset--spacing--40);padding-bottom:var(--wp--preset--spacing--40);font-size:0rem\">\n<h3 class=\"wp-block-heading has-large-font-size\"><strong>Bank transfer<\/strong><\/h3>\n\n\n\n<p class=\"has-medium-font-size\" style=\"padding-top:var(--wp--preset--spacing--20);padding-bottom:var(--wp--preset--spacing--20)\">You can also support our work by making a bank transfer or setting up a recurring donation.<\/p>\n\n\n\n<p class=\"has-medium-font-size\" style=\"padding-top:var(--wp--preset--spacing--20);padding-bottom:var(--wp--preset--spacing--20)\">Jewish Association Czulent<br\/>\u015awi\u0119tego Sebastiana 36\/1<br\/>31-051 Krak\u00f3w<\/p>\n\n\n\n<p class=\"has-medium-font-size\" style=\"padding-top:var(--wp--preset--spacing--20);padding-bottom:var(--wp--preset--spacing--20)\">BNP Paribas Bank Polska S.A<br\/>BIC: PPABPLPK<\/p>\n\n\n\n<p class=\"has-medium-font-size\" style=\"padding-top:var(--wp--preset--spacing--20);padding-bottom:var(--wp--preset--spacing--20)\">42 1600 1462 1880 9351 6000 0001 (PLN)<br\/>58 1600 1462 1880 9351 6000 0004 (EUR)<br\/>31 1600 1462 1880 9351 6000 0005 (USD)<\/p>\n\n\n\n<p>BNP Paribas Bank Polska S.A<br\/>BIC: PPABPLPK<\/p>\n\n\n\n<p>42 1600 1462 1880 9351 6000 0001 (PLN)<br\/>58 1600 1462 1880 9351 6000 0004 (EUR)<br\/>31 1600 1462 1880 9351 6000 0005 (USD)<\/p>\n\n\n\n<p class=\"has-medium-font-size\" style=\"padding-top:var(--wp--preset--spacing--20);padding-bottom:var(--wp--preset--spacing--20)\">Payment reference: <em>Donation for statutory purposes<\/em><\/p>\n<\/div>\n\n\n\n<div class=\"wp-block-column has-global-padding is-layout-constrained wp-container-core-column-is-layout-9ace491e wp-block-column-is-layout-constrained\" style=\"border-top-left-radius:0px;border-top-right-radius:0px;border-bottom-left-radius:0px;border-bottom-right-radius:0px;border-right-width:1px;padding-top:var(--wp--preset--spacing--40);padding-right:0.2rem;padding-bottom:var(--wp--preset--spacing--40);padding-left:0\">\n<h3 class=\"wp-block-heading has-large-font-size\"><strong>BLIK to phone number<\/strong><\/h3>\n\n\n\n<p class=\"has-x-large-font-size\" style=\"padding-top:var(--wp--preset--spacing--50);padding-bottom:0\">789 157 659<\/p>\n\n\n\n<p class=\"has-medium-font-size\">Payment reference:<br\/><em>Donation for statutory purposes<\/em><\/p>\n<\/div>\n\n\n\n<div class=\"wp-block-column is-layout-flow wp-container-core-column-is-layout-bb47c5ef wp-block-column-is-layout-flow\" style=\"padding-top:var(--wp--preset--spacing--40);padding-bottom:var(--wp--preset--spacing--40)\">\n<h3 class=\"wp-block-heading has-large-font-size\"><strong>Support us with your expertise<\/strong><\/h3>\n\n\n\n<p>You can support us with your time and expertise. Become a volunteer and get involved in our work.  <\/p>\n\n\n\n<p>We welcome the opportunity to benefit from your expertise through workshops or by consulting on our advocacy activities.<\/p>\n\n\n\n<p class=\"has-small-font-size\"><br\/>Email or call:<\/p>\n\n\n\n<p><strong>+48 12 200 21 24<br\/>office@czulent.pl<\/strong><\/p>\n<\/div>\n<\/div>\n","protected":false},"excerpt":{"rendered":"<p>The payment has been cancelled. Your transaction has been cancelled. Other ways to support our work. Bank transfer You can also support our work by making a bank transfer or setting up a recurring donation. Jewish Association Czulent\u015awi\u0119tego Sebastiana 36\/131-051 Krak\u00f3w BNP Paribas Bank Polska S.ABIC: PPABPLPK 42 1600 1462 1880 9351 6000 0001 (PLN)58 [&hellip;]<\/p>\n","protected":false},"author":1,"featured_media":0,"parent":0,"menu_order":0,"comment_status":"closed","ping_status":"closed","template":"","meta":{"footnotes":""},"class_list":["post-7346","page","type-page","status-publish","hentry"],"yoast_head":"<!-- This site is optimized with the Yoast SEO plugin v27.4 - https:\/\/yoast.com\/product\/yoast-seo-wordpress\/ -->\n<title>Payment cancellation - \u017bydowskie Stowarzyszenie Czulent<\/title>\n<meta name=\"robots\" content=\"index, follow, max-snippet:-1, max-image-preview:large, max-video-preview:-1\" \/>\n<link rel=\"canonical\" href=\"https:\/\/czulent.pl\/en\/payment-cancellation\/\" \/>\n<meta property=\"og:locale\" content=\"en_US\" \/>\n<meta property=\"og:type\" content=\"article\" \/>\n<meta property=\"og:title\" content=\"Payment cancellation - \u017bydowskie Stowarzyszenie Czulent\" \/>\n<meta property=\"og:description\" content=\"The payment has been cancelled. Your transaction has been cancelled. Other ways to support our work. Bank transfer You can also support our work by making a bank transfer or setting up a recurring donation. Jewish Association Czulent\u015awi\u0119tego Sebastiana 36\/131-051 Krak\u00f3w BNP Paribas Bank Polska S.ABIC: PPABPLPK 42 1600 1462 1880 9351 6000 0001 (PLN)58 [&hellip;]\" \/>\n<meta property=\"og:url\" content=\"https:\/\/czulent.pl\/en\/payment-cancellation\/\" \/>\n<meta property=\"og:site_name\" content=\"\u017bydowskie Stowarzyszenie Czulent\" \/>\n<meta property=\"article:modified_time\" content=\"2026-04-08T14:21:25+00:00\" \/>\n<meta name=\"twitter:card\" content=\"summary_large_image\" \/>\n<meta name=\"twitter:label1\" content=\"Est. reading time\" \/>\n\t<meta name=\"twitter:data1\" content=\"1 minute\" \/>\n<script type=\"application\/ld+json\" class=\"yoast-schema-graph\">{\"@context\":\"https:\\\/\\\/schema.org\",\"@graph\":[{\"@type\":\"WebPage\",\"@id\":\"https:\\\/\\\/czulent.pl\\\/en\\\/payment-cancellation\\\/\",\"url\":\"https:\\\/\\\/czulent.pl\\\/en\\\/payment-cancellation\\\/\",\"name\":\"Payment cancellation - \u017bydowskie Stowarzyszenie Czulent\",\"isPartOf\":{\"@id\":\"https:\\\/\\\/czulent.pl\\\/en\\\/#website\"},\"datePublished\":\"2021-12-24T09:47:38+00:00\",\"dateModified\":\"2026-04-08T14:21:25+00:00\",\"breadcrumb\":{\"@id\":\"https:\\\/\\\/czulent.pl\\\/en\\\/payment-cancellation\\\/#breadcrumb\"},\"inLanguage\":\"en-US\",\"potentialAction\":[{\"@type\":\"ReadAction\",\"target\":[\"https:\\\/\\\/czulent.pl\\\/en\\\/payment-cancellation\\\/\"]}]},{\"@type\":\"BreadcrumbList\",\"@id\":\"https:\\\/\\\/czulent.pl\\\/en\\\/payment-cancellation\\\/#breadcrumb\",\"itemListElement\":[{\"@type\":\"ListItem\",\"position\":1,\"name\":\"Strona g\u0142\u00f3wna\",\"item\":\"https:\\\/\\\/czulent.pl\\\/en\\\/\"},{\"@type\":\"ListItem\",\"position\":2,\"name\":\"Payment cancellation\"}]},{\"@type\":\"WebSite\",\"@id\":\"https:\\\/\\\/czulent.pl\\\/en\\\/#website\",\"url\":\"https:\\\/\\\/czulent.pl\\\/en\\\/\",\"name\":\"\u017bydowskie Stowarzyszenie Czulent\",\"description\":\"Stowarzyszenie dzia\u0142a poprzez rzecznictwo polityczne, spo\u0142eczne i prawne, oraz budowanie koalicji na rzecz szerzenia tolerancji, kszta\u0142towania postaw otwarto\u015bci ze szczeg\u00f3lnym naciskiem na dzia\u0142ania pot\u0119piaj\u0105ce antysemityzm.\",\"publisher\":{\"@id\":\"https:\\\/\\\/czulent.pl\\\/en\\\/#organization\"},\"potentialAction\":[{\"@type\":\"SearchAction\",\"target\":{\"@type\":\"EntryPoint\",\"urlTemplate\":\"https:\\\/\\\/czulent.pl\\\/en\\\/?s={search_term_string}\"},\"query-input\":{\"@type\":\"PropertyValueSpecification\",\"valueRequired\":true,\"valueName\":\"search_term_string\"}}],\"inLanguage\":\"en-US\"},{\"@type\":\"Organization\",\"@id\":\"https:\\\/\\\/czulent.pl\\\/en\\\/#organization\",\"name\":\"\u017bydowskie Stowarzyszenie Czulent\",\"url\":\"https:\\\/\\\/czulent.pl\\\/en\\\/\",\"logo\":{\"@type\":\"ImageObject\",\"inLanguage\":\"en-US\",\"@id\":\"https:\\\/\\\/czulent.pl\\\/en\\\/#\\\/schema\\\/logo\\\/image\\\/\",\"url\":\"https:\\\/\\\/czulent.pl\\\/wp-content\\\/uploads\\\/2021\\\/08\\\/czulent-logo-pl.png\",\"contentUrl\":\"https:\\\/\\\/czulent.pl\\\/wp-content\\\/uploads\\\/2021\\\/08\\\/czulent-logo-pl.png\",\"width\":178,\"height\":76,\"caption\":\"\u017bydowskie Stowarzyszenie Czulent\"},\"image\":{\"@id\":\"https:\\\/\\\/czulent.pl\\\/en\\\/#\\\/schema\\\/logo\\\/image\\\/\"}}]}<\/script>\n<!-- \/ Yoast SEO plugin. -->","yoast_head_json":{"title":"Payment cancellation - \u017bydowskie Stowarzyszenie Czulent","robots":{"index":"index","follow":"follow","max-snippet":"max-snippet:-1","max-image-preview":"max-image-preview:large","max-video-preview":"max-video-preview:-1"},"canonical":"https:\/\/czulent.pl\/en\/payment-cancellation\/","og_locale":"en_US","og_type":"article","og_title":"Payment cancellation - \u017bydowskie Stowarzyszenie Czulent","og_description":"The payment has been cancelled. Your transaction has been cancelled. Other ways to support our work. Bank transfer You can also support our work by making a bank transfer or setting up a recurring donation. Jewish Association Czulent\u015awi\u0119tego Sebastiana 36\/131-051 Krak\u00f3w BNP Paribas Bank Polska S.ABIC: PPABPLPK 42 1600 1462 1880 9351 6000 0001 (PLN)58 [&hellip;]","og_url":"https:\/\/czulent.pl\/en\/payment-cancellation\/","og_site_name":"\u017bydowskie Stowarzyszenie Czulent","article_modified_time":"2026-04-08T14:21:25+00:00","twitter_card":"summary_large_image","twitter_misc":{"Est. reading time":"1 minute"},"schema":{"@context":"https:\/\/schema.org","@graph":[{"@type":"WebPage","@id":"https:\/\/czulent.pl\/en\/payment-cancellation\/","url":"https:\/\/czulent.pl\/en\/payment-cancellation\/","name":"Payment cancellation - \u017bydowskie Stowarzyszenie Czulent","isPartOf":{"@id":"https:\/\/czulent.pl\/en\/#website"},"datePublished":"2021-12-24T09:47:38+00:00","dateModified":"2026-04-08T14:21:25+00:00","breadcrumb":{"@id":"https:\/\/czulent.pl\/en\/payment-cancellation\/#breadcrumb"},"inLanguage":"en-US","potentialAction":[{"@type":"ReadAction","target":["https:\/\/czulent.pl\/en\/payment-cancellation\/"]}]},{"@type":"BreadcrumbList","@id":"https:\/\/czulent.pl\/en\/payment-cancellation\/#breadcrumb","itemListElement":[{"@type":"ListItem","position":1,"name":"Strona g\u0142\u00f3wna","item":"https:\/\/czulent.pl\/en\/"},{"@type":"ListItem","position":2,"name":"Payment cancellation"}]},{"@type":"WebSite","@id":"https:\/\/czulent.pl\/en\/#website","url":"https:\/\/czulent.pl\/en\/","name":"\u017bydowskie Stowarzyszenie Czulent","description":"Stowarzyszenie dzia\u0142a poprzez rzecznictwo polityczne, spo\u0142eczne i prawne, oraz budowanie koalicji na rzecz szerzenia tolerancji, kszta\u0142towania postaw otwarto\u015bci ze szczeg\u00f3lnym naciskiem na dzia\u0142ania pot\u0119piaj\u0105ce antysemityzm.","publisher":{"@id":"https:\/\/czulent.pl\/en\/#organization"},"potentialAction":[{"@type":"SearchAction","target":{"@type":"EntryPoint","urlTemplate":"https:\/\/czulent.pl\/en\/?s={search_term_string}"},"query-input":{"@type":"PropertyValueSpecification","valueRequired":true,"valueName":"search_term_string"}}],"inLanguage":"en-US"},{"@type":"Organization","@id":"https:\/\/czulent.pl\/en\/#organization","name":"\u017bydowskie Stowarzyszenie Czulent","url":"https:\/\/czulent.pl\/en\/","logo":{"@type":"ImageObject","inLanguage":"en-US","@id":"https:\/\/czulent.pl\/en\/#\/schema\/logo\/image\/","url":"https:\/\/czulent.pl\/wp-content\/uploads\/2021\/08\/czulent-logo-pl.png","contentUrl":"https:\/\/czulent.pl\/wp-content\/uploads\/2021\/08\/czulent-logo-pl.png","width":178,"height":76,"caption":"\u017bydowskie Stowarzyszenie Czulent"},"image":{"@id":"https:\/\/czulent.pl\/en\/#\/schema\/logo\/image\/"}}]}},"_links":{"self":[{"href":"https:\/\/czulent.pl\/en\/wp-json\/wp\/v2\/pages\/7346","targetHints":{"allow":["GET"]}}],"collection":[{"href":"https:\/\/czulent.pl\/en\/wp-json\/wp\/v2\/pages"}],"about":[{"href":"https:\/\/czulent.pl\/en\/wp-json\/wp\/v2\/types\/page"}],"author":[{"embeddable":true,"href":"https:\/\/czulent.pl\/en\/wp-json\/wp\/v2\/users\/1"}],"replies":[{"embeddable":true,"href":"https:\/\/czulent.pl\/en\/wp-json\/wp\/v2\/comments?post=7346"}],"version-history":[{"count":4,"href":"https:\/\/czulent.pl\/en\/wp-json\/wp\/v2\/pages\/7346\/revisions"}],"predecessor-version":[{"id":7788,"href":"https:\/\/czulent.pl\/en\/wp-json\/wp\/v2\/pages\/7346\/revisions\/7788"}],"wp:attachment":[{"href":"https:\/\/czulent.pl\/en\/wp-json\/wp\/v2\/media?parent=7346"}],"curies":[{"name":"wp","href":"https:\/\/api.w.org\/{rel}","templated":true}]}}