{"id":7350,"date":"2021-09-11T08:44:05","date_gmt":"2021-09-11T06:44:05","guid":{"rendered":"https:\/\/czulent.pl\/partners-and-coalitions\/"},"modified":"2026-04-12T15:15:38","modified_gmt":"2026-04-12T13:15:38","slug":"partners-and-coalitions","status":"publish","type":"page","link":"https:\/\/czulent.pl\/en\/partners-and-coalitions\/","title":{"rendered":"Partners and coalitions"},"content":{"rendered":"\n<div class=\"wp-block-columns is-layout-flex wp-container-core-columns-is-layout-c083321c wp-block-columns-is-layout-flex\" style=\"padding-top:0;padding-right:5vw;padding-bottom:10vh;padding-left:5vw\">\n<div class=\"wp-block-column is-layout-flow wp-block-column-is-layout-flow\" style=\"flex-basis:50%\">\n<h3 class=\"wp-block-heading has-x-large-font-size\">By building partnerships and coalitions, we work together for an open civil society.<\/h3>\n<\/div>\n\n\n\n<div class=\"wp-block-column is-layout-flow wp-block-column-is-layout-flow\" style=\"flex-basis:50%\">\n<p class=\"has-medium-font-size wp-container-content-0733e5d0\">We believe that lasting change requires collaboration. We build bridges between academia, public administration, and civil society.<br>We act at both the local and European levels, providing recommendations that strengthen the protection of human rights. <\/p>\n<\/div>\n<\/div>\n\n\n\n<div class=\"wp-block-columns has-custom-background-2-background-color has-background is-layout-flex wp-container-core-columns-is-layout-9ce89725 wp-block-columns-is-layout-flex\" style=\"padding-top:15vh;padding-right:5vw;padding-bottom:15vh;padding-left:5vw\">\n<div class=\"wp-block-column is-layout-flow wp-container-core-column-is-layout-a1aa4ac3 wp-block-column-is-layout-flow\" style=\"border-right-width:1px;padding-right:1.5rem\">\n<h3 class=\"wp-block-heading has-large-font-size\" style=\"padding-top:var(--wp--preset--spacing--40);padding-bottom:var(--wp--preset--spacing--40)\">We are active leader of national and international coalitions.<\/h3>\n<\/div>\n\n\n\n<div class=\"wp-block-column has-global-padding is-layout-constrained wp-container-core-column-is-layout-450ac0ac wp-block-column-is-layout-constrained\" style=\"border-top-left-radius:0px;border-top-right-radius:0px;border-bottom-left-radius:0px;border-bottom-right-radius:0px;border-right-width:1px;padding-right:2rem;padding-left:0\">\n<h3 class=\"wp-block-heading has-large-font-size\" style=\"padding-top:var(--wp--preset--spacing--40);padding-bottom:var(--wp--preset--spacing--40)\">We create cross-sectoral alliances z with academia and public sector.<\/h3>\n<\/div>\n\n\n\n<div class=\"wp-block-column has-global-padding is-layout-constrained wp-container-core-column-is-layout-a0abc22d wp-block-column-is-layout-constrained\" style=\"padding-top:var(--wp--preset--spacing--40);padding-bottom:var(--wp--preset--spacing--40)\">\n<h3 class=\"wp-block-heading has-large-font-size\">We cooperate with over 60 partners in Poland and abroad.<\/h3>\n<\/div>\n<\/div>\n\n\n\n<div class=\"wp-block-columns is-layout-flex wp-container-core-columns-is-layout-9ce89725 wp-block-columns-is-layout-flex\" style=\"padding-top:15vh;padding-right:5vw;padding-bottom:15vh;padding-left:5vw\">\n<div class=\"wp-block-column is-layout-flow wp-block-column-is-layout-flow\">\n<div class=\"wp-block-buttons alignwide has-custom-font-size partnerzy-linki has-medium-font-size is-content-justification-center is-layout-flex wp-container-core-buttons-is-layout-c124d1c4 wp-block-buttons-is-layout-flex\">\n<div class=\"wp-block-button is-style-outline is-style-outline--1\"><a class=\"wp-block-button__link wp-element-button\" href=\"https:\/\/www.inach.net\/\" target=\"_blank\" rel=\"noreferrer noopener\"><strong>International Network<br>Against Cyber Hate (INACH)<\/strong><\/a><\/div>\n\n\n\n<div class=\"wp-block-button is-style-outline is-style-outline--2\"><a class=\"wp-block-button__link wp-element-button\" href=\"https:\/\/countering-online-antisemitism.org\/\" target=\"_blank\" rel=\"noreferrer noopener\"><strong><strong>Coalition to Counter <br>Online Antisemitism (CCOA)<\/strong><\/strong><\/a><\/div>\n\n\n\n<div class=\"wp-block-button is-style-outline is-style-outline--3\"><a class=\"wp-block-button__link wp-element-button\" href=\"https:\/\/encate.eu\/\" target=\"_blank\" rel=\"noreferrer noopener\"><strong>European Network for Countering <\/strong><br><strong>Antisemitism Through Education (ENCATE)<\/strong><\/a><\/div>\n\n\n\n<div class=\"wp-block-button is-style-outline is-style-outline--4\"><a class=\"wp-block-button__link wp-element-button\" href=\"https:\/\/enma.eu\/\" target=\"_blank\" rel=\"noreferrer noopener\"><strong>European Network<br>on Monitoring Antisemitism (ENMA)<\/strong><\/a><\/div>\n\n\n\n<div class=\"wp-block-button is-style-outline is-style-outline--5\"><a class=\"wp-block-button__link wp-element-button\" href=\"https:\/\/komm.org.pl\/\" target=\"_blank\" rel=\"noreferrer noopener\"><strong>Koalicja Organizacji <\/strong><br><strong>Mniejszo\u015bciowych i Migranckich (KOMM)<\/strong><\/a><\/div>\n\n\n\n<div class=\"wp-block-button is-style-outline is-style-outline--6\"><a class=\"wp-block-button__link wp-element-button\" href=\"https:\/\/www.facingfacts.eu\/\" target=\"_blank\" rel=\"noreferrer noopener\"><strong>Facing Facts <\/strong><br><strong>Network<\/strong><\/a><\/div>\n\n\n\n<div class=\"wp-block-button is-style-outline is-style-outline--7\"><a class=\"wp-block-button__link wp-element-button\" href=\"https:\/\/naszrzecznik.pl\/\" target=\"_blank\" rel=\"noreferrer noopener\"><strong>Koalicja <br>Nasz Rzecznik<\/strong><\/a><\/div>\n\n\n\n<div class=\"wp-block-button is-style-outline is-style-outline--8\"><a class=\"wp-block-button__link wp-element-button\" href=\"https:\/\/ptpa.org.pl\/koalicja-rownych-szans\/\" target=\"_blank\" rel=\"noreferrer noopener\"><strong>Koalicja <br>R\u00f3wnych Szans<\/strong><\/a><\/div>\n<\/div>\n<\/div>\n<\/div>\n\n\n\n<div class=\"wp-block-columns has-custom-block-background-color has-background is-layout-flex wp-container-core-columns-is-layout-70de948e wp-block-columns-is-layout-flex\" style=\"padding-top:5vh;padding-right:5vw;padding-bottom:5vh;padding-left:5vw\">\n<div class=\"wp-block-column is-layout-flow wp-block-column-is-layout-flow\">\n<p>Want to collaborate with us?<\/p>\n\n\n\n<p class=\"has-custom-szary-color has-text-color has-link-color wp-elements-a77d27509064117f9dd2342423d7ec3e\">Get in touch with us<\/p>\n\n\n\n<div class=\"wp-block-group has-x-large-font-size has-global-padding is-layout-constrained wp-container-core-group-is-layout-ad3f01d4 wp-block-group-is-layout-constrained\" style=\"padding-top:5vh\">\n<p class=\"has-xx-large-font-size\">+48 12 200 2124<\/p>\n\n\n\n<p class=\"has-xx-large-font-size\">office@czulent.pl<\/p>\n<\/div>\n<\/div>\n<\/div>\n\n\n\n<div class=\"wp-block-group poznaj-nas-menu has-custom-background-2-background-color has-background has-global-padding is-layout-constrained wp-block-group-is-layout-constrained\" style=\"padding-bottom:10vh\">\n<div class=\"wp-block-columns is-layout-flex wp-container-core-columns-is-layout-28f84493 wp-block-columns-is-layout-flex\" style=\"border-bottom-width:1px\">\n<div class=\"wp-block-column is-layout-flow wp-block-column-is-layout-flow\" style=\"padding-top:10vh;padding-right:5vw;padding-bottom:var(--wp--preset--spacing--20);padding-left:5vw\">\n<h4 class=\"wp-block-heading has-large-font-size\">Get to know us<\/h4>\n<\/div>\n<\/div>\n\n\n\n<div class=\"wp-block-columns is-layout-flex wp-container-core-columns-is-layout-a1ca81da wp-block-columns-is-layout-flex\" style=\"padding-top:var(--wp--preset--spacing--30);padding-right:5vw;padding-bottom:var(--wp--preset--spacing--30);padding-left:5vw\">\n<div class=\"wp-block-column is-layout-flow wp-block-column-is-layout-flow\">\n<div class=\"wp-block-buttons is-layout-flex wp-block-buttons-is-layout-flex\">\n<div class=\"wp-block-button is-style-outline is-style-outline--9\"><a class=\"wp-block-button__link has-xx-large-font-size has-custom-font-size wp-element-button\" href=\"https:\/\/czulent.pl\/en\/about-us-why-we-act\/\" style=\"border-style:none;border-width:0px\">About us \u2013 why we act<\/a><\/div>\n<\/div>\n\n\n\n<div class=\"wp-block-buttons is-layout-flex wp-block-buttons-is-layout-flex\">\n<div class=\"wp-block-button is-style-outline is-style-outline--10\"><a class=\"wp-block-button__link has-xx-large-font-size has-custom-font-size wp-element-button\" href=\"https:\/\/czulent.pl\/en\/our-history\/\" style=\"border-style:none;border-width:0px\">Our history<\/a><\/div>\n<\/div>\n\n\n\n<div class=\"wp-block-buttons is-layout-flex wp-block-buttons-is-layout-flex\">\n<div class=\"wp-block-button is-style-outline is-style-outline--11\"><a class=\"wp-block-button__link has-xx-large-font-size has-custom-font-size wp-element-button\" href=\"https:\/\/czulent.pl\/en\/our-team\/\" style=\"border-style:none;border-width:0px\">Team<\/a><\/div>\n<\/div>\n\n\n\n<div class=\"wp-block-buttons is-layout-flex wp-block-buttons-is-layout-flex\">\n<div class=\"wp-block-button is-style-outline is-style-outline--12\"><a class=\"wp-block-button__link has-xx-large-font-size has-custom-font-size wp-element-button\" href=\"https:\/\/czulent.pl\/en\/funding-and-donors\/\" style=\"border-style:none;border-width:0px\">Funding and Donors<\/a><\/div>\n<\/div>\n\n\n\n<div class=\"wp-block-buttons is-layout-flex wp-block-buttons-is-layout-flex\">\n<div class=\"wp-block-button is-style-outline is-style-outline--13\"><a class=\"wp-block-button__link has-xx-large-font-size has-custom-font-size wp-element-button\" href=\"https:\/\/czulent.pl\/en\/reports-and-financials\/\" style=\"border-style:none;border-width:0px\">Reports and Financials<\/a><\/div>\n<\/div>\n\n\n\n<div class=\"wp-block-buttons is-layout-flex wp-block-buttons-is-layout-flex\">\n<div class=\"wp-block-button is-style-outline is-style-outline--14\"><a class=\"wp-block-button__link has-xx-large-font-size has-custom-font-size wp-element-button\" href=\"https:\/\/czulent.pl\/en\/partners\/\" style=\"border-style:none;border-width:0px\">Partners and coalitions<\/a><\/div>\n<\/div>\n<\/div>\n<\/div>\n<\/div>\n","protected":false},"excerpt":{"rendered":"<p>By building partnerships and coalitions, we work together for an open civil society. We believe that lasting change requires collaboration. We build bridges between academia, public administration, and civil society.We act at both the local and European levels, providing recommendations that strengthen the protection of human rights. We are active leader of national and international [&hellip;]<\/p>\n","protected":false},"author":1,"featured_media":0,"parent":0,"menu_order":0,"comment_status":"closed","ping_status":"closed","template":"","meta":{"footnotes":""},"class_list":["post-7350","page","type-page","status-publish","hentry"],"yoast_head":"<!-- This site is optimized with the Yoast SEO plugin v27.3 - https:\/\/yoast.com\/product\/yoast-seo-wordpress\/ -->\n<title>Partners and coalitions - \u017bydowskie Stowarzyszenie Czulent<\/title>\n<meta name=\"robots\" content=\"index, follow, max-snippet:-1, max-image-preview:large, max-video-preview:-1\" \/>\n<link rel=\"canonical\" href=\"https:\/\/czulent.pl\/en\/partners-and-coalitions\/\" \/>\n<meta property=\"og:locale\" content=\"en_US\" \/>\n<meta property=\"og:type\" content=\"article\" \/>\n<meta property=\"og:title\" content=\"Partners and coalitions - \u017bydowskie Stowarzyszenie Czulent\" \/>\n<meta property=\"og:description\" content=\"By building partnerships and coalitions, we work together for an open civil society. We believe that lasting change requires collaboration. We build bridges between academia, public administration, and civil society.We act at both the local and European levels, providing recommendations that strengthen the protection of human rights. We are active leader of national and international [&hellip;]\" \/>\n<meta property=\"og:url\" content=\"https:\/\/czulent.pl\/en\/partners-and-coalitions\/\" \/>\n<meta property=\"og:site_name\" content=\"\u017bydowskie Stowarzyszenie Czulent\" \/>\n<meta property=\"article:modified_time\" content=\"2026-04-12T13:15:38+00:00\" \/>\n<meta name=\"twitter:card\" content=\"summary_large_image\" \/>\n<meta name=\"twitter:label1\" content=\"Est. reading time\" \/>\n\t<meta name=\"twitter:data1\" content=\"2 minutes\" \/>\n<script type=\"application\/ld+json\" class=\"yoast-schema-graph\">{\"@context\":\"https:\\\/\\\/schema.org\",\"@graph\":[{\"@type\":\"WebPage\",\"@id\":\"https:\\\/\\\/czulent.pl\\\/en\\\/partners-and-coalitions\\\/\",\"url\":\"https:\\\/\\\/czulent.pl\\\/en\\\/partners-and-coalitions\\\/\",\"name\":\"Partners and coalitions - \u017bydowskie Stowarzyszenie Czulent\",\"isPartOf\":{\"@id\":\"https:\\\/\\\/czulent.pl\\\/en\\\/#website\"},\"datePublished\":\"2021-09-11T06:44:05+00:00\",\"dateModified\":\"2026-04-12T13:15:38+00:00\",\"breadcrumb\":{\"@id\":\"https:\\\/\\\/czulent.pl\\\/en\\\/partners-and-coalitions\\\/#breadcrumb\"},\"inLanguage\":\"en-US\",\"potentialAction\":[{\"@type\":\"ReadAction\",\"target\":[\"https:\\\/\\\/czulent.pl\\\/en\\\/partners-and-coalitions\\\/\"]}]},{\"@type\":\"BreadcrumbList\",\"@id\":\"https:\\\/\\\/czulent.pl\\\/en\\\/partners-and-coalitions\\\/#breadcrumb\",\"itemListElement\":[{\"@type\":\"ListItem\",\"position\":1,\"name\":\"Strona g\u0142\u00f3wna\",\"item\":\"https:\\\/\\\/czulent.pl\\\/en\\\/\"},{\"@type\":\"ListItem\",\"position\":2,\"name\":\"Partners and coalitions\"}]},{\"@type\":\"WebSite\",\"@id\":\"https:\\\/\\\/czulent.pl\\\/en\\\/#website\",\"url\":\"https:\\\/\\\/czulent.pl\\\/en\\\/\",\"name\":\"\u017bydowskie Stowarzyszenie Czulent\",\"description\":\"Stowarzyszenie dzia\u0142a poprzez rzecznictwo polityczne, spo\u0142eczne i prawne, oraz budowanie koalicji na rzecz szerzenia tolerancji, kszta\u0142towania postaw otwarto\u015bci ze szczeg\u00f3lnym naciskiem na dzia\u0142ania pot\u0119piaj\u0105ce antysemityzm.\",\"publisher\":{\"@id\":\"https:\\\/\\\/czulent.pl\\\/en\\\/#organization\"},\"potentialAction\":[{\"@type\":\"SearchAction\",\"target\":{\"@type\":\"EntryPoint\",\"urlTemplate\":\"https:\\\/\\\/czulent.pl\\\/en\\\/?s={search_term_string}\"},\"query-input\":{\"@type\":\"PropertyValueSpecification\",\"valueRequired\":true,\"valueName\":\"search_term_string\"}}],\"inLanguage\":\"en-US\"},{\"@type\":\"Organization\",\"@id\":\"https:\\\/\\\/czulent.pl\\\/en\\\/#organization\",\"name\":\"\u017bydowskie Stowarzyszenie Czulent\",\"url\":\"https:\\\/\\\/czulent.pl\\\/en\\\/\",\"logo\":{\"@type\":\"ImageObject\",\"inLanguage\":\"en-US\",\"@id\":\"https:\\\/\\\/czulent.pl\\\/en\\\/#\\\/schema\\\/logo\\\/image\\\/\",\"url\":\"https:\\\/\\\/czulent.pl\\\/wp-content\\\/uploads\\\/2021\\\/08\\\/czulent-logo-pl.png\",\"contentUrl\":\"https:\\\/\\\/czulent.pl\\\/wp-content\\\/uploads\\\/2021\\\/08\\\/czulent-logo-pl.png\",\"width\":178,\"height\":76,\"caption\":\"\u017bydowskie Stowarzyszenie Czulent\"},\"image\":{\"@id\":\"https:\\\/\\\/czulent.pl\\\/en\\\/#\\\/schema\\\/logo\\\/image\\\/\"}}]}<\/script>\n<!-- \/ Yoast SEO plugin. -->","yoast_head_json":{"title":"Partners and coalitions - \u017bydowskie Stowarzyszenie Czulent","robots":{"index":"index","follow":"follow","max-snippet":"max-snippet:-1","max-image-preview":"max-image-preview:large","max-video-preview":"max-video-preview:-1"},"canonical":"https:\/\/czulent.pl\/en\/partners-and-coalitions\/","og_locale":"en_US","og_type":"article","og_title":"Partners and coalitions - \u017bydowskie Stowarzyszenie Czulent","og_description":"By building partnerships and coalitions, we work together for an open civil society. We believe that lasting change requires collaboration. We build bridges between academia, public administration, and civil society.We act at both the local and European levels, providing recommendations that strengthen the protection of human rights. We are active leader of national and international [&hellip;]","og_url":"https:\/\/czulent.pl\/en\/partners-and-coalitions\/","og_site_name":"\u017bydowskie Stowarzyszenie Czulent","article_modified_time":"2026-04-12T13:15:38+00:00","twitter_card":"summary_large_image","twitter_misc":{"Est. reading time":"2 minutes"},"schema":{"@context":"https:\/\/schema.org","@graph":[{"@type":"WebPage","@id":"https:\/\/czulent.pl\/en\/partners-and-coalitions\/","url":"https:\/\/czulent.pl\/en\/partners-and-coalitions\/","name":"Partners and coalitions - \u017bydowskie Stowarzyszenie Czulent","isPartOf":{"@id":"https:\/\/czulent.pl\/en\/#website"},"datePublished":"2021-09-11T06:44:05+00:00","dateModified":"2026-04-12T13:15:38+00:00","breadcrumb":{"@id":"https:\/\/czulent.pl\/en\/partners-and-coalitions\/#breadcrumb"},"inLanguage":"en-US","potentialAction":[{"@type":"ReadAction","target":["https:\/\/czulent.pl\/en\/partners-and-coalitions\/"]}]},{"@type":"BreadcrumbList","@id":"https:\/\/czulent.pl\/en\/partners-and-coalitions\/#breadcrumb","itemListElement":[{"@type":"ListItem","position":1,"name":"Strona g\u0142\u00f3wna","item":"https:\/\/czulent.pl\/en\/"},{"@type":"ListItem","position":2,"name":"Partners and coalitions"}]},{"@type":"WebSite","@id":"https:\/\/czulent.pl\/en\/#website","url":"https:\/\/czulent.pl\/en\/","name":"\u017bydowskie Stowarzyszenie Czulent","description":"Stowarzyszenie dzia\u0142a poprzez rzecznictwo polityczne, spo\u0142eczne i prawne, oraz budowanie koalicji na rzecz szerzenia tolerancji, kszta\u0142towania postaw otwarto\u015bci ze szczeg\u00f3lnym naciskiem na dzia\u0142ania pot\u0119piaj\u0105ce antysemityzm.","publisher":{"@id":"https:\/\/czulent.pl\/en\/#organization"},"potentialAction":[{"@type":"SearchAction","target":{"@type":"EntryPoint","urlTemplate":"https:\/\/czulent.pl\/en\/?s={search_term_string}"},"query-input":{"@type":"PropertyValueSpecification","valueRequired":true,"valueName":"search_term_string"}}],"inLanguage":"en-US"},{"@type":"Organization","@id":"https:\/\/czulent.pl\/en\/#organization","name":"\u017bydowskie Stowarzyszenie Czulent","url":"https:\/\/czulent.pl\/en\/","logo":{"@type":"ImageObject","inLanguage":"en-US","@id":"https:\/\/czulent.pl\/en\/#\/schema\/logo\/image\/","url":"https:\/\/czulent.pl\/wp-content\/uploads\/2021\/08\/czulent-logo-pl.png","contentUrl":"https:\/\/czulent.pl\/wp-content\/uploads\/2021\/08\/czulent-logo-pl.png","width":178,"height":76,"caption":"\u017bydowskie Stowarzyszenie Czulent"},"image":{"@id":"https:\/\/czulent.pl\/en\/#\/schema\/logo\/image\/"}}]}},"_links":{"self":[{"href":"https:\/\/czulent.pl\/en\/wp-json\/wp\/v2\/pages\/7350","targetHints":{"allow":["GET"]}}],"collection":[{"href":"https:\/\/czulent.pl\/en\/wp-json\/wp\/v2\/pages"}],"about":[{"href":"https:\/\/czulent.pl\/en\/wp-json\/wp\/v2\/types\/page"}],"author":[{"embeddable":true,"href":"https:\/\/czulent.pl\/en\/wp-json\/wp\/v2\/users\/1"}],"replies":[{"embeddable":true,"href":"https:\/\/czulent.pl\/en\/wp-json\/wp\/v2\/comments?post=7350"}],"version-history":[{"count":4,"href":"https:\/\/czulent.pl\/en\/wp-json\/wp\/v2\/pages\/7350\/revisions"}],"predecessor-version":[{"id":8325,"href":"https:\/\/czulent.pl\/en\/wp-json\/wp\/v2\/pages\/7350\/revisions\/8325"}],"wp:attachment":[{"href":"https:\/\/czulent.pl\/en\/wp-json\/wp\/v2\/media?parent=7350"}],"curies":[{"name":"wp","href":"https:\/\/api.w.org\/{rel}","templated":true}]}}