{"id":7362,"date":"2021-08-21T07:51:25","date_gmt":"2021-08-21T05:51:25","guid":{"rendered":"https:\/\/czulent.pl\/blog\/"},"modified":"2026-04-12T12:36:14","modified_gmt":"2026-04-12T10:36:14","slug":"blog","status":"publish","type":"page","link":"https:\/\/czulent.pl\/en\/blog\/","title":{"rendered":"Blog"},"content":{"rendered":"\n<div class=\"wp-block-group has-global-padding is-layout-constrained wp-block-group-is-layout-constrained\">\n<div class=\"wp-block-columns is-layout-flex wp-container-core-columns-is-layout-c083321c wp-block-columns-is-layout-flex\" style=\"padding-top:0;padding-right:5vw;padding-bottom:10vh;padding-left:5vw\">\n<div class=\"wp-block-column is-layout-flow wp-block-column-is-layout-flow\" style=\"flex-basis:50%\">\n<h3 class=\"wp-block-heading has-x-large-font-size\"><strong>On our blog, we keep you updated on our activities.<\/strong><\/h3>\n<\/div>\n\n\n\n<div class=\"wp-block-column is-layout-flow wp-block-column-is-layout-flow\" style=\"flex-basis:50%\">\n<p class=\"has-medium-font-size wp-container-content-0733e5d0\">Below you will find analyses and an overview of our efforts to drive change. We publish the results of monitoring antisemitism and hate crimes, describe our legal support, strategic litigation, and advocacy work, presenting how we translate individual cases into changes in law and public policy. We share research, recommendations, and good practices that strengthen human rights and an open society.  <\/p>\n<\/div>\n<\/div>\n<\/div>\n\n\n\n<div class=\"wp-block-group is-style-section-1 has-custom-background-2-background-color has-background has-global-padding is-layout-constrained wp-container-core-group-is-layout-81c6d052 wp-block-group-is-layout-constrained is-style-section-1--1\" style=\"padding-right:5vw;padding-bottom:15vh;padding-left:5vw\">\n<p class=\"has-medium-font-size\" style=\"padding-top:5vh;padding-bottom:10vh\">Latest articles<\/p>\n\n\n\n<div class=\"wp-block-query is-layout-flow wp-block-query-is-layout-flow\"><ul class=\"columns-3 post-zajawka wp-block-post-template has-small-font-size is-layout-grid wp-container-core-post-template-is-layout-6d3fbd8f wp-block-post-template-is-layout-grid\"><li class=\"wp-block-post post-7396 post type-post status-publish format-standard hentry category-advocacy-and-systemic-change category-education-and-good-practices category-monitoring-of-bias-motivated-crimes category-public-policies-and-administration category-research-analysis-and-recommendations\">\n\n<div class=\"wp-block-columns is-layout-flex wp-container-core-columns-is-layout-28f84493 wp-block-columns-is-layout-flex\">\n<div class=\"wp-block-column has-small-font-size is-layout-flow wp-block-column-is-layout-flow\"><div class=\"taxonomy-category wp-block-post-terms has-small-font-size\"><a href=\"https:\/\/czulent.pl\/en\/category\/advocacy-and-systemic-change\/\" rel=\"tag\">Advocacy and systemic change<\/a><span class=\"wp-block-post-terms__separator\">, <\/span><a href=\"https:\/\/czulent.pl\/en\/category\/education-and-good-practices\/\" rel=\"tag\">Education and good practices<\/a><span class=\"wp-block-post-terms__separator\">, <\/span><a href=\"https:\/\/czulent.pl\/en\/category\/monitoring-of-bias-motivated-crimes\/\" rel=\"tag\">Monitoring of bias-motivated crimes<\/a><span class=\"wp-block-post-terms__separator\">, <\/span><a href=\"https:\/\/czulent.pl\/en\/category\/public-policies-and-administration\/\" rel=\"tag\">Public policies and administration<\/a><span class=\"wp-block-post-terms__separator\">, <\/span><a href=\"https:\/\/czulent.pl\/en\/category\/research-analysis-and-recommendations\/\" rel=\"tag\">Research, analysis, and recommendations<\/a><\/div><\/div>\n\n\n\n<div class=\"wp-block-column is-layout-flow wp-block-column-is-layout-flow\"><div style=\"border-left-width:1px;border-left-color:var(--wp--preset--color--custom-gray-2); padding-left:var(--wp--preset--spacing--20);\" class=\"has-link-color wp-elements-868d169dced96b2dcea1da2305a07e5c wp-block-post-date has-text-color has-custom-gray-2-color has-small-font-size\"><time datetime=\"2026-03-17T19:51:29+01:00\">March 17, 2026<\/time><\/div><\/div>\n<\/div>\n\n\n<h2 class=\"wp-block-post-title has-large-font-size\"><a href=\"https:\/\/czulent.pl\/en\/combating-antisemitism-in-poland-integration-of-actions-and-cooperation\/\" target=\"_self\" >Combating antisemitism in Poland: Integration of actions and cooperation<\/a><\/h2>\n\n<div class=\"wp-block-post-excerpt has-medium-font-size\"><p class=\"wp-block-post-excerpt__excerpt\">The Jewish Association Czulent organized the conference &#8216;Countering Antisemitism in Poland: Integrating Efforts and Cooperation,&#8217; which took place on April 15 at the POLIN Museum&hellip; <\/p><\/div>\n\n<div style=\"padding-top:var(--wp--preset--spacing--30);\" class=\"wp-elements-b5abf9cf390ecc4c2ee11bb14e4662d0 wp-block-post-time-to-read has-text-color has-custom-gray-2-color has-small-font-size\">1\u20132 minutes<\/div>\n<\/li><li class=\"wp-block-post post-7927 post type-post status-publish format-standard hentry category-legal-assistance-and-interventions\">\n\n<div class=\"wp-block-columns is-layout-flex wp-container-core-columns-is-layout-28f84493 wp-block-columns-is-layout-flex\">\n<div class=\"wp-block-column has-small-font-size is-layout-flow wp-block-column-is-layout-flow\"><div class=\"taxonomy-category wp-block-post-terms has-small-font-size\"><a href=\"https:\/\/czulent.pl\/en\/category\/legal-assistance-and-interventions\/\" rel=\"tag\">Legal assistance and interventions<\/a><\/div><\/div>\n\n\n\n<div class=\"wp-block-column is-layout-flow wp-block-column-is-layout-flow\"><div style=\"border-left-width:1px;border-left-color:var(--wp--preset--color--custom-gray-2); padding-left:var(--wp--preset--spacing--20);\" class=\"has-link-color wp-elements-868d169dced96b2dcea1da2305a07e5c wp-block-post-date has-text-color has-custom-gray-2-color has-small-font-size\"><time datetime=\"2025-08-05T13:55:03+02:00\">August 5, 2025<\/time><\/div><\/div>\n<\/div>\n\n\n<h2 class=\"wp-block-post-title has-large-font-size\"><a href=\"https:\/\/czulent.pl\/en\/legal-interventions-targeting-fundraising-campaigns-that-promote-antisemitic-content-and-holocaust-denial\/\" target=\"_self\" >Legal interventions targeting fundraising campaigns that promote antisemitic content and Holocaust denial.<\/a><\/h2>\n\n<div class=\"wp-block-post-excerpt has-medium-font-size\"><p class=\"wp-block-post-excerpt__excerpt\">As part of our work to combat antisemitism and safeguard the memory of the Holocaust, the Jewish Association Czulent undertakes legal action in relation to&hellip; <\/p><\/div>\n\n<div style=\"padding-top:var(--wp--preset--spacing--30);\" class=\"wp-elements-b5abf9cf390ecc4c2ee11bb14e4662d0 wp-block-post-time-to-read has-text-color has-custom-gray-2-color has-small-font-size\">1\u20132 minutes<\/div>\n<\/li><li class=\"wp-block-post post-7933 post type-post status-publish format-standard hentry category-advocacy-and-systemic-change category-public-policies-and-administration\">\n\n<div class=\"wp-block-columns is-layout-flex wp-container-core-columns-is-layout-28f84493 wp-block-columns-is-layout-flex\">\n<div class=\"wp-block-column has-small-font-size is-layout-flow wp-block-column-is-layout-flow\"><div class=\"taxonomy-category wp-block-post-terms has-small-font-size\"><a href=\"https:\/\/czulent.pl\/en\/category\/advocacy-and-systemic-change\/\" rel=\"tag\">Advocacy and systemic change<\/a><span class=\"wp-block-post-terms__separator\">, <\/span><a href=\"https:\/\/czulent.pl\/en\/category\/public-policies-and-administration\/\" rel=\"tag\">Public policies and administration<\/a><\/div><\/div>\n\n\n\n<div class=\"wp-block-column is-layout-flow wp-block-column-is-layout-flow\"><div style=\"border-left-width:1px;border-left-color:var(--wp--preset--color--custom-gray-2); padding-left:var(--wp--preset--spacing--20);\" class=\"has-link-color wp-elements-868d169dced96b2dcea1da2305a07e5c wp-block-post-date has-text-color has-custom-gray-2-color has-small-font-size\"><time datetime=\"2025-07-23T11:05:18+02:00\">July 23, 2025<\/time><\/div><\/div>\n<\/div>\n\n\n<h2 class=\"wp-block-post-title has-large-font-size\"><a href=\"https:\/\/czulent.pl\/en\/we-amplify-the-voice-of-civil-society-at-the-international-level\/\" target=\"_self\" >We amplify the voice of civil society at the international level.<\/a><\/h2>\n\n<div class=\"wp-block-post-excerpt has-medium-font-size\"><p class=\"wp-block-post-excerpt__excerpt\">From the perspective of organisations operating in Central Europe, we see how crucial it is for our region to actively participate in decision-making processes\u2014particularly at&hellip; <\/p><\/div>\n\n<div style=\"padding-top:var(--wp--preset--spacing--30);\" class=\"wp-elements-b5abf9cf390ecc4c2ee11bb14e4662d0 wp-block-post-time-to-read has-text-color has-custom-gray-2-color has-small-font-size\">2\u20133 minutes<\/div>\n<\/li><\/ul>\n\n<\/div>\n<\/div>\n\n\n\n<div class=\"wp-block-columns is-layout-flex wp-container-core-columns-is-layout-e0e4babd wp-block-columns-is-layout-flex\" style=\"padding-right:0;padding-left:0\">\n<div class=\"wp-block-column is-layout-flow wp-block-column-is-layout-flow\">\n<div class=\"wp-block-group has-global-padding is-layout-constrained wp-block-group-is-layout-constrained\" style=\"padding-top:10vh\">\n<div class=\"wp-block-group has-global-padding is-layout-constrained wp-container-core-group-is-layout-7db9d80f wp-block-group-is-layout-constrained\" style=\"padding-right:0;padding-left:0\">\n<div class=\"wp-block-query is-layout-flow wp-block-query-is-layout-flow\">\n<div\n  class=\"pk-posts-module\"\n  data-default-category-id=\"236,239,238,245,237,249,251,246\"\n  data-show-image=\"0\"\n  data-clouds=\"categories\"\n  data-per-page=\"10\"\n  data-excluded-category-ids=\"286,2,242,243,240,244,248,250\"\n>\n\n\n\n<div class=\"wp-block-columns is-layout-flex wp-container-core-columns-is-layout-28f84493 wp-block-columns-is-layout-flex\">\n<div class=\"wp-block-column is-layout-flow wp-block-column-is-layout-flow\" style=\"padding-right:0;padding-left:0\"><\/div>\n\n\n\n<div class=\"wp-block-column is-layout-flow wp-block-column-is-layout-flow\" style=\"padding-right:0;padding-left:0\">\n<p class=\"has-custom-gray-2-color has-text-color has-link-color has-small-font-size wp-elements-d86e86a73f104df5a0d5a970755092c7\">Choose a topic<\/p>\n\n\n<p style=\"text-transform:none;\" class=\"is-style-default posts-filter-categories wp-block-tag-cloud\"><a href=\"https:\/\/czulent.pl\/en\/category\/accouncements\/\" class=\"tag-cloud-link tag-link-236 tag-link-position-1\" style=\"font-size: 1rem;\" aria-label=\"Accouncements (3 items)\">Accouncements<span class=\"tag-link-count\"> (3)<\/span><\/a>\n<a href=\"https:\/\/czulent.pl\/en\/category\/advocacy-and-systemic-change\/\" class=\"tag-cloud-link tag-link-239 tag-link-position-2\" style=\"font-size: 1rem;\" aria-label=\"Advocacy and systemic change (6 items)\">Advocacy and systemic change<span class=\"tag-link-count\"> (6)<\/span><\/a>\n<a href=\"https:\/\/czulent.pl\/en\/category\/all-projects\/\" class=\"tag-cloud-link tag-link-286 tag-link-position-3\" style=\"font-size: 1rem;\" aria-label=\"All projects (5 items)\">All projects<span class=\"tag-link-count\"> (5)<\/span><\/a>\n<a href=\"https:\/\/czulent.pl\/en\/category\/blog\/\" class=\"tag-cloud-link tag-link-2 tag-link-position-4\" style=\"font-size: 1rem;\" aria-label=\"Blog (2 items)\">Blog<span class=\"tag-link-count\"> (2)<\/span><\/a>\n<a href=\"https:\/\/czulent.pl\/en\/category\/completed-projects\/\" class=\"tag-cloud-link tag-link-242 tag-link-position-5\" style=\"font-size: 1rem;\" aria-label=\"Completed projects (25 items)\">Completed projects<span class=\"tag-link-count\"> (25)<\/span><\/a>\n<a href=\"https:\/\/czulent.pl\/en\/category\/current-projects\/\" class=\"tag-cloud-link tag-link-243 tag-link-position-6\" style=\"font-size: 1rem;\" aria-label=\"Current projects (3 items)\">Current projects<span class=\"tag-link-count\"> (3)<\/span><\/a>\n<a href=\"https:\/\/czulent.pl\/en\/category\/education-and-good-practices\/\" class=\"tag-cloud-link tag-link-238 tag-link-position-7\" style=\"font-size: 1rem;\" aria-label=\"Education and good practices (13 items)\">Education and good practices<span class=\"tag-link-count\"> (13)<\/span><\/a>\n<a href=\"https:\/\/czulent.pl\/en\/category\/english\/\" class=\"tag-cloud-link tag-link-240 tag-link-position-8\" style=\"font-size: 1rem;\" aria-label=\"English (8 items)\">English<span class=\"tag-link-count\"> (8)<\/span><\/a>\n<a href=\"https:\/\/czulent.pl\/en\/category\/individual-projects\/\" class=\"tag-cloud-link tag-link-244 tag-link-position-9\" style=\"font-size: 1rem;\" aria-label=\"Individual projects (4 items)\">Individual projects<span class=\"tag-link-count\"> (4)<\/span><\/a>\n<a href=\"https:\/\/czulent.pl\/en\/category\/legal-assistance-and-interventions\/\" class=\"tag-cloud-link tag-link-245 tag-link-position-10\" style=\"font-size: 1rem;\" aria-label=\"Legal assistance and interventions (4 items)\">Legal assistance and interventions<span class=\"tag-link-count\"> (4)<\/span><\/a>\n<a href=\"https:\/\/czulent.pl\/en\/category\/monitoring-of-bias-motivated-crimes\/\" class=\"tag-cloud-link tag-link-237 tag-link-position-11\" style=\"font-size: 1rem;\" aria-label=\"Monitoring of bias-motivated crimes (7 items)\">Monitoring of bias-motivated crimes<span class=\"tag-link-count\"> (7)<\/span><\/a>\n<a href=\"https:\/\/czulent.pl\/en\/category\/polish\/\" class=\"tag-cloud-link tag-link-248 tag-link-position-12\" style=\"font-size: 1rem;\" aria-label=\"Polish (25 items)\">Polish<span class=\"tag-link-count\"> (25)<\/span><\/a>\n<a href=\"https:\/\/czulent.pl\/en\/category\/publications\/\" class=\"tag-cloud-link tag-link-250 tag-link-position-13\" style=\"font-size: 1rem;\" aria-label=\"Publications (27 items)\">Publications<span class=\"tag-link-count\"> (27)<\/span><\/a>\n<a href=\"https:\/\/czulent.pl\/en\/category\/public-policies-and-administration\/\" class=\"tag-cloud-link tag-link-249 tag-link-position-14\" style=\"font-size: 1rem;\" aria-label=\"Public policies and administration (5 items)\">Public policies and administration<span class=\"tag-link-count\"> (5)<\/span><\/a>\n<a href=\"https:\/\/czulent.pl\/en\/category\/research-analysis-and-recommendations\/\" class=\"tag-cloud-link tag-link-241 tag-link-position-15\" style=\"font-size: 1rem;\" aria-label=\"Research, analysis, and recommendations (7 items)\">Research, analysis, and recommendations<span class=\"tag-link-count\"> (7)<\/span><\/a>\n<a href=\"https:\/\/czulent.pl\/en\/category\/statements-and-comments\/\" class=\"tag-cloud-link tag-link-251 tag-link-position-16\" style=\"font-size: 1rem;\" aria-label=\"Statements and comments (3 items)\">Statements and comments<span class=\"tag-link-count\"> (3)<\/span><\/a>\n<a href=\"https:\/\/czulent.pl\/en\/category\/strategic-litigation\/\" class=\"tag-cloud-link tag-link-246 tag-link-position-17\" style=\"font-size: 1rem;\" aria-label=\"Strategic litigation (2 items)\">Strategic litigation<span class=\"tag-link-count\"> (2)<\/span><\/a><\/p><\/div>\n<\/div>\n\n\n\n<\/div>\n\n\n<\/div>\n<\/div>\n<\/div>\n<\/div>\n<\/div>\n\n\n\n<div style=\"height:100px\" aria-hidden=\"true\" class=\"wp-block-spacer\"><\/div>\n","protected":false},"excerpt":{"rendered":"<p>On our blog, we keep you updated on our activities. Below you will find analyses and an overview of our efforts to drive change. We publish the results of monitoring antisemitism and hate crimes, describe our legal support, strategic litigation, and advocacy work, presenting how we translate individual cases into changes in law and public [&hellip;]<\/p>\n","protected":false},"author":1,"featured_media":0,"parent":0,"menu_order":0,"comment_status":"closed","ping_status":"closed","template":"","meta":{"footnotes":""},"class_list":["post-7362","page","type-page","status-publish","hentry"],"yoast_head":"<!-- This site is optimized with the Yoast SEO plugin v27.3 - https:\/\/yoast.com\/product\/yoast-seo-wordpress\/ -->\n<title>Blog - \u017bydowskie Stowarzyszenie Czulent<\/title>\n<meta name=\"robots\" content=\"index, follow, max-snippet:-1, max-image-preview:large, max-video-preview:-1\" \/>\n<link rel=\"canonical\" href=\"https:\/\/czulent.pl\/en\/blog\/\" \/>\n<meta property=\"og:locale\" content=\"en_US\" \/>\n<meta property=\"og:type\" content=\"article\" \/>\n<meta property=\"og:title\" content=\"Blog - \u017bydowskie Stowarzyszenie Czulent\" \/>\n<meta property=\"og:description\" content=\"On our blog, we keep you updated on our activities. Below you will find analyses and an overview of our efforts to drive change. We publish the results of monitoring antisemitism and hate crimes, describe our legal support, strategic litigation, and advocacy work, presenting how we translate individual cases into changes in law and public [&hellip;]\" \/>\n<meta property=\"og:url\" content=\"https:\/\/czulent.pl\/en\/blog\/\" \/>\n<meta property=\"og:site_name\" content=\"\u017bydowskie Stowarzyszenie Czulent\" \/>\n<meta property=\"article:modified_time\" content=\"2026-04-12T10:36:14+00:00\" \/>\n<meta name=\"twitter:card\" content=\"summary_large_image\" \/>\n<meta name=\"twitter:label1\" content=\"Est. reading time\" \/>\n\t<meta name=\"twitter:data1\" content=\"1 minute\" \/>\n<script type=\"application\/ld+json\" class=\"yoast-schema-graph\">{\"@context\":\"https:\\\/\\\/schema.org\",\"@graph\":[{\"@type\":\"WebPage\",\"@id\":\"https:\\\/\\\/czulent.pl\\\/en\\\/blog\\\/\",\"url\":\"https:\\\/\\\/czulent.pl\\\/en\\\/blog\\\/\",\"name\":\"Blog - \u017bydowskie Stowarzyszenie Czulent\",\"isPartOf\":{\"@id\":\"https:\\\/\\\/czulent.pl\\\/en\\\/#website\"},\"datePublished\":\"2021-08-21T05:51:25+00:00\",\"dateModified\":\"2026-04-12T10:36:14+00:00\",\"breadcrumb\":{\"@id\":\"https:\\\/\\\/czulent.pl\\\/en\\\/blog\\\/#breadcrumb\"},\"inLanguage\":\"en-US\",\"potentialAction\":[{\"@type\":\"ReadAction\",\"target\":[\"https:\\\/\\\/czulent.pl\\\/en\\\/blog\\\/\"]}]},{\"@type\":\"BreadcrumbList\",\"@id\":\"https:\\\/\\\/czulent.pl\\\/en\\\/blog\\\/#breadcrumb\",\"itemListElement\":[{\"@type\":\"ListItem\",\"position\":1,\"name\":\"Strona g\u0142\u00f3wna\",\"item\":\"https:\\\/\\\/czulent.pl\\\/en\\\/\"},{\"@type\":\"ListItem\",\"position\":2,\"name\":\"Blog\"}]},{\"@type\":\"WebSite\",\"@id\":\"https:\\\/\\\/czulent.pl\\\/en\\\/#website\",\"url\":\"https:\\\/\\\/czulent.pl\\\/en\\\/\",\"name\":\"\u017bydowskie Stowarzyszenie Czulent\",\"description\":\"Stowarzyszenie dzia\u0142a poprzez rzecznictwo polityczne, spo\u0142eczne i prawne, oraz budowanie koalicji na rzecz szerzenia tolerancji, kszta\u0142towania postaw otwarto\u015bci ze szczeg\u00f3lnym naciskiem na dzia\u0142ania pot\u0119piaj\u0105ce antysemityzm.\",\"publisher\":{\"@id\":\"https:\\\/\\\/czulent.pl\\\/en\\\/#organization\"},\"potentialAction\":[{\"@type\":\"SearchAction\",\"target\":{\"@type\":\"EntryPoint\",\"urlTemplate\":\"https:\\\/\\\/czulent.pl\\\/en\\\/?s={search_term_string}\"},\"query-input\":{\"@type\":\"PropertyValueSpecification\",\"valueRequired\":true,\"valueName\":\"search_term_string\"}}],\"inLanguage\":\"en-US\"},{\"@type\":\"Organization\",\"@id\":\"https:\\\/\\\/czulent.pl\\\/en\\\/#organization\",\"name\":\"\u017bydowskie Stowarzyszenie Czulent\",\"url\":\"https:\\\/\\\/czulent.pl\\\/en\\\/\",\"logo\":{\"@type\":\"ImageObject\",\"inLanguage\":\"en-US\",\"@id\":\"https:\\\/\\\/czulent.pl\\\/en\\\/#\\\/schema\\\/logo\\\/image\\\/\",\"url\":\"https:\\\/\\\/czulent.pl\\\/wp-content\\\/uploads\\\/2021\\\/08\\\/czulent-logo-pl.png\",\"contentUrl\":\"https:\\\/\\\/czulent.pl\\\/wp-content\\\/uploads\\\/2021\\\/08\\\/czulent-logo-pl.png\",\"width\":178,\"height\":76,\"caption\":\"\u017bydowskie Stowarzyszenie Czulent\"},\"image\":{\"@id\":\"https:\\\/\\\/czulent.pl\\\/en\\\/#\\\/schema\\\/logo\\\/image\\\/\"}}]}<\/script>\n<!-- \/ Yoast SEO plugin. -->","yoast_head_json":{"title":"Blog - \u017bydowskie Stowarzyszenie Czulent","robots":{"index":"index","follow":"follow","max-snippet":"max-snippet:-1","max-image-preview":"max-image-preview:large","max-video-preview":"max-video-preview:-1"},"canonical":"https:\/\/czulent.pl\/en\/blog\/","og_locale":"en_US","og_type":"article","og_title":"Blog - \u017bydowskie Stowarzyszenie Czulent","og_description":"On our blog, we keep you updated on our activities. Below you will find analyses and an overview of our efforts to drive change. We publish the results of monitoring antisemitism and hate crimes, describe our legal support, strategic litigation, and advocacy work, presenting how we translate individual cases into changes in law and public [&hellip;]","og_url":"https:\/\/czulent.pl\/en\/blog\/","og_site_name":"\u017bydowskie Stowarzyszenie Czulent","article_modified_time":"2026-04-12T10:36:14+00:00","twitter_card":"summary_large_image","twitter_misc":{"Est. reading time":"1 minute"},"schema":{"@context":"https:\/\/schema.org","@graph":[{"@type":"WebPage","@id":"https:\/\/czulent.pl\/en\/blog\/","url":"https:\/\/czulent.pl\/en\/blog\/","name":"Blog - \u017bydowskie Stowarzyszenie Czulent","isPartOf":{"@id":"https:\/\/czulent.pl\/en\/#website"},"datePublished":"2021-08-21T05:51:25+00:00","dateModified":"2026-04-12T10:36:14+00:00","breadcrumb":{"@id":"https:\/\/czulent.pl\/en\/blog\/#breadcrumb"},"inLanguage":"en-US","potentialAction":[{"@type":"ReadAction","target":["https:\/\/czulent.pl\/en\/blog\/"]}]},{"@type":"BreadcrumbList","@id":"https:\/\/czulent.pl\/en\/blog\/#breadcrumb","itemListElement":[{"@type":"ListItem","position":1,"name":"Strona g\u0142\u00f3wna","item":"https:\/\/czulent.pl\/en\/"},{"@type":"ListItem","position":2,"name":"Blog"}]},{"@type":"WebSite","@id":"https:\/\/czulent.pl\/en\/#website","url":"https:\/\/czulent.pl\/en\/","name":"\u017bydowskie Stowarzyszenie Czulent","description":"Stowarzyszenie dzia\u0142a poprzez rzecznictwo polityczne, spo\u0142eczne i prawne, oraz budowanie koalicji na rzecz szerzenia tolerancji, kszta\u0142towania postaw otwarto\u015bci ze szczeg\u00f3lnym naciskiem na dzia\u0142ania pot\u0119piaj\u0105ce antysemityzm.","publisher":{"@id":"https:\/\/czulent.pl\/en\/#organization"},"potentialAction":[{"@type":"SearchAction","target":{"@type":"EntryPoint","urlTemplate":"https:\/\/czulent.pl\/en\/?s={search_term_string}"},"query-input":{"@type":"PropertyValueSpecification","valueRequired":true,"valueName":"search_term_string"}}],"inLanguage":"en-US"},{"@type":"Organization","@id":"https:\/\/czulent.pl\/en\/#organization","name":"\u017bydowskie Stowarzyszenie Czulent","url":"https:\/\/czulent.pl\/en\/","logo":{"@type":"ImageObject","inLanguage":"en-US","@id":"https:\/\/czulent.pl\/en\/#\/schema\/logo\/image\/","url":"https:\/\/czulent.pl\/wp-content\/uploads\/2021\/08\/czulent-logo-pl.png","contentUrl":"https:\/\/czulent.pl\/wp-content\/uploads\/2021\/08\/czulent-logo-pl.png","width":178,"height":76,"caption":"\u017bydowskie Stowarzyszenie Czulent"},"image":{"@id":"https:\/\/czulent.pl\/en\/#\/schema\/logo\/image\/"}}]}},"_links":{"self":[{"href":"https:\/\/czulent.pl\/en\/wp-json\/wp\/v2\/pages\/7362","targetHints":{"allow":["GET"]}}],"collection":[{"href":"https:\/\/czulent.pl\/en\/wp-json\/wp\/v2\/pages"}],"about":[{"href":"https:\/\/czulent.pl\/en\/wp-json\/wp\/v2\/types\/page"}],"author":[{"embeddable":true,"href":"https:\/\/czulent.pl\/en\/wp-json\/wp\/v2\/users\/1"}],"replies":[{"embeddable":true,"href":"https:\/\/czulent.pl\/en\/wp-json\/wp\/v2\/comments?post=7362"}],"version-history":[{"count":7,"href":"https:\/\/czulent.pl\/en\/wp-json\/wp\/v2\/pages\/7362\/revisions"}],"predecessor-version":[{"id":8272,"href":"https:\/\/czulent.pl\/en\/wp-json\/wp\/v2\/pages\/7362\/revisions\/8272"}],"wp:attachment":[{"href":"https:\/\/czulent.pl\/en\/wp-json\/wp\/v2\/media?parent=7362"}],"curies":[{"name":"wp","href":"https:\/\/api.w.org\/{rel}","templated":true}]}}