{"id":7364,"date":"2021-08-21T09:04:42","date_gmt":"2021-08-21T07:04:42","guid":{"rendered":"https:\/\/czulent.pl\/our-history\/"},"modified":"2026-04-12T15:13:26","modified_gmt":"2026-04-12T13:13:26","slug":"our-history","status":"publish","type":"page","link":"https:\/\/czulent.pl\/en\/our-history\/","title":{"rendered":"Our history"},"content":{"rendered":"\n<div class=\"wp-block-columns is-layout-flex wp-container-core-columns-is-layout-833e9d3f wp-block-columns-is-layout-flex\" style=\"padding-top:0;padding-right:5vw;padding-bottom:20vh;padding-left:5vw\">\n<div class=\"wp-block-column is-layout-flow wp-block-column-is-layout-flow\" style=\"flex-basis:50%\">\n<h3 class=\"wp-block-heading has-x-large-font-size\">From a local initiative to an advocacy organisation with national and international impact.<\/h3>\n<\/div>\n\n\n\n<div class=\"wp-block-column is-layout-flow wp-block-column-is-layout-flow\" style=\"flex-basis:50%\">\n<p class=\"has-medium-font-size wp-container-content-0733e5d0\">The history of Czulent is a path of growth\u2014from creating a space for identity for a young Jewish community to becoming an expert organisation working on public policy and standards for addressing antisemitism.<\/p>\n<\/div>\n<\/div>\n\n\n\n<div class=\"wp-block-group has-global-padding is-layout-constrained wp-block-group-is-layout-constrained\">\n<div class=\"wp-block-columns is-layout-flex wp-container-core-columns-is-layout-c083321c wp-block-columns-is-layout-flex\" style=\"padding-top:0;padding-right:5vw;padding-bottom:10vh;padding-left:5vw\">\n<div class=\"wp-block-column is-style-default is-layout-flow wp-block-column-is-layout-flow\" style=\"flex-basis:50%\">\n<hr class=\"wp-block-separator has-text-color has-custom-black-1-color has-alpha-channel-opacity has-custom-black-1-background-color has-background is-style-wide is-style-wide--1\" style=\"margin-top:1.25rem\"\/>\n<\/div>\n\n\n\n<div class=\"wp-block-column is-layout-flow wp-container-core-column-is-layout-22223934 wp-block-column-is-layout-flow\" style=\"flex-basis:50%\">\n<p class=\"has-xx-large-font-size wp-container-content-0733e5d0\">2004<\/p>\n\n\n\n<h3 class=\"wp-block-heading has-x-large-font-size\"><strong>Identity<\/strong><\/h3>\n\n\n\n<p class=\"has-medium-font-size\">It all began with an initiative by a group of Jewish students. In 2004, we created a space for discussing what it means to be Jewish in contemporary Poland. Our first steps focused on building a strong, self-aware community by strengthening identity and promoting education about Jewish culture and tradition.<br><br>  <\/p>\n<\/div>\n<\/div>\n<\/div>\n\n\n\n<div class=\"wp-block-group has-global-padding is-layout-constrained wp-block-group-is-layout-constrained\">\n<div class=\"wp-block-columns is-layout-flex wp-container-core-columns-is-layout-c083321c wp-block-columns-is-layout-flex\" style=\"padding-top:0;padding-right:5vw;padding-bottom:10vh;padding-left:5vw\">\n<div class=\"wp-block-column is-style-default is-layout-flow wp-block-column-is-layout-flow\" style=\"flex-basis:50%\">\n<hr class=\"wp-block-separator has-text-color has-custom-black-1-color has-alpha-channel-opacity has-custom-black-1-background-color has-background is-style-wide is-style-wide--2\" style=\"margin-top:1.25rem\"\/>\n<\/div>\n\n\n\n<div class=\"wp-block-column is-layout-flow wp-container-core-column-is-layout-b9598678 wp-block-column-is-layout-flow\" style=\"padding-top:0;padding-bottom:0;flex-basis:50%\">\n<p class=\"has-xx-large-font-size wp-container-content-0733e5d0\">2006<\/p>\n\n\n\n<h3 class=\"wp-block-heading has-x-large-font-size\"><strong><strong>Culture and initial anti-discrimination activities<\/strong><\/strong><\/h3>\n\n\n\n<p class=\"has-medium-font-size\">We quickly moved beyond the scope of a discussion club. We established a We established a <strong>Remuh Library<\/strong>Literary Salon and Film Club. It was then that our first educational projects for schools (\u201cMeeting in Polin\u201d) and programmes for visitors (\u201cMifgashim be Polin\u201d) were created, showcasing a living, contemporary Jewish community. <\/p>\n<\/div>\n<\/div>\n<\/div>\n\n\n\n<div class=\"wp-block-group has-global-padding is-layout-constrained wp-block-group-is-layout-constrained\">\n<div class=\"wp-block-columns is-layout-flex wp-container-core-columns-is-layout-c083321c wp-block-columns-is-layout-flex\" style=\"padding-top:0;padding-right:5vw;padding-bottom:10vh;padding-left:5vw\">\n<div class=\"wp-block-column is-style-default is-layout-flow wp-block-column-is-layout-flow\" style=\"flex-basis:50%\">\n<hr class=\"wp-block-separator has-text-color has-custom-black-1-color has-alpha-channel-opacity has-custom-black-1-background-color has-background is-style-wide is-style-wide--3\" style=\"margin-top:1.25rem\"\/>\n<\/div>\n\n\n\n<div class=\"wp-block-column is-layout-flow wp-container-core-column-is-layout-22223934 wp-block-column-is-layout-flow\" style=\"flex-basis:50%\">\n<p class=\"has-xx-large-font-size wp-container-content-0733e5d0\">2008<\/p>\n\n\n\n<h3 class=\"wp-block-heading has-x-large-font-size\">First <strong>coalitions and advocacy activities<\/strong><\/h3>\n\n\n\n<p class=\"has-medium-font-size\">This was a turning point for our legal and advocacy profile. We joined the<strong> Equal Opportunities Coalition<\/strong>\u2014the leading platform of NGOs working for human rights in Poland at the time. We initiated international dialogue within <em>Religions for Peace <\/em>and launched projects combining history with modern anti-discrimination education (including the \u201cKrak\u00f3w Women\u2019s Trail\u201d).  <\/p>\n<\/div>\n<\/div>\n\n\n\n<div class=\"wp-block-columns is-layout-flex wp-container-core-columns-is-layout-c083321c wp-block-columns-is-layout-flex\" style=\"padding-top:0;padding-right:5vw;padding-bottom:10vh;padding-left:5vw\">\n<div class=\"wp-block-column is-style-default is-layout-flow wp-block-column-is-layout-flow\" style=\"flex-basis:50%\">\n<hr class=\"wp-block-separator has-text-color has-custom-black-1-color has-alpha-channel-opacity has-custom-black-1-background-color has-background is-style-wide is-style-wide--4\" style=\"margin-top:1.25rem\"\/>\n<\/div>\n\n\n\n<div class=\"wp-block-column is-layout-flow wp-container-core-column-is-layout-22223934 wp-block-column-is-layout-flow\" style=\"flex-basis:50%\">\n<p class=\"has-xx-large-font-size wp-container-content-0733e5d0\">2010<\/p>\n\n\n\n<h3 class=\"wp-block-heading has-x-large-font-size\"><strong>Professionalisation of the Association<\/strong><\/h3>\n\n\n\n<p class=\"has-medium-font-size\">We transformed into an organisation bringing together professionals from various fields. We also began creating cultural content for the youngest audiences\u2014our children\u2019s book series (debuting with \u201cA Majse\u201d) received numerous awards in Poland and abroad, becoming a permanent part of minority education. <\/p>\n<\/div>\n<\/div>\n\n\n\n<div class=\"wp-block-columns is-layout-flex wp-container-core-columns-is-layout-c083321c wp-block-columns-is-layout-flex\" style=\"padding-top:0;padding-right:5vw;padding-bottom:10vh;padding-left:5vw\">\n<div class=\"wp-block-column is-style-default is-layout-flow wp-block-column-is-layout-flow\" style=\"flex-basis:50%\">\n<hr class=\"wp-block-separator has-text-color has-custom-black-1-color has-alpha-channel-opacity has-custom-black-1-background-color has-background is-style-wide is-style-wide--5\" style=\"margin-top:1.25rem\"\/>\n<\/div>\n\n\n\n<div class=\"wp-block-column is-layout-flow wp-container-core-column-is-layout-22223934 wp-block-column-is-layout-flow\" style=\"flex-basis:50%\">\n<p class=\"has-xx-large-font-size wp-container-content-0733e5d0\">2014<\/p>\n\n\n\n<h3 class=\"wp-block-heading has-x-large-font-size\"><strong>\u201cAntisemitism is not an opinion\u201d \u2013 Launch of advocacy<\/strong><\/h3>\n\n\n\n<p class=\"has-medium-font-size\">We launched a groundbreaking project that defined our current role as an advocacy organisation. Under the patronage of the <strong>Commissioner for Human Rights<\/strong>, we began to identify and address contemporary forms of antisemitism, introducing innovative legal protection tools into the public discourse. <\/p>\n<\/div>\n<\/div>\n\n\n\n<div class=\"wp-block-columns is-layout-flex wp-container-core-columns-is-layout-c083321c wp-block-columns-is-layout-flex\" style=\"padding-top:0;padding-right:5vw;padding-bottom:10vh;padding-left:5vw\">\n<div class=\"wp-block-column is-style-default is-layout-flow wp-block-column-is-layout-flow\" style=\"flex-basis:50%\">\n<hr class=\"wp-block-separator has-text-color has-custom-black-1-color has-alpha-channel-opacity has-custom-black-1-background-color has-background is-style-wide is-style-wide--6\" style=\"margin-top:1.25rem\"\/>\n<\/div>\n\n\n\n<div class=\"wp-block-column is-layout-flow wp-container-core-column-is-layout-22223934 wp-block-column-is-layout-flow\" style=\"flex-basis:50%\">\n<p class=\"has-xx-large-font-size wp-container-content-0733e5d0\">2017<\/p>\n\n\n\n<h3 class=\"wp-block-heading has-x-large-font-size\"><strong><strong>Expertise and international cooperation<\/strong><\/strong><\/h3>\n\n\n\n<p class=\"has-medium-font-size\">Our analytical expertise gained recognition at the intergovernmental level. With the support of the <strong>U.S. Department of State&#8217;s (DRL)<\/strong>, we conducted comprehensive research on cooperation between public administration and minorities in the 18 largest cities in Poland. This report became the foundation for our subsequent systemic recommendations.  <\/p>\n<\/div>\n<\/div>\n\n\n\n<div class=\"wp-block-columns is-layout-flex wp-container-core-columns-is-layout-c083321c wp-block-columns-is-layout-flex\" style=\"padding-top:0;padding-right:5vw;padding-bottom:10vh;padding-left:5vw\">\n<div class=\"wp-block-column is-style-default is-layout-flow wp-block-column-is-layout-flow\" style=\"flex-basis:50%\">\n<hr class=\"wp-block-separator has-text-color has-custom-black-1-color has-alpha-channel-opacity has-custom-black-1-background-color has-background is-style-wide is-style-wide--7\" style=\"margin-top:1.25rem\"\/>\n<\/div>\n\n\n\n<div class=\"wp-block-column is-layout-flow wp-container-core-column-is-layout-22223934 wp-block-column-is-layout-flow\" style=\"flex-basis:50%\">\n<p class=\"has-xx-large-font-size wp-container-content-0733e5d0\">2021<\/p>\n\n\n\n<h3 class=\"wp-block-heading has-x-large-font-size\"><strong>Helpdesk for victims<\/strong><\/h3>\n\n\n\n<p class=\"has-medium-font-size\">We launched the support platform <a href=\"https:\/\/zglosantysemityzm.pl\">zglosantysemityzm.pl,<\/a> which assists individuals who have experienced antisemitism-motivated prejudice. The platform enables us to identify emerging trends in contemporary antisemitism and gaps in the system that should respond to it effectively. <\/p>\n<\/div>\n<\/div>\n\n\n\n<div class=\"wp-block-columns is-layout-flex wp-container-core-columns-is-layout-c083321c wp-block-columns-is-layout-flex\" style=\"padding-top:0;padding-right:5vw;padding-bottom:10vh;padding-left:5vw\">\n<div class=\"wp-block-column is-style-default is-layout-flow wp-block-column-is-layout-flow\" style=\"flex-basis:50%\">\n<hr class=\"wp-block-separator has-text-color has-custom-black-1-color has-alpha-channel-opacity has-custom-black-1-background-color has-background is-style-wide is-style-wide--8\" style=\"margin-top:1.25rem\"\/>\n<\/div>\n\n\n\n<div class=\"wp-block-column is-layout-flow wp-container-core-column-is-layout-22223934 wp-block-column-is-layout-flow\" style=\"flex-basis:50%\">\n<p class=\"has-xx-large-font-size wp-container-content-0733e5d0\">Today<\/p>\n\n\n\n<h3 class=\"wp-block-heading has-x-large-font-size\"><strong><strong>Knowledge Broker and a guardian of democratic values<\/strong><\/strong><\/h3>\n\n\n\n<p class=\"has-medium-font-size\">Today, Czulent is a recognised partner for government agencies and international coalitions. We not only respond to current threats but also actively initiate changes in legislation and social standards. As a \u201cknowledge broker,\u201d we combine the experience of the Jewish community with professional data analysis, helping to build a safe and open Poland for all.  <\/p>\n<\/div>\n<\/div>\n<\/div>\n\n\n\n<div class=\"wp-block-group poznaj-nas-menu has-custom-background-2-background-color has-background has-global-padding is-layout-constrained wp-block-group-is-layout-constrained\" style=\"padding-bottom:10vh\">\n<div class=\"wp-block-columns is-layout-flex wp-container-core-columns-is-layout-28f84493 wp-block-columns-is-layout-flex\" style=\"border-bottom-width:1px\">\n<div class=\"wp-block-column is-layout-flow wp-block-column-is-layout-flow\" style=\"padding-top:10vh;padding-right:5vw;padding-bottom:var(--wp--preset--spacing--20);padding-left:5vw\">\n<h4 class=\"wp-block-heading has-large-font-size\">Get to know us<\/h4>\n<\/div>\n<\/div>\n\n\n\n<div class=\"wp-block-columns is-layout-flex wp-container-core-columns-is-layout-a1ca81da wp-block-columns-is-layout-flex\" style=\"padding-top:var(--wp--preset--spacing--30);padding-right:5vw;padding-bottom:var(--wp--preset--spacing--30);padding-left:5vw\">\n<div class=\"wp-block-column is-layout-flow wp-block-column-is-layout-flow\">\n<div class=\"wp-block-buttons is-layout-flex wp-block-buttons-is-layout-flex\">\n<div class=\"wp-block-button is-style-outline is-style-outline--9\"><a class=\"wp-block-button__link has-xx-large-font-size has-custom-font-size wp-element-button\" href=\"https:\/\/czulent.pl\/en\/about-us-why-we-act\/\" style=\"border-style:none;border-width:0px\">About us \u2013 why we act<\/a><\/div>\n<\/div>\n\n\n\n<div class=\"wp-block-buttons is-layout-flex wp-block-buttons-is-layout-flex\">\n<div class=\"wp-block-button is-style-outline is-style-outline--10\"><a class=\"wp-block-button__link has-xx-large-font-size has-custom-font-size wp-element-button\" href=\"https:\/\/czulent.pl\/en\/our-history\/\" style=\"border-style:none;border-width:0px\">Our history<\/a><\/div>\n<\/div>\n\n\n\n<div class=\"wp-block-buttons is-layout-flex wp-block-buttons-is-layout-flex\">\n<div class=\"wp-block-button is-style-outline is-style-outline--11\"><a class=\"wp-block-button__link has-xx-large-font-size has-custom-font-size wp-element-button\" href=\"https:\/\/czulent.pl\/en\/our-team\/\" style=\"border-style:none;border-width:0px\">Team<\/a><\/div>\n<\/div>\n\n\n\n<div class=\"wp-block-buttons is-layout-flex wp-block-buttons-is-layout-flex\">\n<div class=\"wp-block-button is-style-outline is-style-outline--12\"><a class=\"wp-block-button__link has-xx-large-font-size has-custom-font-size wp-element-button\" href=\"https:\/\/czulent.pl\/en\/funding-and-donors\/\" style=\"border-style:none;border-width:0px\">Funding and Donors<\/a><\/div>\n<\/div>\n\n\n\n<div class=\"wp-block-buttons is-layout-flex wp-block-buttons-is-layout-flex\">\n<div class=\"wp-block-button is-style-outline is-style-outline--13\"><a class=\"wp-block-button__link has-xx-large-font-size has-custom-font-size wp-element-button\" href=\"https:\/\/czulent.pl\/en\/reports-and-financials\/\" style=\"border-style:none;border-width:0px\">Reports and Financials<\/a><\/div>\n<\/div>\n\n\n\n<div class=\"wp-block-buttons is-layout-flex wp-block-buttons-is-layout-flex\">\n<div class=\"wp-block-button is-style-outline is-style-outline--14\"><a class=\"wp-block-button__link has-xx-large-font-size has-custom-font-size wp-element-button\" href=\"https:\/\/czulent.pl\/en\/partners\/\" style=\"border-style:none;border-width:0px\">Partners and coalitions<\/a><\/div>\n<\/div>\n<\/div>\n<\/div>\n<\/div>\n","protected":false},"excerpt":{"rendered":"<p>From a local initiative to an advocacy organisation with national and international impact. The history of Czulent is a path of growth\u2014from creating a space for identity for a young Jewish community to becoming an expert organisation working on public policy and standards for addressing antisemitism. 2004 Identity It all began with an initiative by [&hellip;]<\/p>\n","protected":false},"author":1,"featured_media":0,"parent":0,"menu_order":0,"comment_status":"closed","ping_status":"closed","template":"","meta":{"footnotes":""},"class_list":["post-7364","page","type-page","status-publish","hentry"],"yoast_head":"<!-- This site is optimized with the Yoast SEO plugin v27.3 - https:\/\/yoast.com\/product\/yoast-seo-wordpress\/ -->\n<title>Our history - \u017bydowskie Stowarzyszenie Czulent<\/title>\n<meta name=\"robots\" content=\"index, follow, max-snippet:-1, max-image-preview:large, max-video-preview:-1\" \/>\n<link rel=\"canonical\" href=\"https:\/\/czulent.pl\/en\/our-history\/\" \/>\n<meta property=\"og:locale\" content=\"en_US\" \/>\n<meta property=\"og:type\" content=\"article\" \/>\n<meta property=\"og:title\" content=\"Our history - \u017bydowskie Stowarzyszenie Czulent\" \/>\n<meta property=\"og:description\" content=\"From a local initiative to an advocacy organisation with national and international impact. The history of Czulent is a path of growth\u2014from creating a space for identity for a young Jewish community to becoming an expert organisation working on public policy and standards for addressing antisemitism. 2004 Identity It all began with an initiative by [&hellip;]\" \/>\n<meta property=\"og:url\" content=\"https:\/\/czulent.pl\/en\/our-history\/\" \/>\n<meta property=\"og:site_name\" content=\"\u017bydowskie Stowarzyszenie Czulent\" \/>\n<meta property=\"article:modified_time\" content=\"2026-04-12T13:13:26+00:00\" \/>\n<meta name=\"twitter:card\" content=\"summary_large_image\" \/>\n<meta name=\"twitter:label1\" content=\"Est. reading time\" \/>\n\t<meta name=\"twitter:data1\" content=\"3 minutes\" \/>\n<script type=\"application\/ld+json\" class=\"yoast-schema-graph\">{\"@context\":\"https:\\\/\\\/schema.org\",\"@graph\":[{\"@type\":\"WebPage\",\"@id\":\"https:\\\/\\\/czulent.pl\\\/en\\\/our-history\\\/\",\"url\":\"https:\\\/\\\/czulent.pl\\\/en\\\/our-history\\\/\",\"name\":\"Our history - \u017bydowskie Stowarzyszenie Czulent\",\"isPartOf\":{\"@id\":\"https:\\\/\\\/czulent.pl\\\/en\\\/#website\"},\"datePublished\":\"2021-08-21T07:04:42+00:00\",\"dateModified\":\"2026-04-12T13:13:26+00:00\",\"breadcrumb\":{\"@id\":\"https:\\\/\\\/czulent.pl\\\/en\\\/our-history\\\/#breadcrumb\"},\"inLanguage\":\"en-US\",\"potentialAction\":[{\"@type\":\"ReadAction\",\"target\":[\"https:\\\/\\\/czulent.pl\\\/en\\\/our-history\\\/\"]}]},{\"@type\":\"BreadcrumbList\",\"@id\":\"https:\\\/\\\/czulent.pl\\\/en\\\/our-history\\\/#breadcrumb\",\"itemListElement\":[{\"@type\":\"ListItem\",\"position\":1,\"name\":\"Strona g\u0142\u00f3wna\",\"item\":\"https:\\\/\\\/czulent.pl\\\/en\\\/\"},{\"@type\":\"ListItem\",\"position\":2,\"name\":\"Our history\"}]},{\"@type\":\"WebSite\",\"@id\":\"https:\\\/\\\/czulent.pl\\\/en\\\/#website\",\"url\":\"https:\\\/\\\/czulent.pl\\\/en\\\/\",\"name\":\"\u017bydowskie Stowarzyszenie Czulent\",\"description\":\"Stowarzyszenie dzia\u0142a poprzez rzecznictwo polityczne, spo\u0142eczne i prawne, oraz budowanie koalicji na rzecz szerzenia tolerancji, kszta\u0142towania postaw otwarto\u015bci ze szczeg\u00f3lnym naciskiem na dzia\u0142ania pot\u0119piaj\u0105ce antysemityzm.\",\"publisher\":{\"@id\":\"https:\\\/\\\/czulent.pl\\\/en\\\/#organization\"},\"potentialAction\":[{\"@type\":\"SearchAction\",\"target\":{\"@type\":\"EntryPoint\",\"urlTemplate\":\"https:\\\/\\\/czulent.pl\\\/en\\\/?s={search_term_string}\"},\"query-input\":{\"@type\":\"PropertyValueSpecification\",\"valueRequired\":true,\"valueName\":\"search_term_string\"}}],\"inLanguage\":\"en-US\"},{\"@type\":\"Organization\",\"@id\":\"https:\\\/\\\/czulent.pl\\\/en\\\/#organization\",\"name\":\"\u017bydowskie Stowarzyszenie Czulent\",\"url\":\"https:\\\/\\\/czulent.pl\\\/en\\\/\",\"logo\":{\"@type\":\"ImageObject\",\"inLanguage\":\"en-US\",\"@id\":\"https:\\\/\\\/czulent.pl\\\/en\\\/#\\\/schema\\\/logo\\\/image\\\/\",\"url\":\"https:\\\/\\\/czulent.pl\\\/wp-content\\\/uploads\\\/2021\\\/08\\\/czulent-logo-pl.png\",\"contentUrl\":\"https:\\\/\\\/czulent.pl\\\/wp-content\\\/uploads\\\/2021\\\/08\\\/czulent-logo-pl.png\",\"width\":178,\"height\":76,\"caption\":\"\u017bydowskie Stowarzyszenie Czulent\"},\"image\":{\"@id\":\"https:\\\/\\\/czulent.pl\\\/en\\\/#\\\/schema\\\/logo\\\/image\\\/\"}}]}<\/script>\n<!-- \/ Yoast SEO plugin. -->","yoast_head_json":{"title":"Our history - \u017bydowskie Stowarzyszenie Czulent","robots":{"index":"index","follow":"follow","max-snippet":"max-snippet:-1","max-image-preview":"max-image-preview:large","max-video-preview":"max-video-preview:-1"},"canonical":"https:\/\/czulent.pl\/en\/our-history\/","og_locale":"en_US","og_type":"article","og_title":"Our history - \u017bydowskie Stowarzyszenie Czulent","og_description":"From a local initiative to an advocacy organisation with national and international impact. The history of Czulent is a path of growth\u2014from creating a space for identity for a young Jewish community to becoming an expert organisation working on public policy and standards for addressing antisemitism. 2004 Identity It all began with an initiative by [&hellip;]","og_url":"https:\/\/czulent.pl\/en\/our-history\/","og_site_name":"\u017bydowskie Stowarzyszenie Czulent","article_modified_time":"2026-04-12T13:13:26+00:00","twitter_card":"summary_large_image","twitter_misc":{"Est. reading time":"3 minutes"},"schema":{"@context":"https:\/\/schema.org","@graph":[{"@type":"WebPage","@id":"https:\/\/czulent.pl\/en\/our-history\/","url":"https:\/\/czulent.pl\/en\/our-history\/","name":"Our history - \u017bydowskie Stowarzyszenie Czulent","isPartOf":{"@id":"https:\/\/czulent.pl\/en\/#website"},"datePublished":"2021-08-21T07:04:42+00:00","dateModified":"2026-04-12T13:13:26+00:00","breadcrumb":{"@id":"https:\/\/czulent.pl\/en\/our-history\/#breadcrumb"},"inLanguage":"en-US","potentialAction":[{"@type":"ReadAction","target":["https:\/\/czulent.pl\/en\/our-history\/"]}]},{"@type":"BreadcrumbList","@id":"https:\/\/czulent.pl\/en\/our-history\/#breadcrumb","itemListElement":[{"@type":"ListItem","position":1,"name":"Strona g\u0142\u00f3wna","item":"https:\/\/czulent.pl\/en\/"},{"@type":"ListItem","position":2,"name":"Our history"}]},{"@type":"WebSite","@id":"https:\/\/czulent.pl\/en\/#website","url":"https:\/\/czulent.pl\/en\/","name":"\u017bydowskie Stowarzyszenie Czulent","description":"Stowarzyszenie dzia\u0142a poprzez rzecznictwo polityczne, spo\u0142eczne i prawne, oraz budowanie koalicji na rzecz szerzenia tolerancji, kszta\u0142towania postaw otwarto\u015bci ze szczeg\u00f3lnym naciskiem na dzia\u0142ania pot\u0119piaj\u0105ce antysemityzm.","publisher":{"@id":"https:\/\/czulent.pl\/en\/#organization"},"potentialAction":[{"@type":"SearchAction","target":{"@type":"EntryPoint","urlTemplate":"https:\/\/czulent.pl\/en\/?s={search_term_string}"},"query-input":{"@type":"PropertyValueSpecification","valueRequired":true,"valueName":"search_term_string"}}],"inLanguage":"en-US"},{"@type":"Organization","@id":"https:\/\/czulent.pl\/en\/#organization","name":"\u017bydowskie Stowarzyszenie Czulent","url":"https:\/\/czulent.pl\/en\/","logo":{"@type":"ImageObject","inLanguage":"en-US","@id":"https:\/\/czulent.pl\/en\/#\/schema\/logo\/image\/","url":"https:\/\/czulent.pl\/wp-content\/uploads\/2021\/08\/czulent-logo-pl.png","contentUrl":"https:\/\/czulent.pl\/wp-content\/uploads\/2021\/08\/czulent-logo-pl.png","width":178,"height":76,"caption":"\u017bydowskie Stowarzyszenie Czulent"},"image":{"@id":"https:\/\/czulent.pl\/en\/#\/schema\/logo\/image\/"}}]}},"_links":{"self":[{"href":"https:\/\/czulent.pl\/en\/wp-json\/wp\/v2\/pages\/7364","targetHints":{"allow":["GET"]}}],"collection":[{"href":"https:\/\/czulent.pl\/en\/wp-json\/wp\/v2\/pages"}],"about":[{"href":"https:\/\/czulent.pl\/en\/wp-json\/wp\/v2\/types\/page"}],"author":[{"embeddable":true,"href":"https:\/\/czulent.pl\/en\/wp-json\/wp\/v2\/users\/1"}],"replies":[{"embeddable":true,"href":"https:\/\/czulent.pl\/en\/wp-json\/wp\/v2\/comments?post=7364"}],"version-history":[{"count":3,"href":"https:\/\/czulent.pl\/en\/wp-json\/wp\/v2\/pages\/7364\/revisions"}],"predecessor-version":[{"id":8322,"href":"https:\/\/czulent.pl\/en\/wp-json\/wp\/v2\/pages\/7364\/revisions\/8322"}],"wp:attachment":[{"href":"https:\/\/czulent.pl\/en\/wp-json\/wp\/v2\/media?parent=7364"}],"curies":[{"name":"wp","href":"https:\/\/api.w.org\/{rel}","templated":true}]}}