{"id":7366,"date":"2021-09-11T08:19:46","date_gmt":"2021-09-11T06:19:46","guid":{"rendered":"https:\/\/czulent.pl\/support-us\/"},"modified":"2026-04-12T15:27:30","modified_gmt":"2026-04-12T13:27:30","slug":"support-us","status":"publish","type":"page","link":"https:\/\/czulent.pl\/en\/support-us\/","title":{"rendered":"Support us"},"content":{"rendered":"\n<div class=\"wp-block-columns is-layout-flex wp-container-core-columns-is-layout-c083321c wp-block-columns-is-layout-flex\" style=\"padding-top:0;padding-right:5vw;padding-bottom:10vh;padding-left:5vw\">\n<div class=\"wp-block-column is-layout-flow wp-block-column-is-layout-flow\" style=\"flex-basis:50%\">\n<h3 class=\"wp-block-heading has-x-large-font-size\"><strong>Your support strengthens democracy and helps those affected by violence<\/strong><\/h3>\n<\/div>\n\n\n\n<div class=\"wp-block-column is-layout-flow wp-block-column-is-layout-flow\" style=\"flex-basis:50%\">\n<p class=\"has-medium-font-size wp-container-content-0733e5d0\">Every donation makes a real difference. We operate independently.<br>Thanks to the support of our donors, we can respond quickly and work towards lasting systemic change. <\/p>\n<\/div>\n<\/div>\n\n\n\n<div class=\"wp-block-columns is-layout-flex wp-container-core-columns-is-layout-c9664837 wp-block-columns-is-layout-flex\" style=\"padding-top:10vh;padding-right:5vw;padding-bottom:10vh;padding-left:5vw\">\n<div class=\"wp-block-column is-layout-flow wp-container-core-column-is-layout-a1aa4ac3 wp-block-column-is-layout-flow\" style=\"border-right-width:1px;padding-right:1.5rem\">\n<div class=\"wp-block-buttons is-layout-flex wp-block-buttons-is-layout-flex\">\n<div class=\"wp-block-button is-style-outline is-style-outline--1\"><a class=\"wp-block-button__link has-x-large-font-size has-text-align-left has-custom-font-size wp-element-button\" href=\"#przekazpodatek\" style=\"border-style:none;border-width:0px;border-top-left-radius:0px;border-top-right-radius:0px;border-bottom-left-radius:0px;border-bottom-right-radius:0px\">Donate<br>1,5 % of your income tax<\/a><\/div>\n<\/div>\n<\/div>\n\n\n\n<div class=\"wp-block-column has-global-padding is-layout-constrained wp-container-core-column-is-layout-450ac0ac wp-block-column-is-layout-constrained\" style=\"border-top-left-radius:0px;border-top-right-radius:0px;border-bottom-left-radius:0px;border-bottom-right-radius:0px;border-right-width:1px;padding-right:2rem;padding-left:0\">\n<div class=\"wp-block-buttons is-layout-flex wp-block-buttons-is-layout-flex\">\n<div class=\"wp-block-button is-style-outline is-style-outline--2\"><a class=\"wp-block-button__link has-x-large-font-size has-text-align-left has-custom-font-size wp-element-button\" href=\"#wspolpracujznami\" style=\"border-style:none;border-width:0px;border-top-left-radius:0px;border-top-right-radius:0px;border-bottom-left-radius:0px;border-bottom-right-radius:0px\">Work<br>with us<\/a><\/div>\n<\/div>\n<\/div>\n\n\n\n<div class=\"wp-block-column has-global-padding is-layout-constrained wp-container-core-column-is-layout-19e250f3 wp-block-column-is-layout-constrained\">\n<div class=\"wp-block-buttons has-custom-font-size has-x-large-font-size is-layout-flex wp-block-buttons-is-layout-flex\">\n<div class=\"wp-block-button is-style-outline is-style-outline--3\"><a class=\"wp-block-button__link has-x-large-font-size has-text-align-left has-custom-font-size wp-element-button\" href=\"#przekazdotacje\" style=\"border-style:none;border-width:0px;border-top-left-radius:0px;border-top-right-radius:0px;border-bottom-left-radius:0px;border-bottom-right-radius:0px\">Donate<\/a><\/div>\n<\/div>\n<\/div>\n<\/div>\n\n\n\n<div class=\"wp-block-columns is-style-section-5 is-layout-flex wp-container-core-columns-is-layout-a67f2e09 wp-block-columns-is-layout-flex is-style-section-5--4\" id=\"przekazpodatek\" style=\"padding-top:10vh;padding-right:5vw;padding-bottom:10vh;padding-left:5vw\">\n<div class=\"wp-block-column is-vertically-aligned-top is-layout-flow wp-block-column-is-layout-flow\" style=\"padding-top:5vh;flex-basis:30%\">\n<div class=\"wp-block-group has-global-padding is-layout-constrained wp-block-group-is-layout-constrained\">\n<p class=\"has-large-font-size\"><strong>How to donate your 1,5%?<\/strong><\/p>\n\n\n\n<p class=\"has-small-font-size\" style=\"padding-top:var(--wp--preset--spacing--30)\">It\u2019s simple and only takes a moment:<\/p>\n\n\n\n<ul class=\"wp-block-list\">\n<li class=\"has-small-font-size\">In your tax return, locate the section \u201cDonate 1.5% of your tax.\u201d<\/li>\n\n\n\n<li class=\"has-small-font-size\">Enter the KRS number: <strong>0000226390<\/strong><\/li>\n\n\n\n<li class=\"has-small-font-size\">Confirm your return \u2014 including online via e-PIT.<\/li>\n<\/ul>\n<\/div>\n<\/div>\n\n\n\n<div class=\"wp-block-column has-global-padding is-layout-constrained wp-container-core-column-is-layout-ea14d947 wp-block-column-is-layout-constrained\" style=\"border-left-width:1px;padding-top:5vh;padding-bottom:5vh;flex-basis:70%\">\n<div class=\"wp-block-group has-global-padding is-layout-constrained wp-block-group-is-layout-constrained\">\n<p class=\"has-xx-large-font-size\">By donating 1.5% of your tax<br>&#8211; you support, help, and create change.<\/p>\n\n\n\n<p class=\"has-medium-font-size\" style=\"padding-top:var(--wp--preset--spacing--40);padding-bottom:var(--wp--preset--spacing--40)\">Your gesture can help someone today and shape the system tomorrow.<br>By allocating 1.5% of your tax to the Jewish Association Czulent, you support actions that:<\/p>\n\n\n\n<ul class=\"wp-block-list\">\n<li class=\"has-medium-font-size\">Provide support to people affected by violence.<\/li>\n\n\n\n<li class=\"has-medium-font-size\">Shape public policies to counter hate.<\/li>\n\n\n\n<li class=\"has-medium-font-size\">Enable strategic litigation\u2014court cases that help shape legal standards in Poland.<\/li>\n\n\n\n<li class=\"has-medium-font-size\">Strengthen local communities through professional workshops and education.<\/li>\n<\/ul>\n<\/div>\n<\/div>\n<\/div>\n\n\n\n<div class=\"wp-block-columns is-layout-flex wp-container-core-columns-is-layout-8b43d9a2 wp-block-columns-is-layout-flex\" id=\"wspolpracujznami\" style=\"padding-top:10vh;padding-right:5vw;padding-bottom:5vh;padding-left:5vw\">\n<div class=\"wp-block-column is-layout-flow wp-block-column-is-layout-flow\" style=\"padding-top:5vh;padding-right:0;padding-left:0;flex-basis:30%\">\n<h4 class=\"wp-block-heading has-xx-large-font-size\" style=\"padding-bottom:var(--wp--preset--spacing--30)\">Work<br>with us<\/h4>\n\n\n\n<p class=\"has-medium-font-size\">Change is not only about financial support.<br>It also means giving your time, knowledge, and expertise.<\/p>\n\n\n\n<div style=\"height:100px\" aria-hidden=\"true\" class=\"wp-block-spacer\"><\/div>\n\n\n\n<p class=\"has-medium-font-size\" style=\"padding-top:var(--wp--preset--spacing--20);padding-bottom:var(--wp--preset--spacing--20)\">You are welcome to contact us: <\/p>\n\n\n\n<p>+48 12 200 21 24<\/p>\n\n\n\n<p>office@czulent.pl<\/p>\n<\/div>\n\n\n\n<div class=\"wp-block-column has-global-padding is-layout-constrained wp-container-core-column-is-layout-02c38f29 wp-block-column-is-layout-constrained\" style=\"border-left-width:1px;padding-top:5vh;padding-right:0;padding-bottom:5vh;padding-left:0;flex-basis:70%\">\n<p class=\"has-medium-font-size\">If you share our commitment to an open society and want to make a real impact with your expertise,<br>we invite you to join us and get involved.<\/p>\n\n\n\n<p class=\"has-medium-font-size\" style=\"padding-top:var(--wp--preset--spacing--30);padding-bottom:var(--wp--preset--spacing--30)\">We are looking for individuals who want to support our mission in the following areas:<\/p>\n\n\n\n<div style=\"height:100px\" aria-hidden=\"true\" class=\"wp-block-spacer\"><\/div>\n\n\n\n<div class=\"wp-block-columns is-layout-flex wp-container-core-columns-is-layout-28f84493 wp-block-columns-is-layout-flex\">\n<div class=\"wp-block-column is-layout-flow wp-block-column-is-layout-flow\">\n<p class=\"has-large-font-size\"><strong>Organisational<\/strong><\/p>\n\n\n\n<ul class=\"wp-block-list\">\n<li class=\"has-medium-font-size\">Support with events and educational projects.<\/li>\n<\/ul>\n<\/div>\n\n\n\n<div class=\"wp-block-column is-layout-flow wp-block-column-is-layout-flow\">\n<p class=\"has-large-font-size\"><strong>Communications<\/strong><\/p>\n\n\n\n<ul class=\"wp-block-list\">\n<li class=\"has-medium-font-size\">Copywriting<\/li>\n\n\n\n<li class=\"has-medium-font-size\">social platforms<\/li>\n\n\n\n<li class=\"has-medium-font-size\">translations<\/li>\n<\/ul>\n<\/div>\n\n\n\n<div class=\"wp-block-column is-layout-flow wp-block-column-is-layout-flow\">\n<p class=\"has-large-font-size\"><strong>Expert<\/strong><\/p>\n\n\n\n<ul class=\"wp-block-list\">\n<li class=\"has-medium-font-size\">law<\/li>\n\n\n\n<li class=\"has-medium-font-size\">sociology<\/li>\n\n\n\n<li class=\"has-medium-font-size\">data analysis<\/li>\n\n\n\n<li class=\"has-medium-font-size\">new technologies<\/li>\n<\/ul>\n<\/div>\n<\/div>\n<\/div>\n<\/div>\n\n\n\n<div class=\"wp-block-group has-custom-background-2-background-color has-background has-global-padding is-layout-constrained wp-block-group-is-layout-constrained\">\n<div class=\"wp-block-columns is-layout-flex wp-container-core-columns-is-layout-b439d087 wp-block-columns-is-layout-flex\" style=\"padding-top:5vh;padding-right:5vw;padding-left:5vw\">\n<div class=\"wp-block-column is-layout-flow wp-block-column-is-layout-flow\" style=\"flex-basis:66.66%\">\n<p class=\"has-custom-gray-2-color has-text-color has-link-color has-small-font-size wp-elements-515519257177b8f5f0c2f745f706039e\" style=\"padding-top:var(--wp--preset--spacing--20);padding-bottom:var(--wp--preset--spacing--20)\">Why get involved?<\/p>\n\n\n\n<h4 class=\"wp-block-heading has-large-font-size\">By joining us, you will work in an interdisciplinary team of experts and build the democratic resilience of our society.<\/h4>\n<\/div>\n\n\n\n<div class=\"wp-block-column is-layout-flow wp-block-column-is-layout-flow\" style=\"flex-basis:33.33%\"><\/div>\n<\/div>\n\n\n\n<div class=\"wp-block-columns is-layout-flex wp-container-core-columns-is-layout-8414bcd1 wp-block-columns-is-layout-flex\" style=\"padding-top:5vh;padding-right:5vw;padding-bottom:10vh;padding-left:5vw\">\n<div class=\"wp-block-column is-layout-flow wp-block-column-is-layout-flow\" style=\"flex-basis:66.66%\">\n<p class=\"has-custom-gray-2-color has-text-color has-link-color has-small-font-size wp-elements-b112dfedc79617f24d434354479aee9d\" style=\"padding-top:var(--wp--preset--spacing--20);padding-bottom:var(--wp--preset--spacing--20)\">Why it matters?<\/p>\n\n\n\n<h4 class=\"wp-block-heading has-large-font-size\">Antisemitism and bias-motivated violence do not disappear on their own. They require a systemic<br>response, data, courage, and persistence.<br>Your support gives us independence.<br>Independence enables effective action.<br>Effectiveness leads to real change. <\/h4>\n<\/div>\n\n\n\n<div class=\"wp-block-column is-layout-flow wp-block-column-is-layout-flow\" style=\"flex-basis:33.33%\"><\/div>\n<\/div>\n<\/div>\n\n\n\n<div class=\"wp-block-columns is-layout-flex wp-container-core-columns-is-layout-f6c26274 wp-block-columns-is-layout-flex\" id=\"przekazdotacje\" style=\"padding-top:10vh;padding-right:5vw;padding-bottom:0vh;padding-left:5vw\">\n<div class=\"wp-block-column is-layout-flow wp-block-column-is-layout-flow\" style=\"flex-basis:66.66%\">\n<h4 class=\"wp-block-heading has-large-font-size\" style=\"padding-right:0;padding-left:0\">Make a donation in the way that suits you best<br>\u2014via bank transfer or using the payment methods available below.<\/h4>\n<\/div>\n\n\n\n<div class=\"wp-block-column is-layout-flow wp-block-column-is-layout-flow\" style=\"flex-basis:33.33%\"><\/div>\n<\/div>\n\n\n\n<div class=\"wp-block-columns is-layout-flex wp-container-core-columns-is-layout-e6958aee wp-block-columns-is-layout-flex\" style=\"margin-top:0;margin-bottom:0;padding-top:0;padding-right:5vw;padding-bottom:0;padding-left:5vw\">\n<div class=\"wp-block-column is-layout-flow wp-block-column-is-layout-flow\" style=\"padding-top:var(--wp--preset--spacing--50)\">\n<p class=\"has-large-font-size\"><strong>Bank transfer:<\/strong><\/p>\n\n\n\n<p class=\"has-small-font-size\" style=\"padding-top:var(--wp--preset--spacing--20);padding-bottom:var(--wp--preset--spacing--20)\">Bank transfer details:<\/p>\n\n\n\n<p class=\"has-medium-font-size\">Jewish Association Czulent<br>\u015awi\u0119tego Sebastiana 36\/1<br>31-051 Krak\u00f3w<\/p>\n<\/div>\n\n\n\n<div class=\"wp-block-column is-layout-flow wp-container-core-column-is-layout-5d8e921c wp-block-column-is-layout-flow\" style=\"padding-top:var(--wp--preset--spacing--50)\">\n<p class=\"has-medium-font-size\">BNP Paribas Bank Polska S.A<br>BIC: PPABPLPK<\/p>\n\n\n\n<p class=\"has-medium-font-size\">42 1600 1462 1880 9351 6000 0001 (PLN)<br>58 1600 1462 1880 9351 6000 0004 (EUR)<br>31 1600 1462 1880 9351 6000 0005 (USD)<\/p>\n\n\n\n<p class=\"has-medium-font-size\">Payment reference: <em>Donation for statutory purposes<\/em><\/p>\n<\/div>\n<\/div>\n","protected":false},"excerpt":{"rendered":"<p>Your support strengthens democracy and helps those affected by violence Every donation makes a real difference. We operate independently.Thanks to the support of our donors, we can respond quickly and work towards lasting systemic change. How to donate your 1,5%? It\u2019s simple and only takes a moment: By donating 1.5% of your tax&#8211; you support, [&hellip;]<\/p>\n","protected":false},"author":1,"featured_media":0,"parent":0,"menu_order":0,"comment_status":"closed","ping_status":"closed","template":"","meta":{"footnotes":""},"class_list":["post-7366","page","type-page","status-publish","hentry"],"yoast_head":"<!-- This site is optimized with the Yoast SEO plugin v27.3 - https:\/\/yoast.com\/product\/yoast-seo-wordpress\/ -->\n<title>Support us - \u017bydowskie Stowarzyszenie Czulent<\/title>\n<meta name=\"robots\" content=\"index, follow, max-snippet:-1, max-image-preview:large, max-video-preview:-1\" \/>\n<link rel=\"canonical\" href=\"https:\/\/czulent.pl\/en\/support-us\/\" \/>\n<meta property=\"og:locale\" content=\"en_US\" \/>\n<meta property=\"og:type\" content=\"article\" \/>\n<meta property=\"og:title\" content=\"Support us - \u017bydowskie Stowarzyszenie Czulent\" \/>\n<meta property=\"og:description\" content=\"Your support strengthens democracy and helps those affected by violence Every donation makes a real difference. We operate independently.Thanks to the support of our donors, we can respond quickly and work towards lasting systemic change. How to donate your 1,5%? It\u2019s simple and only takes a moment: By donating 1.5% of your tax&#8211; you support, [&hellip;]\" \/>\n<meta property=\"og:url\" content=\"https:\/\/czulent.pl\/en\/support-us\/\" \/>\n<meta property=\"og:site_name\" content=\"\u017bydowskie Stowarzyszenie Czulent\" \/>\n<meta property=\"article:modified_time\" content=\"2026-04-12T13:27:30+00:00\" \/>\n<meta name=\"twitter:card\" content=\"summary_large_image\" \/>\n<meta name=\"twitter:label1\" content=\"Est. reading time\" \/>\n\t<meta name=\"twitter:data1\" content=\"3 minutes\" \/>\n<script type=\"application\/ld+json\" class=\"yoast-schema-graph\">{\"@context\":\"https:\\\/\\\/schema.org\",\"@graph\":[{\"@type\":\"WebPage\",\"@id\":\"https:\\\/\\\/czulent.pl\\\/en\\\/support-us\\\/\",\"url\":\"https:\\\/\\\/czulent.pl\\\/en\\\/support-us\\\/\",\"name\":\"Support us - \u017bydowskie Stowarzyszenie Czulent\",\"isPartOf\":{\"@id\":\"https:\\\/\\\/czulent.pl\\\/en\\\/#website\"},\"datePublished\":\"2021-09-11T06:19:46+00:00\",\"dateModified\":\"2026-04-12T13:27:30+00:00\",\"breadcrumb\":{\"@id\":\"https:\\\/\\\/czulent.pl\\\/en\\\/support-us\\\/#breadcrumb\"},\"inLanguage\":\"en-US\",\"potentialAction\":[{\"@type\":\"ReadAction\",\"target\":[\"https:\\\/\\\/czulent.pl\\\/en\\\/support-us\\\/\"]}]},{\"@type\":\"BreadcrumbList\",\"@id\":\"https:\\\/\\\/czulent.pl\\\/en\\\/support-us\\\/#breadcrumb\",\"itemListElement\":[{\"@type\":\"ListItem\",\"position\":1,\"name\":\"Strona g\u0142\u00f3wna\",\"item\":\"https:\\\/\\\/czulent.pl\\\/en\\\/\"},{\"@type\":\"ListItem\",\"position\":2,\"name\":\"Support us\"}]},{\"@type\":\"WebSite\",\"@id\":\"https:\\\/\\\/czulent.pl\\\/en\\\/#website\",\"url\":\"https:\\\/\\\/czulent.pl\\\/en\\\/\",\"name\":\"\u017bydowskie Stowarzyszenie Czulent\",\"description\":\"Stowarzyszenie dzia\u0142a poprzez rzecznictwo polityczne, spo\u0142eczne i prawne, oraz budowanie koalicji na rzecz szerzenia tolerancji, kszta\u0142towania postaw otwarto\u015bci ze szczeg\u00f3lnym naciskiem na dzia\u0142ania pot\u0119piaj\u0105ce antysemityzm.\",\"publisher\":{\"@id\":\"https:\\\/\\\/czulent.pl\\\/en\\\/#organization\"},\"potentialAction\":[{\"@type\":\"SearchAction\",\"target\":{\"@type\":\"EntryPoint\",\"urlTemplate\":\"https:\\\/\\\/czulent.pl\\\/en\\\/?s={search_term_string}\"},\"query-input\":{\"@type\":\"PropertyValueSpecification\",\"valueRequired\":true,\"valueName\":\"search_term_string\"}}],\"inLanguage\":\"en-US\"},{\"@type\":\"Organization\",\"@id\":\"https:\\\/\\\/czulent.pl\\\/en\\\/#organization\",\"name\":\"\u017bydowskie Stowarzyszenie Czulent\",\"url\":\"https:\\\/\\\/czulent.pl\\\/en\\\/\",\"logo\":{\"@type\":\"ImageObject\",\"inLanguage\":\"en-US\",\"@id\":\"https:\\\/\\\/czulent.pl\\\/en\\\/#\\\/schema\\\/logo\\\/image\\\/\",\"url\":\"https:\\\/\\\/czulent.pl\\\/wp-content\\\/uploads\\\/2021\\\/08\\\/czulent-logo-pl.png\",\"contentUrl\":\"https:\\\/\\\/czulent.pl\\\/wp-content\\\/uploads\\\/2021\\\/08\\\/czulent-logo-pl.png\",\"width\":178,\"height\":76,\"caption\":\"\u017bydowskie Stowarzyszenie Czulent\"},\"image\":{\"@id\":\"https:\\\/\\\/czulent.pl\\\/en\\\/#\\\/schema\\\/logo\\\/image\\\/\"}}]}<\/script>\n<!-- \/ Yoast SEO plugin. -->","yoast_head_json":{"title":"Support us - \u017bydowskie Stowarzyszenie Czulent","robots":{"index":"index","follow":"follow","max-snippet":"max-snippet:-1","max-image-preview":"max-image-preview:large","max-video-preview":"max-video-preview:-1"},"canonical":"https:\/\/czulent.pl\/en\/support-us\/","og_locale":"en_US","og_type":"article","og_title":"Support us - \u017bydowskie Stowarzyszenie Czulent","og_description":"Your support strengthens democracy and helps those affected by violence Every donation makes a real difference. We operate independently.Thanks to the support of our donors, we can respond quickly and work towards lasting systemic change. How to donate your 1,5%? It\u2019s simple and only takes a moment: By donating 1.5% of your tax&#8211; you support, [&hellip;]","og_url":"https:\/\/czulent.pl\/en\/support-us\/","og_site_name":"\u017bydowskie Stowarzyszenie Czulent","article_modified_time":"2026-04-12T13:27:30+00:00","twitter_card":"summary_large_image","twitter_misc":{"Est. reading time":"3 minutes"},"schema":{"@context":"https:\/\/schema.org","@graph":[{"@type":"WebPage","@id":"https:\/\/czulent.pl\/en\/support-us\/","url":"https:\/\/czulent.pl\/en\/support-us\/","name":"Support us - \u017bydowskie Stowarzyszenie Czulent","isPartOf":{"@id":"https:\/\/czulent.pl\/en\/#website"},"datePublished":"2021-09-11T06:19:46+00:00","dateModified":"2026-04-12T13:27:30+00:00","breadcrumb":{"@id":"https:\/\/czulent.pl\/en\/support-us\/#breadcrumb"},"inLanguage":"en-US","potentialAction":[{"@type":"ReadAction","target":["https:\/\/czulent.pl\/en\/support-us\/"]}]},{"@type":"BreadcrumbList","@id":"https:\/\/czulent.pl\/en\/support-us\/#breadcrumb","itemListElement":[{"@type":"ListItem","position":1,"name":"Strona g\u0142\u00f3wna","item":"https:\/\/czulent.pl\/en\/"},{"@type":"ListItem","position":2,"name":"Support us"}]},{"@type":"WebSite","@id":"https:\/\/czulent.pl\/en\/#website","url":"https:\/\/czulent.pl\/en\/","name":"\u017bydowskie Stowarzyszenie Czulent","description":"Stowarzyszenie dzia\u0142a poprzez rzecznictwo polityczne, spo\u0142eczne i prawne, oraz budowanie koalicji na rzecz szerzenia tolerancji, kszta\u0142towania postaw otwarto\u015bci ze szczeg\u00f3lnym naciskiem na dzia\u0142ania pot\u0119piaj\u0105ce antysemityzm.","publisher":{"@id":"https:\/\/czulent.pl\/en\/#organization"},"potentialAction":[{"@type":"SearchAction","target":{"@type":"EntryPoint","urlTemplate":"https:\/\/czulent.pl\/en\/?s={search_term_string}"},"query-input":{"@type":"PropertyValueSpecification","valueRequired":true,"valueName":"search_term_string"}}],"inLanguage":"en-US"},{"@type":"Organization","@id":"https:\/\/czulent.pl\/en\/#organization","name":"\u017bydowskie Stowarzyszenie Czulent","url":"https:\/\/czulent.pl\/en\/","logo":{"@type":"ImageObject","inLanguage":"en-US","@id":"https:\/\/czulent.pl\/en\/#\/schema\/logo\/image\/","url":"https:\/\/czulent.pl\/wp-content\/uploads\/2021\/08\/czulent-logo-pl.png","contentUrl":"https:\/\/czulent.pl\/wp-content\/uploads\/2021\/08\/czulent-logo-pl.png","width":178,"height":76,"caption":"\u017bydowskie Stowarzyszenie Czulent"},"image":{"@id":"https:\/\/czulent.pl\/en\/#\/schema\/logo\/image\/"}}]}},"_links":{"self":[{"href":"https:\/\/czulent.pl\/en\/wp-json\/wp\/v2\/pages\/7366","targetHints":{"allow":["GET"]}}],"collection":[{"href":"https:\/\/czulent.pl\/en\/wp-json\/wp\/v2\/pages"}],"about":[{"href":"https:\/\/czulent.pl\/en\/wp-json\/wp\/v2\/types\/page"}],"author":[{"embeddable":true,"href":"https:\/\/czulent.pl\/en\/wp-json\/wp\/v2\/users\/1"}],"replies":[{"embeddable":true,"href":"https:\/\/czulent.pl\/en\/wp-json\/wp\/v2\/comments?post=7366"}],"version-history":[{"count":8,"href":"https:\/\/czulent.pl\/en\/wp-json\/wp\/v2\/pages\/7366\/revisions"}],"predecessor-version":[{"id":8332,"href":"https:\/\/czulent.pl\/en\/wp-json\/wp\/v2\/pages\/7366\/revisions\/8332"}],"wp:attachment":[{"href":"https:\/\/czulent.pl\/en\/wp-json\/wp\/v2\/media?parent=7366"}],"curies":[{"name":"wp","href":"https:\/\/api.w.org\/{rel}","templated":true}]}}