{"id":7371,"date":"2021-09-25T20:07:27","date_gmt":"2021-09-25T18:07:27","guid":{"rendered":"https:\/\/czulent.pl\/our-team\/"},"modified":"2026-04-12T15:13:56","modified_gmt":"2026-04-12T13:13:56","slug":"our-team","status":"publish","type":"page","link":"https:\/\/czulent.pl\/en\/our-team\/","title":{"rendered":"Our Team"},"content":{"rendered":"\n<div class=\"wp-block-columns is-layout-flex wp-container-core-columns-is-layout-c083321c wp-block-columns-is-layout-flex\" style=\"padding-top:0;padding-right:5vw;padding-bottom:10vh;padding-left:5vw\">\n<div class=\"wp-block-column is-layout-flow wp-block-column-is-layout-flow\" style=\"flex-basis:50%\">\n<h3 class=\"wp-block-heading has-x-large-font-size\">Our team brings together experts who drive change through knowledge and years of experience.<\/h3>\n<\/div>\n\n\n\n<div class=\"wp-block-column is-layout-flow wp-block-column-is-layout-flow\" style=\"flex-basis:50%\">\n<p class=\"has-medium-font-size wp-container-content-0733e5d0\">In our team, professionalism always goes hand in hand with empathy. As specialists committed to our mission, we bring diverse experiences that enable us to approach systemic challenges from multiple perspectives. This attentiveness to people is the foundation of our work for change.  <\/p>\n<\/div>\n<\/div>\n\n\n\n<div class=\"wp-block-group has-global-padding is-layout-constrained wp-block-group-is-layout-constrained\">\n<div class=\"wp-block-columns is-layout-flex wp-container-core-columns-is-layout-28f84493 wp-block-columns-is-layout-flex\" style=\"border-bottom-width:1px\">\n<div class=\"wp-block-column is-layout-flow wp-block-column-is-layout-flow\" style=\"padding-top:5vh;padding-right:5vw;padding-bottom:var(--wp--preset--spacing--20);padding-left:5vw\">\n<h4 class=\"wp-block-heading has-large-font-size\">Team<\/h4>\n<\/div>\n<\/div>\n\n\n\n<div class=\"wp-block-columns is-layout-flex wp-container-core-columns-is-layout-2e6b245d wp-block-columns-is-layout-flex\" style=\"padding-top:var(--wp--preset--spacing--40);padding-right:5vw;padding-bottom:var(--wp--preset--spacing--40);padding-left:5vw\">\n<div class=\"wp-block-column is-layout-flow wp-block-column-is-layout-flow\">\n<p class=\"has-medium-font-size\"><strong>Piotr Kwapisiewicz<\/strong><\/p>\n\n\n\n<p class=\"has-small-font-size\" style=\"margin-top:0;margin-bottom:0;padding-top:0;padding-bottom:0\">President of the Board<\/p>\n\n\n\n<p class=\"has-medium-font-size\" style=\"padding-top:var(--wp--preset--spacing--30)\">Social activist in the fields of advocacy, civic participation, and combating antisemitism, hate speech, hate crimes, and other forms of discrimination. Fellow of the Program for Minorities implemented by the United Nations High Commissioner for Human Rights (OHCHR) in Geneva.<\/p>\n<\/div>\n\n\n\n<div class=\"wp-block-column is-layout-flow wp-block-column-is-layout-flow\">\n<p class=\"has-medium-font-size\"><strong>Anna Zieli\u0144ska<\/strong><\/p>\n\n\n\n<p class=\"has-small-font-size\" style=\"margin-top:0;margin-bottom:0\">Board Member &#8211; Secretary<\/p>\n\n\n\n<p class=\"has-medium-font-size\" style=\"padding-top:var(--wp--preset--spacing--30)\">Law graduate, expert on addressing antisemitism, Jewish community activist.  She served as Adviser on Combating Antisemitism at the Office for Democratic Institutions and Human Rights (OSCE\/ODIHR). She has cooperated with the American Jewish Committee (AJC), AIPAC, and the International Holocaust Remembrance Alliance (IHRA). <\/p>\n<\/div>\n<\/div>\n\n\n\n<div class=\"wp-block-columns is-layout-flex wp-container-core-columns-is-layout-76ccbcd5 wp-block-columns-is-layout-flex\" style=\"padding-top:var(--wp--preset--spacing--40);padding-right:5vw;padding-bottom:var(--wp--preset--spacing--40);padding-left:5vw\">\n<div class=\"wp-block-column is-layout-flow wp-block-column-is-layout-flow\">\n<p><\/p>\n<\/div>\n\n\n\n<div class=\"wp-block-column is-layout-flow wp-block-column-is-layout-flow\">\n<p class=\"has-medium-font-size\"><strong>Anna Chipczy\u0144ska<\/strong><\/p>\n\n\n\n<p class=\"has-small-font-size\" style=\"margin-top:0;margin-bottom:0\">Board Member &#8211; Treasurer<\/p>\n\n\n\n<p class=\"has-medium-font-size\" style=\"padding-top:var(--wp--preset--spacing--30)\">Activist in the Polish Jewish community. Chair of the Board of the Jewish Community of Warsaw from 2014 to 2018. Previously professionally associated with the World Jewish Congress as well as the Office for Democratic Institutions and Human Rights (OSCE\/ODIHR). She has many years of experience in the non-profit sector, organisational management, and the implementation of national and international projects.   <\/p>\n<\/div>\n<\/div>\n\n\n\n<div class=\"wp-block-columns is-layout-flex wp-container-core-columns-is-layout-76ccbcd5 wp-block-columns-is-layout-flex\" style=\"padding-top:var(--wp--preset--spacing--40);padding-right:5vw;padding-bottom:var(--wp--preset--spacing--40);padding-left:5vw\">\n<div class=\"wp-block-column is-layout-flow wp-block-column-is-layout-flow\">\n<p class=\"has-medium-font-size\"><strong>Joanna Grabarczyk &#8211; Anders<\/strong><\/p>\n\n\n\n<p class=\"has-small-font-size\" style=\"margin-top:0;margin-bottom:0\">Expert on bias-motivated crimes and strategic litigation <\/p>\n\n\n\n<p class=\"has-medium-font-size\" style=\"padding-top:var(--wp--preset--spacing--30)\">Member of the Advisory Team on Combating Hate Speech and Bias-Motivated Crimes to the Prosecutor General. She specializes in the analysis of online hate speech and provides training for police officers, legal professionals, and social organizations.  <\/p>\n<\/div>\n\n\n\n<div class=\"wp-block-column is-layout-flow wp-block-column-is-layout-flow\">\n<p class=\"has-medium-font-size\"><strong>Miko\u0142aj H. Winiewski, PhD<\/strong><\/p>\n\n\n\n<p class=\"has-small-font-size\" style=\"margin-top:0;margin-bottom:0\">Consultant in research methodology and the analysis of social phenomena.<\/p>\n\n\n\n<p class=\"has-medium-font-size\" style=\"padding-top:var(--wp--preset--spacing--30);padding-bottom:0\">Social psychologist, Assistant Professor at the Centre for Research on Prejudice (Faculty of Psychology, University of Warsaw), and Affiliate Assistant Professor at the University of Delaware. Member of the Robert Zajonc Institute for Social Studies at the University of Warsaw. He\/She collaborates on research projects with governmental and non-governmental organizations aimed at diagnosing prejudice. <\/p>\n<\/div>\n<\/div>\n\n\n\n<div class=\"wp-block-columns is-layout-flex wp-container-core-columns-is-layout-76ccbcd5 wp-block-columns-is-layout-flex\" style=\"padding-top:var(--wp--preset--spacing--40);padding-right:5vw;padding-bottom:var(--wp--preset--spacing--40);padding-left:5vw\">\n<div class=\"wp-block-column is-layout-flow wp-block-column-is-layout-flow\">\n<p><\/p>\n<\/div>\n\n\n\n<div class=\"wp-block-column is-layout-flow wp-block-column-is-layout-flow\">\n<p class=\"has-medium-font-size\"><strong>Martyna Gr\u0105dzka-Rejak, PhD<\/strong><\/p>\n\n\n\n<p class=\"has-small-font-size\" style=\"margin-top:0;margin-bottom:0\">Consultant on Holocaust history and education <\/p>\n\n\n\n<p class=\"has-medium-font-size\" style=\"padding-top:var(--wp--preset--spacing--30)\">Historian, Judaist, and educator. Head of the Research Department at the Warsaw Ghetto Museum and historian at the Historical Research Office of the Institute of National Remembrance (IPN). She specialises in the history of the Holocaust, social history, and everyday life, with a particular focus on the experiences of women and families, as well as Jewish survival strategies during the war.<br>A recipient of a scholarship from the Foundation for Polish Science and a finalist of the Polityka Historical Award, she is the author of numerous academic and popular science articles and books, including Jewish Women in Occupied Krak\u00f3w (1939\u20131945). She is also co-author (with Jan Olaszek) of Holocaust, Memory, and Samizdat: The Extermination of Jews and Polish-Jewish Relations under Occupation in Underground Publications in the PRL, and co-editor of The Jewish Family 1939\u20131945: Selected Issues.<br>She is currently working with Dr Alicja Jarkowska on a monograph on the Krak\u00f3w ghetto.       <\/p>\n<\/div>\n<\/div>\n<\/div>\n\n\n\n<div class=\"wp-block-group has-global-padding is-layout-constrained wp-block-group-is-layout-constrained\">\n<div class=\"wp-block-columns is-layout-flex wp-container-core-columns-is-layout-28f84493 wp-block-columns-is-layout-flex\" style=\"border-bottom-width:1px\">\n<div class=\"wp-block-column is-layout-flow wp-block-column-is-layout-flow\" style=\"padding-top:10vh;padding-right:5vw;padding-bottom:var(--wp--preset--spacing--20);padding-left:5vw\">\n<h4 class=\"wp-block-heading has-large-font-size\">Legal consultations and criminal proceedings<\/h4>\n<\/div>\n<\/div>\n\n\n\n<div class=\"wp-block-columns is-layout-flex wp-container-core-columns-is-layout-a1ca81da wp-block-columns-is-layout-flex\" style=\"padding-top:var(--wp--preset--spacing--30);padding-right:5vw;padding-bottom:var(--wp--preset--spacing--30);padding-left:5vw\">\n<div class=\"wp-block-column is-layout-flow wp-block-column-is-layout-flow\">\n<p class=\"has-custom-gray-2-color has-text-color has-link-color has-medium-font-size wp-elements-9c4d9d78fee8d09dd14ea2754e2e59fe\">In the area of bias-motivated crimes<br>and the protection of minority rights.<\/p>\n<\/div>\n\n\n\n<div class=\"wp-block-column is-layout-flow wp-block-column-is-layout-flow\">\n<p class=\"has-medium-font-size\"><strong>Patrycja Dylu\u015b-Borcz, Advocate<br>Szymon Filek, Advocate<br>Pawe\u0142 Knut, Advocate<br>Artur Kula, Advocate<br>Advocate     Tomasz Plaszczyk<\/strong><\/p>\n<\/div>\n<\/div>\n<\/div>\n\n\n\n<div class=\"wp-block-group has-global-padding is-layout-constrained wp-block-group-is-layout-constrained\" style=\"padding-bottom:10vh\">\n<div class=\"wp-block-columns is-layout-flex wp-container-core-columns-is-layout-28f84493 wp-block-columns-is-layout-flex\" style=\"border-bottom-width:1px\">\n<div class=\"wp-block-column is-layout-flow wp-block-column-is-layout-flow\" style=\"padding-top:10vh;padding-right:5vw;padding-bottom:var(--wp--preset--spacing--20);padding-left:5vw\">\n<h4 class=\"wp-block-heading has-large-font-size\">Strategic litigation<\/h4>\n<\/div>\n<\/div>\n\n\n\n<div class=\"wp-block-columns is-layout-flex wp-container-core-columns-is-layout-a1ca81da wp-block-columns-is-layout-flex\" style=\"padding-top:var(--wp--preset--spacing--30);padding-right:5vw;padding-bottom:var(--wp--preset--spacing--30);padding-left:5vw\">\n<div class=\"wp-block-column is-layout-flow wp-block-column-is-layout-flow\">\n<p class=\"has-custom-gray-2-color has-text-color has-link-color has-medium-font-size wp-elements-fac4b01166418c13736c8845eb4727c0\">Aimed at strengthening the legal protection of groups vulnerable to discrimination\u2014both before national and international bodies.<\/p>\n<\/div>\n\n\n\n<div class=\"wp-block-column is-layout-flow wp-block-column-is-layout-flow\">\n<p class=\"has-medium-font-size\"><strong>KMA Law Firm (Advocates and Legal Counsels)<\/strong><\/p>\n<\/div>\n<\/div>\n<\/div>\n\n\n\n<div class=\"wp-block-group poznaj-nas-menu has-custom-background-2-background-color has-background has-global-padding is-layout-constrained wp-block-group-is-layout-constrained\" style=\"padding-bottom:10vh\">\n<div class=\"wp-block-columns is-layout-flex wp-container-core-columns-is-layout-28f84493 wp-block-columns-is-layout-flex\" style=\"border-bottom-width:1px\">\n<div class=\"wp-block-column is-layout-flow wp-block-column-is-layout-flow\" style=\"padding-top:10vh;padding-right:5vw;padding-bottom:var(--wp--preset--spacing--20);padding-left:5vw\">\n<h4 class=\"wp-block-heading has-large-font-size\">Get to know us<\/h4>\n<\/div>\n<\/div>\n\n\n\n<div class=\"wp-block-columns is-layout-flex wp-container-core-columns-is-layout-a1ca81da wp-block-columns-is-layout-flex\" style=\"padding-top:var(--wp--preset--spacing--30);padding-right:5vw;padding-bottom:var(--wp--preset--spacing--30);padding-left:5vw\">\n<div class=\"wp-block-column is-layout-flow wp-block-column-is-layout-flow\">\n<div class=\"wp-block-buttons is-layout-flex wp-block-buttons-is-layout-flex\">\n<div class=\"wp-block-button is-style-outline is-style-outline--1\"><a class=\"wp-block-button__link has-xx-large-font-size has-custom-font-size wp-element-button\" href=\"https:\/\/czulent.pl\/en\/about-us-why-we-act\/\" style=\"border-style:none;border-width:0px\">About us \u2013 why we act<\/a><\/div>\n<\/div>\n\n\n\n<div class=\"wp-block-buttons is-layout-flex wp-block-buttons-is-layout-flex\">\n<div class=\"wp-block-button is-style-outline is-style-outline--2\"><a class=\"wp-block-button__link has-xx-large-font-size has-custom-font-size wp-element-button\" href=\"https:\/\/czulent.pl\/en\/our-history\/\" style=\"border-style:none;border-width:0px\">Our history<\/a><\/div>\n<\/div>\n\n\n\n<div class=\"wp-block-buttons is-layout-flex wp-block-buttons-is-layout-flex\">\n<div class=\"wp-block-button is-style-outline is-style-outline--3\"><a class=\"wp-block-button__link has-xx-large-font-size has-custom-font-size wp-element-button\" href=\"https:\/\/czulent.pl\/en\/our-team\/\" style=\"border-style:none;border-width:0px\">Team<\/a><\/div>\n<\/div>\n\n\n\n<div class=\"wp-block-buttons is-layout-flex wp-block-buttons-is-layout-flex\">\n<div class=\"wp-block-button is-style-outline is-style-outline--4\"><a class=\"wp-block-button__link has-xx-large-font-size has-custom-font-size wp-element-button\" href=\"https:\/\/czulent.pl\/en\/funding-and-donors\/\" style=\"border-style:none;border-width:0px\">Funding and Donors<\/a><\/div>\n<\/div>\n\n\n\n<div class=\"wp-block-buttons is-layout-flex wp-block-buttons-is-layout-flex\">\n<div class=\"wp-block-button is-style-outline is-style-outline--5\"><a class=\"wp-block-button__link has-xx-large-font-size has-custom-font-size wp-element-button\" href=\"https:\/\/czulent.pl\/en\/reports-and-financials\/\" style=\"border-style:none;border-width:0px\">Reports and Financials<\/a><\/div>\n<\/div>\n\n\n\n<div class=\"wp-block-buttons is-layout-flex wp-block-buttons-is-layout-flex\">\n<div class=\"wp-block-button is-style-outline is-style-outline--6\"><a class=\"wp-block-button__link has-xx-large-font-size has-custom-font-size wp-element-button\" href=\"https:\/\/czulent.pl\/en\/partners\/\" style=\"border-style:none;border-width:0px\">Partners and coalitions<\/a><\/div>\n<\/div>\n<\/div>\n<\/div>\n<\/div>\n","protected":false},"excerpt":{"rendered":"<p>Our team brings together experts who drive change through knowledge and years of experience. In our team, professionalism always goes hand in hand with empathy. As specialists committed to our mission, we bring diverse experiences that enable us to approach systemic challenges from multiple perspectives. This attentiveness to people is the foundation of our work [&hellip;]<\/p>\n","protected":false},"author":1,"featured_media":0,"parent":0,"menu_order":0,"comment_status":"closed","ping_status":"closed","template":"","meta":{"footnotes":""},"class_list":["post-7371","page","type-page","status-publish","hentry"],"yoast_head":"<!-- This site is optimized with the Yoast SEO plugin v27.3 - https:\/\/yoast.com\/product\/yoast-seo-wordpress\/ -->\n<title>Our Team - \u017bydowskie Stowarzyszenie Czulent<\/title>\n<meta name=\"robots\" content=\"index, follow, max-snippet:-1, max-image-preview:large, max-video-preview:-1\" \/>\n<link rel=\"canonical\" href=\"https:\/\/czulent.pl\/en\/our-team\/\" \/>\n<meta property=\"og:locale\" content=\"en_US\" \/>\n<meta property=\"og:type\" content=\"article\" \/>\n<meta property=\"og:title\" content=\"Our Team - \u017bydowskie Stowarzyszenie Czulent\" \/>\n<meta property=\"og:description\" content=\"Our team brings together experts who drive change through knowledge and years of experience. In our team, professionalism always goes hand in hand with empathy. As specialists committed to our mission, we bring diverse experiences that enable us to approach systemic challenges from multiple perspectives. This attentiveness to people is the foundation of our work [&hellip;]\" \/>\n<meta property=\"og:url\" content=\"https:\/\/czulent.pl\/en\/our-team\/\" \/>\n<meta property=\"og:site_name\" content=\"\u017bydowskie Stowarzyszenie Czulent\" \/>\n<meta property=\"article:modified_time\" content=\"2026-04-12T13:13:56+00:00\" \/>\n<meta name=\"twitter:card\" content=\"summary_large_image\" \/>\n<meta name=\"twitter:label1\" content=\"Est. reading time\" \/>\n\t<meta name=\"twitter:data1\" content=\"4 minutes\" \/>\n<script type=\"application\/ld+json\" class=\"yoast-schema-graph\">{\"@context\":\"https:\\\/\\\/schema.org\",\"@graph\":[{\"@type\":\"WebPage\",\"@id\":\"https:\\\/\\\/czulent.pl\\\/en\\\/our-team\\\/\",\"url\":\"https:\\\/\\\/czulent.pl\\\/en\\\/our-team\\\/\",\"name\":\"Our Team - \u017bydowskie Stowarzyszenie Czulent\",\"isPartOf\":{\"@id\":\"https:\\\/\\\/czulent.pl\\\/en\\\/#website\"},\"datePublished\":\"2021-09-25T18:07:27+00:00\",\"dateModified\":\"2026-04-12T13:13:56+00:00\",\"breadcrumb\":{\"@id\":\"https:\\\/\\\/czulent.pl\\\/en\\\/our-team\\\/#breadcrumb\"},\"inLanguage\":\"en-US\",\"potentialAction\":[{\"@type\":\"ReadAction\",\"target\":[\"https:\\\/\\\/czulent.pl\\\/en\\\/our-team\\\/\"]}]},{\"@type\":\"BreadcrumbList\",\"@id\":\"https:\\\/\\\/czulent.pl\\\/en\\\/our-team\\\/#breadcrumb\",\"itemListElement\":[{\"@type\":\"ListItem\",\"position\":1,\"name\":\"Strona g\u0142\u00f3wna\",\"item\":\"https:\\\/\\\/czulent.pl\\\/en\\\/\"},{\"@type\":\"ListItem\",\"position\":2,\"name\":\"Our Team\"}]},{\"@type\":\"WebSite\",\"@id\":\"https:\\\/\\\/czulent.pl\\\/en\\\/#website\",\"url\":\"https:\\\/\\\/czulent.pl\\\/en\\\/\",\"name\":\"\u017bydowskie Stowarzyszenie Czulent\",\"description\":\"Stowarzyszenie dzia\u0142a poprzez rzecznictwo polityczne, spo\u0142eczne i prawne, oraz budowanie koalicji na rzecz szerzenia tolerancji, kszta\u0142towania postaw otwarto\u015bci ze szczeg\u00f3lnym naciskiem na dzia\u0142ania pot\u0119piaj\u0105ce antysemityzm.\",\"publisher\":{\"@id\":\"https:\\\/\\\/czulent.pl\\\/en\\\/#organization\"},\"potentialAction\":[{\"@type\":\"SearchAction\",\"target\":{\"@type\":\"EntryPoint\",\"urlTemplate\":\"https:\\\/\\\/czulent.pl\\\/en\\\/?s={search_term_string}\"},\"query-input\":{\"@type\":\"PropertyValueSpecification\",\"valueRequired\":true,\"valueName\":\"search_term_string\"}}],\"inLanguage\":\"en-US\"},{\"@type\":\"Organization\",\"@id\":\"https:\\\/\\\/czulent.pl\\\/en\\\/#organization\",\"name\":\"\u017bydowskie Stowarzyszenie Czulent\",\"url\":\"https:\\\/\\\/czulent.pl\\\/en\\\/\",\"logo\":{\"@type\":\"ImageObject\",\"inLanguage\":\"en-US\",\"@id\":\"https:\\\/\\\/czulent.pl\\\/en\\\/#\\\/schema\\\/logo\\\/image\\\/\",\"url\":\"https:\\\/\\\/czulent.pl\\\/wp-content\\\/uploads\\\/2021\\\/08\\\/czulent-logo-pl.png\",\"contentUrl\":\"https:\\\/\\\/czulent.pl\\\/wp-content\\\/uploads\\\/2021\\\/08\\\/czulent-logo-pl.png\",\"width\":178,\"height\":76,\"caption\":\"\u017bydowskie Stowarzyszenie Czulent\"},\"image\":{\"@id\":\"https:\\\/\\\/czulent.pl\\\/en\\\/#\\\/schema\\\/logo\\\/image\\\/\"}}]}<\/script>\n<!-- \/ Yoast SEO plugin. -->","yoast_head_json":{"title":"Our Team - \u017bydowskie Stowarzyszenie Czulent","robots":{"index":"index","follow":"follow","max-snippet":"max-snippet:-1","max-image-preview":"max-image-preview:large","max-video-preview":"max-video-preview:-1"},"canonical":"https:\/\/czulent.pl\/en\/our-team\/","og_locale":"en_US","og_type":"article","og_title":"Our Team - \u017bydowskie Stowarzyszenie Czulent","og_description":"Our team brings together experts who drive change through knowledge and years of experience. In our team, professionalism always goes hand in hand with empathy. As specialists committed to our mission, we bring diverse experiences that enable us to approach systemic challenges from multiple perspectives. This attentiveness to people is the foundation of our work [&hellip;]","og_url":"https:\/\/czulent.pl\/en\/our-team\/","og_site_name":"\u017bydowskie Stowarzyszenie Czulent","article_modified_time":"2026-04-12T13:13:56+00:00","twitter_card":"summary_large_image","twitter_misc":{"Est. reading time":"4 minutes"},"schema":{"@context":"https:\/\/schema.org","@graph":[{"@type":"WebPage","@id":"https:\/\/czulent.pl\/en\/our-team\/","url":"https:\/\/czulent.pl\/en\/our-team\/","name":"Our Team - \u017bydowskie Stowarzyszenie Czulent","isPartOf":{"@id":"https:\/\/czulent.pl\/en\/#website"},"datePublished":"2021-09-25T18:07:27+00:00","dateModified":"2026-04-12T13:13:56+00:00","breadcrumb":{"@id":"https:\/\/czulent.pl\/en\/our-team\/#breadcrumb"},"inLanguage":"en-US","potentialAction":[{"@type":"ReadAction","target":["https:\/\/czulent.pl\/en\/our-team\/"]}]},{"@type":"BreadcrumbList","@id":"https:\/\/czulent.pl\/en\/our-team\/#breadcrumb","itemListElement":[{"@type":"ListItem","position":1,"name":"Strona g\u0142\u00f3wna","item":"https:\/\/czulent.pl\/en\/"},{"@type":"ListItem","position":2,"name":"Our Team"}]},{"@type":"WebSite","@id":"https:\/\/czulent.pl\/en\/#website","url":"https:\/\/czulent.pl\/en\/","name":"\u017bydowskie Stowarzyszenie Czulent","description":"Stowarzyszenie dzia\u0142a poprzez rzecznictwo polityczne, spo\u0142eczne i prawne, oraz budowanie koalicji na rzecz szerzenia tolerancji, kszta\u0142towania postaw otwarto\u015bci ze szczeg\u00f3lnym naciskiem na dzia\u0142ania pot\u0119piaj\u0105ce antysemityzm.","publisher":{"@id":"https:\/\/czulent.pl\/en\/#organization"},"potentialAction":[{"@type":"SearchAction","target":{"@type":"EntryPoint","urlTemplate":"https:\/\/czulent.pl\/en\/?s={search_term_string}"},"query-input":{"@type":"PropertyValueSpecification","valueRequired":true,"valueName":"search_term_string"}}],"inLanguage":"en-US"},{"@type":"Organization","@id":"https:\/\/czulent.pl\/en\/#organization","name":"\u017bydowskie Stowarzyszenie Czulent","url":"https:\/\/czulent.pl\/en\/","logo":{"@type":"ImageObject","inLanguage":"en-US","@id":"https:\/\/czulent.pl\/en\/#\/schema\/logo\/image\/","url":"https:\/\/czulent.pl\/wp-content\/uploads\/2021\/08\/czulent-logo-pl.png","contentUrl":"https:\/\/czulent.pl\/wp-content\/uploads\/2021\/08\/czulent-logo-pl.png","width":178,"height":76,"caption":"\u017bydowskie Stowarzyszenie Czulent"},"image":{"@id":"https:\/\/czulent.pl\/en\/#\/schema\/logo\/image\/"}}]}},"_links":{"self":[{"href":"https:\/\/czulent.pl\/en\/wp-json\/wp\/v2\/pages\/7371","targetHints":{"allow":["GET"]}}],"collection":[{"href":"https:\/\/czulent.pl\/en\/wp-json\/wp\/v2\/pages"}],"about":[{"href":"https:\/\/czulent.pl\/en\/wp-json\/wp\/v2\/types\/page"}],"author":[{"embeddable":true,"href":"https:\/\/czulent.pl\/en\/wp-json\/wp\/v2\/users\/1"}],"replies":[{"embeddable":true,"href":"https:\/\/czulent.pl\/en\/wp-json\/wp\/v2\/comments?post=7371"}],"version-history":[{"count":4,"href":"https:\/\/czulent.pl\/en\/wp-json\/wp\/v2\/pages\/7371\/revisions"}],"predecessor-version":[{"id":8323,"href":"https:\/\/czulent.pl\/en\/wp-json\/wp\/v2\/pages\/7371\/revisions\/8323"}],"wp:attachment":[{"href":"https:\/\/czulent.pl\/en\/wp-json\/wp\/v2\/media?parent=7371"}],"curies":[{"name":"wp","href":"https:\/\/api.w.org\/{rel}","templated":true}]}}